{"id":9,"date":"2021-12-10T16:25:12","date_gmt":"2021-12-10T15:25:12","guid":{"rendered":"http:\/\/www.reveeveille.net\/musiqueverte\/?page_id=9"},"modified":"2021-12-10T16:25:13","modified_gmt":"2021-12-10T15:25:13","slug":"techniques","status":"publish","type":"page","link":"https:\/\/www.reveeveille.net\/musiqueverte\/techniques\/","title":{"rendered":"Techniques"},"content":{"rendered":"\n<p>Les \u00ab\u00a0techniques\u00a0\u00bb, ce sont tous ces petits savoirs et savoir-faire bien utiles pour fabriquer un instrument de musique verte. Je les ai collect\u00e9s aupr\u00e8s de ceux qui les ont pratiqu\u00e9es depuis toujours, j&rsquo;en ai invent\u00e9s certaines, elles valent ce qu&rsquo;elles valent, j&rsquo;ai aussi parfois fait appel \u00e0 mes \u00e9tudes de physique pour rechercher les lois math\u00e9matiques qui se cachent derri\u00e8re certains ph\u00e9nom\u00e8nes&#8230;<\/p>\n\n\n<div class=\"pt-cv-wrapper\"><div class=\"pt-cv-view pt-cv-grid pt-cv-colsys\" id=\"pt-cv-view-6ef80bb237\"><div data-id=\"pt-cv-page-1\" class=\"pt-cv-page\" data-cvc=\"2\"><div class=\"col-md-6 col-sm-6 col-xs-12 pt-cv-content-item pt-cv-1-col\" ><div class='pt-cv-ifield'><a href=\"https:\/\/www.reveeveille.net\/musiqueverte\/couper-et-poncer-une-tige-creuse\/\" class=\"_self pt-cv-href-thumbnail pt-cv-thumb-default\" target=\"_self\" ><img loading=\"lazy\" decoding=\"async\" width=\"300\" height=\"272\" src=\"https:\/\/www.reveeveille.net\/musiqueverte\/wp-content\/uploads\/20090508_musique_verte_runes_67-300x272.jpg\" class=\"pt-cv-thumbnail\" alt=\"\" srcset=\"https:\/\/www.reveeveille.net\/musiqueverte\/wp-content\/uploads\/20090508_musique_verte_runes_67-300x272.jpg 300w, https:\/\/www.reveeveille.net\/musiqueverte\/wp-content\/uploads\/20090508_musique_verte_runes_67-1024x929.jpg 1024w, https:\/\/www.reveeveille.net\/musiqueverte\/wp-content\/uploads\/20090508_musique_verte_runes_67-768x697.jpg 768w, https:\/\/www.reveeveille.net\/musiqueverte\/wp-content\/uploads\/20090508_musique_verte_runes_67.jpg 1350w\" sizes=\"(max-width: 300px) 100vw, 300px\" \/><\/a>\n<h4 class=\"pt-cv-title\"><a href=\"https:\/\/www.reveeveille.net\/musiqueverte\/couper-et-poncer-une-tige-creuse\/\" class=\"_self\" target=\"_self\" >Couper et poncer une tige creuse<\/a><\/h4><\/div><\/div>\n<div class=\"col-md-6 col-sm-6 col-xs-12 pt-cv-content-item pt-cv-1-col\" ><div class='pt-cv-ifield'><a href=\"https:\/\/www.reveeveille.net\/musiqueverte\/fabriquer-sa-ficelle-a-partir-de-plantes\/\" class=\"_self pt-cv-href-thumbnail pt-cv-thumb-default\" target=\"_self\" ><img loading=\"lazy\" decoding=\"async\" width=\"300\" height=\"150\" src=\"https:\/\/www.reveeveille.net\/musiqueverte\/wp-content\/uploads\/19000103_illustrations_musique_verte_80-300x150.jpg\" class=\"pt-cv-thumbnail\" alt=\"\" srcset=\"https:\/\/www.reveeveille.net\/musiqueverte\/wp-content\/uploads\/19000103_illustrations_musique_verte_80-300x150.jpg 300w, https:\/\/www.reveeveille.net\/musiqueverte\/wp-content\/uploads\/19000103_illustrations_musique_verte_80-768x384.jpg 768w, https:\/\/www.reveeveille.net\/musiqueverte\/wp-content\/uploads\/19000103_illustrations_musique_verte_80.jpg 1000w\" sizes=\"(max-width: 300px) 100vw, 300px\" \/><\/a>\n<h4 class=\"pt-cv-title\"><a href=\"https:\/\/www.reveeveille.net\/musiqueverte\/fabriquer-sa-ficelle-a-partir-de-plantes\/\" class=\"_self\" target=\"_self\" >Fabriquer sa ficelle \u00e0 partir de plantes<\/a><\/h4><\/div><\/div>\n<div class=\"col-md-6 col-sm-6 col-xs-12 pt-cv-content-item pt-cv-1-col\" ><div class='pt-cv-ifield'><a href=\"https:\/\/www.reveeveille.net\/musiqueverte\/la-conservation-des-instruments-de-musique-verte\/\" class=\"_self pt-cv-href-thumbnail pt-cv-thumb-default\" target=\"_self\" ><img loading=\"lazy\" decoding=\"async\" width=\"300\" height=\"224\" src=\"https:\/\/www.reveeveille.net\/musiqueverte\/wp-content\/uploads\/20090508_musique_verte_runes_30-300x224.jpg\" class=\"pt-cv-thumbnail\" alt=\"\" srcset=\"https:\/\/www.reveeveille.net\/musiqueverte\/wp-content\/uploads\/20090508_musique_verte_runes_30-300x224.jpg 300w, https:\/\/www.reveeveille.net\/musiqueverte\/wp-content\/uploads\/20090508_musique_verte_runes_30-1024x766.jpg 1024w, https:\/\/www.reveeveille.net\/musiqueverte\/wp-content\/uploads\/20090508_musique_verte_runes_30-768x575.jpg 768w, https:\/\/www.reveeveille.net\/musiqueverte\/wp-content\/uploads\/20090508_musique_verte_runes_30-1536x1149.jpg 1536w, https:\/\/www.reveeveille.net\/musiqueverte\/wp-content\/uploads\/20090508_musique_verte_runes_30-2048x1532.jpg 2048w\" sizes=\"(max-width: 300px) 100vw, 300px\" \/><\/a>\n<h4 class=\"pt-cv-title\"><a href=\"https:\/\/www.reveeveille.net\/musiqueverte\/la-conservation-des-instruments-de-musique-verte\/\" class=\"_self\" target=\"_self\" >La conservation des instruments de musique verte<\/a><\/h4><\/div><\/div>\n<div class=\"col-md-6 col-sm-6 col-xs-12 pt-cv-content-item pt-cv-1-col\" ><div class='pt-cv-ifield'><a href=\"https:\/\/www.reveeveille.net\/musiqueverte\/calculer-la-position-des-frettes-dun-instrument-a-cordes\/\" class=\"_self pt-cv-href-thumbnail pt-cv-thumb-default\" target=\"_self\" ><img loading=\"lazy\" decoding=\"async\" width=\"300\" height=\"218\" src=\"https:\/\/www.reveeveille.net\/musiqueverte\/wp-content\/uploads\/Calculs-mathematiques-300x218.webp\" class=\"pt-cv-thumbnail\" alt=\"\" srcset=\"https:\/\/www.reveeveille.net\/musiqueverte\/wp-content\/uploads\/Calculs-mathematiques-300x218.webp 300w, https:\/\/www.reveeveille.net\/musiqueverte\/wp-content\/uploads\/Calculs-mathematiques-1024x745.webp 1024w, https:\/\/www.reveeveille.net\/musiqueverte\/wp-content\/uploads\/Calculs-mathematiques-768x559.webp 768w, https:\/\/www.reveeveille.net\/musiqueverte\/wp-content\/uploads\/Calculs-mathematiques.webp 1300w\" sizes=\"(max-width: 300px) 100vw, 300px\" \/><\/a>\n<h4 class=\"pt-cv-title\"><a href=\"https:\/\/www.reveeveille.net\/musiqueverte\/calculer-la-position-des-frettes-dun-instrument-a-cordes\/\" class=\"_self\" target=\"_self\" >Calculer la position des frettes d&rsquo;un instrument \u00e0 cordes<\/a><\/h4><\/div><\/div>\n<div class=\"col-md-6 col-sm-6 col-xs-12 pt-cv-content-item pt-cv-1-col\" ><div class='pt-cv-ifield'><a href=\"https:\/\/www.reveeveille.net\/musiqueverte\/la-main-caisse-de-resonance-privilegiee\/\" class=\"_self pt-cv-href-thumbnail pt-cv-thumb-default\" target=\"_self\" ><img loading=\"lazy\" decoding=\"async\" width=\"300\" height=\"224\" src=\"https:\/\/www.reveeveille.net\/musiqueverte\/wp-content\/uploads\/20090508_musique_verte_runes_15-300x224.jpg\" class=\"pt-cv-thumbnail\" alt=\"\" srcset=\"https:\/\/www.reveeveille.net\/musiqueverte\/wp-content\/uploads\/20090508_musique_verte_runes_15-300x224.jpg 300w, https:\/\/www.reveeveille.net\/musiqueverte\/wp-content\/uploads\/20090508_musique_verte_runes_15-1024x766.jpg 1024w, https:\/\/www.reveeveille.net\/musiqueverte\/wp-content\/uploads\/20090508_musique_verte_runes_15-768x575.jpg 768w, https:\/\/www.reveeveille.net\/musiqueverte\/wp-content\/uploads\/20090508_musique_verte_runes_15-1536x1149.jpg 1536w, https:\/\/www.reveeveille.net\/musiqueverte\/wp-content\/uploads\/20090508_musique_verte_runes_15-2048x1532.jpg 2048w\" sizes=\"(max-width: 300px) 100vw, 300px\" \/><\/a>\n<h4 class=\"pt-cv-title\"><a href=\"https:\/\/www.reveeveille.net\/musiqueverte\/la-main-caisse-de-resonance-privilegiee\/\" class=\"_self\" target=\"_self\" >La main, caisse de r\u00e9sonance privil\u00e9gi\u00e9e<\/a><\/h4><\/div><\/div>\n<div class=\"col-md-6 col-sm-6 col-xs-12 pt-cv-content-item pt-cv-1-col\" ><div class='pt-cv-ifield'><a href=\"https:\/\/www.reveeveille.net\/musiqueverte\/placer-les-trous-sur-une-flute\/\" class=\"_self pt-cv-href-thumbnail pt-cv-thumb-default\" target=\"_self\" ><img loading=\"lazy\" decoding=\"async\" width=\"300\" height=\"203\" src=\"https:\/\/www.reveeveille.net\/musiqueverte\/wp-content\/uploads\/19000103_illustrations_musique_verte_01-300x203.jpg\" class=\"pt-cv-thumbnail\" alt=\"\" srcset=\"https:\/\/www.reveeveille.net\/musiqueverte\/wp-content\/uploads\/19000103_illustrations_musique_verte_01-300x203.jpg 300w, https:\/\/www.reveeveille.net\/musiqueverte\/wp-content\/uploads\/19000103_illustrations_musique_verte_01.jpg 372w\" sizes=\"(max-width: 300px) 100vw, 300px\" \/><\/a>\n<h4 class=\"pt-cv-title\"><a href=\"https:\/\/www.reveeveille.net\/musiqueverte\/placer-les-trous-sur-une-flute\/\" class=\"_self\" target=\"_self\" >Placer les trous sur une fl\u00fbte<\/a><\/h4><\/div><\/div>\n<div class=\"col-md-6 col-sm-6 col-xs-12 pt-cv-content-item pt-cv-1-col\" ><div class='pt-cv-ifield'><a href=\"https:\/\/www.reveeveille.net\/musiqueverte\/ou-et-quand-pratiquer-la-musique-verte\/\" class=\"_self pt-cv-href-thumbnail pt-cv-thumb-default\" target=\"_self\" ><img loading=\"lazy\" decoding=\"async\" width=\"300\" height=\"225\" src=\"https:\/\/www.reveeveille.net\/musiqueverte\/wp-content\/uploads\/20100525_animation_musique_verte_langlade_01-300x225.jpg\" class=\"pt-cv-thumbnail\" alt=\"\" srcset=\"https:\/\/www.reveeveille.net\/musiqueverte\/wp-content\/uploads\/20100525_animation_musique_verte_langlade_01-300x225.jpg 300w, https:\/\/www.reveeveille.net\/musiqueverte\/wp-content\/uploads\/20100525_animation_musique_verte_langlade_01-1024x768.jpg 1024w, https:\/\/www.reveeveille.net\/musiqueverte\/wp-content\/uploads\/20100525_animation_musique_verte_langlade_01-768x576.jpg 768w, https:\/\/www.reveeveille.net\/musiqueverte\/wp-content\/uploads\/20100525_animation_musique_verte_langlade_01.jpg 1280w\" sizes=\"(max-width: 300px) 100vw, 300px\" \/><\/a>\n<h4 class=\"pt-cv-title\"><a href=\"https:\/\/www.reveeveille.net\/musiqueverte\/ou-et-quand-pratiquer-la-musique-verte\/\" class=\"_self\" target=\"_self\" >Ou et quand pratiquer la musique verte ?<\/a><\/h4><\/div><\/div>\n<div class=\"col-md-6 col-sm-6 col-xs-12 pt-cv-content-item pt-cv-1-col\" ><div class='pt-cv-ifield'><a href=\"https:\/\/www.reveeveille.net\/musiqueverte\/decoller-lecorce-dun-rameau-de-frene-chataignier-noisetier\/\" class=\"_self pt-cv-href-thumbnail pt-cv-thumb-default\" target=\"_self\" ><img loading=\"lazy\" decoding=\"async\" width=\"300\" height=\"234\" src=\"https:\/\/www.reveeveille.net\/musiqueverte\/wp-content\/uploads\/20090508_musique_verte_runes_64-300x234.jpg\" class=\"pt-cv-thumbnail\" alt=\"\" srcset=\"https:\/\/www.reveeveille.net\/musiqueverte\/wp-content\/uploads\/20090508_musique_verte_runes_64-300x234.jpg 300w, https:\/\/www.reveeveille.net\/musiqueverte\/wp-content\/uploads\/20090508_musique_verte_runes_64-768x600.jpg 768w, https:\/\/www.reveeveille.net\/musiqueverte\/wp-content\/uploads\/20090508_musique_verte_runes_64.jpg 904w\" sizes=\"(max-width: 300px) 100vw, 300px\" \/><\/a>\n<h4 class=\"pt-cv-title\"><a href=\"https:\/\/www.reveeveille.net\/musiqueverte\/decoller-lecorce-dun-rameau-de-frene-chataignier-noisetier\/\" class=\"_self\" target=\"_self\" >D\u00e9coller l&rsquo;\u00e9corce d&rsquo;un rameau de Fr\u00eane, Ch\u00e2taignier, Noisetier&#8230;<\/a><\/h4><\/div><\/div>\n<div class=\"col-md-6 col-sm-6 col-xs-12 pt-cv-content-item pt-cv-1-col\" ><div class='pt-cv-ifield'><a href=\"https:\/\/www.reveeveille.net\/musiqueverte\/calculer-les-longueurs-des-tubes-dune-flute-de-pan\/\" class=\"_self pt-cv-href-thumbnail pt-cv-thumb-default\" target=\"_self\" ><img loading=\"lazy\" decoding=\"async\" width=\"284\" height=\"300\" src=\"https:\/\/www.reveeveille.net\/musiqueverte\/wp-content\/uploads\/19000103_illustrations_musique_verte_11-284x300.jpg\" class=\"pt-cv-thumbnail\" alt=\"\" srcset=\"https:\/\/www.reveeveille.net\/musiqueverte\/wp-content\/uploads\/19000103_illustrations_musique_verte_11-284x300.jpg 284w, https:\/\/www.reveeveille.net\/musiqueverte\/wp-content\/uploads\/19000103_illustrations_musique_verte_11.jpg 413w\" sizes=\"(max-width: 284px) 100vw, 284px\" \/><\/a>\n<h4 class=\"pt-cv-title\"><a href=\"https:\/\/www.reveeveille.net\/musiqueverte\/calculer-les-longueurs-des-tubes-dune-flute-de-pan\/\" class=\"_self\" target=\"_self\" >Calculer les longueurs des tubes d&rsquo;une fl\u00fbte de pan<\/a><\/h4><\/div><\/div>\n<div class=\"col-md-6 col-sm-6 col-xs-12 pt-cv-content-item pt-cv-1-col\" ><div class='pt-cv-ifield'><a href=\"https:\/\/www.reveeveille.net\/musiqueverte\/decouper-les-entre-noeuds-dune-tige-creuse\/\" class=\"_self pt-cv-href-thumbnail pt-cv-thumb-default\" target=\"_self\" ><img loading=\"lazy\" decoding=\"async\" width=\"272\" height=\"300\" src=\"https:\/\/www.reveeveille.net\/musiqueverte\/wp-content\/uploads\/19000103_illustrations_musique_verte_07-272x300.jpg\" class=\"pt-cv-thumbnail\" alt=\"\" srcset=\"https:\/\/www.reveeveille.net\/musiqueverte\/wp-content\/uploads\/19000103_illustrations_musique_verte_07-272x300.jpg 272w, https:\/\/www.reveeveille.net\/musiqueverte\/wp-content\/uploads\/19000103_illustrations_musique_verte_07.jpg 415w\" sizes=\"(max-width: 272px) 100vw, 272px\" \/><\/a>\n<h4 class=\"pt-cv-title\"><a href=\"https:\/\/www.reveeveille.net\/musiqueverte\/decouper-les-entre-noeuds-dune-tige-creuse\/\" class=\"_self\" target=\"_self\" >D\u00e9couper les entre-n\u0153uds d&rsquo;une tige creuse<\/a><\/h4><\/div><\/div><\/div><\/div><\/div>\n","protected":false},"excerpt":{"rendered":"<p>Les \u00ab\u00a0techniques\u00a0\u00bb, ce sont tous ces petits savoirs et savoir-faire bien utiles pour fabriquer un instrument de musique verte. Je les ai collect\u00e9s aupr\u00e8s de ceux qui les ont pratiqu\u00e9es&hellip; <\/p>\n","protected":false},"author":1,"featured_media":0,"parent":0,"menu_order":0,"comment_status":"closed","ping_status":"closed","template":"","meta":{"footnotes":""},"class_list":["post-9","page","type-page","status-publish","hentry"],"_links":{"self":[{"href":"https:\/\/www.reveeveille.net\/musiqueverte\/wp-json\/wp\/v2\/pages\/9"}],"collection":[{"href":"https:\/\/www.reveeveille.net\/musiqueverte\/wp-json\/wp\/v2\/pages"}],"about":[{"href":"https:\/\/www.reveeveille.net\/musiqueverte\/wp-json\/wp\/v2\/types\/page"}],"author":[{"embeddable":true,"href":"https:\/\/www.reveeveille.net\/musiqueverte\/wp-json\/wp\/v2\/users\/1"}],"replies":[{"embeddable":true,"href":"https:\/\/www.reveeveille.net\/musiqueverte\/wp-json\/wp\/v2\/comments?post=9"}],"version-history":[{"count":4,"href":"https:\/\/www.reveeveille.net\/musiqueverte\/wp-json\/wp\/v2\/pages\/9\/revisions"}],"predecessor-version":[{"id":1030,"href":"https:\/\/www.reveeveille.net\/musiqueverte\/wp-json\/wp\/v2\/pages\/9\/revisions\/1030"}],"wp:attachment":[{"href":"https:\/\/www.reveeveille.net\/musiqueverte\/wp-json\/wp\/v2\/media?parent=9"}],"curies":[{"name":"wp","href":"https:\/\/api.w.org\/{rel}","templated":true}]}}