{"id":89,"date":"2021-12-10T16:19:31","date_gmt":"2021-12-10T15:19:31","guid":{"rendered":"http:\/\/www.reveeveille.net\/musiqueverte\/?page_id=89"},"modified":"2021-12-10T16:19:31","modified_gmt":"2021-12-10T15:19:31","slug":"mineraux","status":"publish","type":"page","link":"https:\/\/www.reveeveille.net\/musiqueverte\/les-materiaux\/mineraux\/","title":{"rendered":"Min\u00e9raux"},"content":{"rendered":"\n<p>Le bruitage \u00e0 partir de la pierre est un univers en soi, \u00e0 explorer sans limite, selon les min\u00e9raux, les tailles, les formes, les mani\u00e8res de proc\u00e9der&#8230; Je n&rsquo;ai pas beaucoup de recettes toutes faites, il faut s&rsquo;amuser, exp\u00e9rimenter&#8230;<\/p>\n\n\n<div class=\"pt-cv-wrapper\"><div class=\"pt-cv-view pt-cv-grid pt-cv-colsys\" id=\"pt-cv-view-831afb1be6\"><div data-id=\"pt-cv-page-1\" class=\"pt-cv-page\" data-cvc=\"2\"><div class=\"col-md-6 col-sm-6 col-xs-12 pt-cv-content-item pt-cv-1-col\" ><div class='pt-cv-ifield'><a href=\"https:\/\/www.reveeveille.net\/musiqueverte\/le-lithophone\/\" class=\"_self pt-cv-href-thumbnail pt-cv-thumb-default\" target=\"_self\" ><img loading=\"lazy\" decoding=\"async\" width=\"300\" height=\"224\" src=\"https:\/\/www.reveeveille.net\/musiqueverte\/wp-content\/uploads\/20090508_musique_verte_runes_19-300x224.jpg\" class=\"pt-cv-thumbnail\" alt=\"\" srcset=\"https:\/\/www.reveeveille.net\/musiqueverte\/wp-content\/uploads\/20090508_musique_verte_runes_19-300x224.jpg 300w, https:\/\/www.reveeveille.net\/musiqueverte\/wp-content\/uploads\/20090508_musique_verte_runes_19-1024x766.jpg 1024w, https:\/\/www.reveeveille.net\/musiqueverte\/wp-content\/uploads\/20090508_musique_verte_runes_19-768x575.jpg 768w, https:\/\/www.reveeveille.net\/musiqueverte\/wp-content\/uploads\/20090508_musique_verte_runes_19-1536x1149.jpg 1536w, https:\/\/www.reveeveille.net\/musiqueverte\/wp-content\/uploads\/20090508_musique_verte_runes_19-2048x1532.jpg 2048w\" sizes=\"(max-width: 300px) 100vw, 300px\" \/><\/a>\n<h4 class=\"pt-cv-title\"><a href=\"https:\/\/www.reveeveille.net\/musiqueverte\/le-lithophone\/\" class=\"_self\" target=\"_self\" >Le lithophone<\/a><\/h4><\/div><\/div>\n<div class=\"col-md-6 col-sm-6 col-xs-12 pt-cv-content-item pt-cv-1-col\" ><div class='pt-cv-ifield'><a href=\"https:\/\/www.reveeveille.net\/musiqueverte\/les-claves-minerales\/\" class=\"_self pt-cv-href-thumbnail pt-cv-thumb-default\" target=\"_self\" ><img loading=\"lazy\" decoding=\"async\" width=\"300\" height=\"224\" src=\"https:\/\/www.reveeveille.net\/musiqueverte\/wp-content\/uploads\/20090508_musique_verte_runes_20-300x224.jpg\" class=\"pt-cv-thumbnail\" alt=\"\" srcset=\"https:\/\/www.reveeveille.net\/musiqueverte\/wp-content\/uploads\/20090508_musique_verte_runes_20-300x224.jpg 300w, https:\/\/www.reveeveille.net\/musiqueverte\/wp-content\/uploads\/20090508_musique_verte_runes_20-1024x766.jpg 1024w, https:\/\/www.reveeveille.net\/musiqueverte\/wp-content\/uploads\/20090508_musique_verte_runes_20-768x575.jpg 768w, https:\/\/www.reveeveille.net\/musiqueverte\/wp-content\/uploads\/20090508_musique_verte_runes_20-1536x1149.jpg 1536w, https:\/\/www.reveeveille.net\/musiqueverte\/wp-content\/uploads\/20090508_musique_verte_runes_20-2048x1532.jpg 2048w\" sizes=\"(max-width: 300px) 100vw, 300px\" \/><\/a>\n<h4 class=\"pt-cv-title\"><a href=\"https:\/\/www.reveeveille.net\/musiqueverte\/les-claves-minerales\/\" class=\"_self\" target=\"_self\" >Les claves min\u00e9rales<\/a><\/h4><\/div><\/div><\/div><\/div><\/div>\n","protected":false},"excerpt":{"rendered":"<p>Le bruitage \u00e0 partir de la pierre est un univers en soi, \u00e0 explorer sans limite, selon les min\u00e9raux, les tailles, les formes, les mani\u00e8res de proc\u00e9der&#8230; Je n&rsquo;ai pas&hellip; <\/p>\n","protected":false},"author":1,"featured_media":0,"parent":42,"menu_order":0,"comment_status":"closed","ping_status":"closed","template":"","meta":{"footnotes":""},"class_list":["post-89","page","type-page","status-publish","hentry"],"_links":{"self":[{"href":"https:\/\/www.reveeveille.net\/musiqueverte\/wp-json\/wp\/v2\/pages\/89"}],"collection":[{"href":"https:\/\/www.reveeveille.net\/musiqueverte\/wp-json\/wp\/v2\/pages"}],"about":[{"href":"https:\/\/www.reveeveille.net\/musiqueverte\/wp-json\/wp\/v2\/types\/page"}],"author":[{"embeddable":true,"href":"https:\/\/www.reveeveille.net\/musiqueverte\/wp-json\/wp\/v2\/users\/1"}],"replies":[{"embeddable":true,"href":"https:\/\/www.reveeveille.net\/musiqueverte\/wp-json\/wp\/v2\/comments?post=89"}],"version-history":[{"count":5,"href":"https:\/\/www.reveeveille.net\/musiqueverte\/wp-json\/wp\/v2\/pages\/89\/revisions"}],"predecessor-version":[{"id":1023,"href":"https:\/\/www.reveeveille.net\/musiqueverte\/wp-json\/wp\/v2\/pages\/89\/revisions\/1023"}],"up":[{"embeddable":true,"href":"https:\/\/www.reveeveille.net\/musiqueverte\/wp-json\/wp\/v2\/pages\/42"}],"wp:attachment":[{"href":"https:\/\/www.reveeveille.net\/musiqueverte\/wp-json\/wp\/v2\/media?parent=89"}],"curies":[{"name":"wp","href":"https:\/\/api.w.org\/{rel}","templated":true}]}}