{"id":681,"date":"2021-12-10T16:20:26","date_gmt":"2021-12-10T15:20:26","guid":{"rendered":"http:\/\/www.reveeveille.net\/musiqueverte\/?page_id=681"},"modified":"2021-12-10T16:20:27","modified_gmt":"2021-12-10T15:20:27","slug":"plantes-a-tiges-creuses","status":"publish","type":"page","link":"https:\/\/www.reveeveille.net\/musiqueverte\/les-materiaux\/les-vegetaux\/plantes-a-tiges-creuses\/","title":{"rendered":"Plantes \u00e0 tiges creuses"},"content":{"rendered":"\n<p>Les plantes \u00e0 tiges creuses sont extr\u00eamement utiles en musique verte pour fabriquer tout ce qui ressemble \u00e0 une fl\u00fbte de pan,&nbsp;une fl\u00fbte droite, un hautbois, une clarinette, ou certaines percussions. Il en existe une grande vari\u00e9t\u00e9, mais elles ont des caract\u00e9ristiques bien distinctes qui les rendent plus ou moins adapt\u00e9es \u00e0 certaines t\u00e2ches.<\/p>\n\n\n\n<p>Pour faire de tout petits hautbois \u00e9ph\u00e9m\u00e8res, de 3 \u00e0 6 millim\u00e8tres de diam\u00e8tre, il y a les <a href=\"http:\/\/www.reveeveille.net\/musiqueverte\/le-pissenlit\/\">pissenlits <\/a>ou les <a href=\"http:\/\/www.reveeveille.net\/musiqueverte\/les-grandes-graminees\/\">folles-avoines<\/a><\/p>\n\n\n\n<p>Pour faire des fl\u00fbtes de pan il faut des tubes \u00e0 parois pas trop \u00e9paisses, et pr\u00e9sentant des entre-n\u0153uds,&nbsp;c&rsquo;est \u00e0 dire&nbsp;des opercules qui bouchent le tube de loin en loin.&nbsp;Les longueurs peuvent \u00eatre assez courtes (4 \u00e0 15 cm). Les plantes adapt\u00e9es&nbsp;sont&nbsp;certaines&nbsp;grandes&nbsp;ombellif\u00e8res, la <a href=\"http:\/\/www.reveeveille.net\/musiqueverte\/la-renouee-du-japon\/\">renou\u00e9e du Japon<\/a>, la <a href=\"http:\/\/www.reveeveille.net\/musiqueverte\/la-canne-de-provence\/\">canne de Provence<\/a>, les <a href=\"http:\/\/www.reveeveille.net\/musiqueverte\/le-roseau\/\">roseaux<\/a>, la <a href=\"http:\/\/www.reveeveille.net\/musiqueverte\/la-cardere\/\">Card\u00e8re<\/a>, le <a href=\"http:\/\/www.reveeveille.net\/musiqueverte\/le-bambou\/\">bambou<\/a>&#8230;<\/p>\n\n\n\n<p>Pour faire des corps de fl\u00fbtes droites, fl\u00fbtes traversi\u00e8res, mirlitons, hautbois, et des percussions, il faut au contraire des tubes \u00e0 parois plus \u00e9paisses, plus solides, la pr\u00e9sence d&rsquo;opercules n&rsquo;est pas obligatoire, voire g\u00eanante. Il faut disposer de longueurs plus importantes (15 \u00e0 40 cm). Les plantes adapt\u00e9es sont&nbsp;le <a href=\"http:\/\/www.reveeveille.net\/musiqueverte\/le-sureau\/\">sureau<\/a>, le <a href=\"http:\/\/www.reveeveille.net\/musiqueverte\/le-bambou\/\">bambou<\/a>, les <a href=\"http:\/\/www.reveeveille.net\/musiqueverte\/la-renouee-du-japon\/\">renou\u00e9es du Japon<\/a> les plus \u00e9paisses.<\/p>\n\n\n\n<p>Le <a href=\"http:\/\/www.reveeveille.net\/musiqueverte\/le-sureau\/\">sureau<\/a> et le <a href=\"http:\/\/www.reveeveille.net\/musiqueverte\/le-frene\/\">fr\u00eane<\/a> ne sont pas \u00e0 proprement parler des plantes \u00e0 tubes creux. Pour en obtenir des tubes creux, une manipulation est n\u00e9cessaire.&nbsp;Le sureau pr\u00e9sente une cavit\u00e9 longitudinale&nbsp;pleine d&rsquo;une moelle qu&rsquo;il faut enlever. Quand au fr\u00eane, pour en obtenir des tubes creux il faut r\u00e9ussir \u00e0 d\u00e9coller et r\u00e9cup\u00e9rer son \u00e9corce. Mais ces manipulations valent la peine car les mat\u00e9riaux finaux sont d&rsquo;excellente qualit\u00e9.<\/p>\n\n\n\n<p>Voici la liste des plantes \u00e0 tiges creuses d\u00e9crites dans ce site :<\/p>\n\n\n<div class=\"pt-cv-wrapper\"><div class=\"pt-cv-view pt-cv-grid pt-cv-colsys\" id=\"pt-cv-view-b941a08af0\"><div data-id=\"pt-cv-page-1\" class=\"pt-cv-page\" data-cvc=\"2\"><div class=\"col-md-6 col-sm-6 col-xs-12 pt-cv-content-item pt-cv-1-col\" ><div class='pt-cv-ifield'><a href=\"https:\/\/www.reveeveille.net\/musiqueverte\/la-renouee-du-japon\/\" class=\"_self pt-cv-href-thumbnail pt-cv-thumb-default\" target=\"_self\" ><img loading=\"lazy\" decoding=\"async\" width=\"300\" height=\"224\" src=\"https:\/\/www.reveeveille.net\/musiqueverte\/wp-content\/uploads\/20090508_musique_verte_runes_12-300x224.jpg\" class=\"pt-cv-thumbnail\" alt=\"\" srcset=\"https:\/\/www.reveeveille.net\/musiqueverte\/wp-content\/uploads\/20090508_musique_verte_runes_12-300x224.jpg 300w, https:\/\/www.reveeveille.net\/musiqueverte\/wp-content\/uploads\/20090508_musique_verte_runes_12-1024x766.jpg 1024w, https:\/\/www.reveeveille.net\/musiqueverte\/wp-content\/uploads\/20090508_musique_verte_runes_12-768x575.jpg 768w, https:\/\/www.reveeveille.net\/musiqueverte\/wp-content\/uploads\/20090508_musique_verte_runes_12-1536x1149.jpg 1536w, https:\/\/www.reveeveille.net\/musiqueverte\/wp-content\/uploads\/20090508_musique_verte_runes_12-2048x1532.jpg 2048w\" sizes=\"(max-width: 300px) 100vw, 300px\" \/><\/a>\n<h4 class=\"pt-cv-title\"><a href=\"https:\/\/www.reveeveille.net\/musiqueverte\/la-renouee-du-japon\/\" class=\"_self\" target=\"_self\" >La Renou\u00e9e du Japon<\/a><\/h4><\/div><\/div>\n<div class=\"col-md-6 col-sm-6 col-xs-12 pt-cv-content-item pt-cv-1-col\" ><div class='pt-cv-ifield'><a href=\"https:\/\/www.reveeveille.net\/musiqueverte\/le-sureau\/\" class=\"_self pt-cv-href-thumbnail pt-cv-thumb-default\" target=\"_self\" ><img loading=\"lazy\" decoding=\"async\" width=\"300\" height=\"224\" src=\"https:\/\/www.reveeveille.net\/musiqueverte\/wp-content\/uploads\/19000103_illustrations_musique_verte_46-300x224.jpg\" class=\"pt-cv-thumbnail\" alt=\"\" srcset=\"https:\/\/www.reveeveille.net\/musiqueverte\/wp-content\/uploads\/19000103_illustrations_musique_verte_46-300x224.jpg 300w, https:\/\/www.reveeveille.net\/musiqueverte\/wp-content\/uploads\/19000103_illustrations_musique_verte_46-768x574.jpg 768w, https:\/\/www.reveeveille.net\/musiqueverte\/wp-content\/uploads\/19000103_illustrations_musique_verte_46.jpg 1000w\" sizes=\"(max-width: 300px) 100vw, 300px\" \/><\/a>\n<h4 class=\"pt-cv-title\"><a href=\"https:\/\/www.reveeveille.net\/musiqueverte\/le-sureau\/\" class=\"_self\" target=\"_self\" >Le sureau<\/a><\/h4><\/div><\/div>\n<div class=\"col-md-6 col-sm-6 col-xs-12 pt-cv-content-item pt-cv-1-col\" ><div class='pt-cv-ifield'><a href=\"https:\/\/www.reveeveille.net\/musiqueverte\/le-bambou\/\" class=\"_self pt-cv-href-thumbnail pt-cv-thumb-default\" target=\"_self\" ><img loading=\"lazy\" decoding=\"async\" width=\"300\" height=\"169\" src=\"https:\/\/www.reveeveille.net\/musiqueverte\/wp-content\/uploads\/19000103_illustrations_musique_verte_56-300x169.jpg\" class=\"pt-cv-thumbnail\" alt=\"\" srcset=\"https:\/\/www.reveeveille.net\/musiqueverte\/wp-content\/uploads\/19000103_illustrations_musique_verte_56-300x169.jpg 300w, https:\/\/www.reveeveille.net\/musiqueverte\/wp-content\/uploads\/19000103_illustrations_musique_verte_56-768x432.jpg 768w, https:\/\/www.reveeveille.net\/musiqueverte\/wp-content\/uploads\/19000103_illustrations_musique_verte_56.jpg 940w\" sizes=\"(max-width: 300px) 100vw, 300px\" \/><\/a>\n<h4 class=\"pt-cv-title\"><a href=\"https:\/\/www.reveeveille.net\/musiqueverte\/le-bambou\/\" class=\"_self\" target=\"_self\" >Le Bambou<\/a><\/h4><\/div><\/div>\n<div class=\"col-md-6 col-sm-6 col-xs-12 pt-cv-content-item pt-cv-1-col\" ><div class='pt-cv-ifield'><a href=\"https:\/\/www.reveeveille.net\/musiqueverte\/les-grandes-ombelliferes\/\" class=\"_self pt-cv-href-thumbnail pt-cv-thumb-default\" target=\"_self\" ><img loading=\"lazy\" decoding=\"async\" width=\"300\" height=\"224\" src=\"https:\/\/www.reveeveille.net\/musiqueverte\/wp-content\/uploads\/19000103_illustrations_musique_verte_66-300x224.jpg\" class=\"pt-cv-thumbnail\" alt=\"\" srcset=\"https:\/\/www.reveeveille.net\/musiqueverte\/wp-content\/uploads\/19000103_illustrations_musique_verte_66-300x224.jpg 300w, https:\/\/www.reveeveille.net\/musiqueverte\/wp-content\/uploads\/19000103_illustrations_musique_verte_66-768x574.jpg 768w, https:\/\/www.reveeveille.net\/musiqueverte\/wp-content\/uploads\/19000103_illustrations_musique_verte_66.jpg 1000w\" sizes=\"(max-width: 300px) 100vw, 300px\" \/><\/a>\n<h4 class=\"pt-cv-title\"><a href=\"https:\/\/www.reveeveille.net\/musiqueverte\/les-grandes-ombelliferes\/\" class=\"_self\" target=\"_self\" >Les grandes ombellif\u00e8res<\/a><\/h4><\/div><\/div>\n<div class=\"col-md-6 col-sm-6 col-xs-12 pt-cv-content-item pt-cv-1-col\" ><div class='pt-cv-ifield'><a href=\"https:\/\/www.reveeveille.net\/musiqueverte\/langelique\/\" class=\"_self pt-cv-href-thumbnail pt-cv-thumb-default\" target=\"_self\" ><img loading=\"lazy\" decoding=\"async\" width=\"300\" height=\"224\" src=\"https:\/\/www.reveeveille.net\/musiqueverte\/wp-content\/uploads\/19000103_illustrations_musique_verte_65-300x224.jpg\" class=\"pt-cv-thumbnail\" alt=\"\" srcset=\"https:\/\/www.reveeveille.net\/musiqueverte\/wp-content\/uploads\/19000103_illustrations_musique_verte_65-300x224.jpg 300w, https:\/\/www.reveeveille.net\/musiqueverte\/wp-content\/uploads\/19000103_illustrations_musique_verte_65-768x574.jpg 768w, https:\/\/www.reveeveille.net\/musiqueverte\/wp-content\/uploads\/19000103_illustrations_musique_verte_65.jpg 1000w\" sizes=\"(max-width: 300px) 100vw, 300px\" \/><\/a>\n<h4 class=\"pt-cv-title\"><a href=\"https:\/\/www.reveeveille.net\/musiqueverte\/langelique\/\" class=\"_self\" target=\"_self\" >L&rsquo;ang\u00e9lique<\/a><\/h4><\/div><\/div>\n<div class=\"col-md-6 col-sm-6 col-xs-12 pt-cv-content-item pt-cv-1-col\" ><div class='pt-cv-ifield'><a href=\"https:\/\/www.reveeveille.net\/musiqueverte\/la-cardere\/\" class=\"_self pt-cv-href-thumbnail pt-cv-thumb-default\" target=\"_self\" ><img loading=\"lazy\" decoding=\"async\" width=\"300\" height=\"224\" src=\"https:\/\/www.reveeveille.net\/musiqueverte\/wp-content\/uploads\/19000103_illustrations_musique_verte_38-300x224.jpg\" class=\"pt-cv-thumbnail\" alt=\"\" srcset=\"https:\/\/www.reveeveille.net\/musiqueverte\/wp-content\/uploads\/19000103_illustrations_musique_verte_38-300x224.jpg 300w, https:\/\/www.reveeveille.net\/musiqueverte\/wp-content\/uploads\/19000103_illustrations_musique_verte_38-768x574.jpg 768w, https:\/\/www.reveeveille.net\/musiqueverte\/wp-content\/uploads\/19000103_illustrations_musique_verte_38.jpg 1000w\" sizes=\"(max-width: 300px) 100vw, 300px\" \/><\/a>\n<h4 class=\"pt-cv-title\"><a href=\"https:\/\/www.reveeveille.net\/musiqueverte\/la-cardere\/\" class=\"_self\" target=\"_self\" >La Card\u00e8re<\/a><\/h4><\/div><\/div>\n<div class=\"col-md-6 col-sm-6 col-xs-12 pt-cv-content-item pt-cv-1-col\" ><div class='pt-cv-ifield'><a href=\"https:\/\/www.reveeveille.net\/musiqueverte\/la-canne-de-provence\/\" class=\"_self pt-cv-href-thumbnail pt-cv-thumb-default\" target=\"_self\" ><img loading=\"lazy\" decoding=\"async\" width=\"300\" height=\"200\" src=\"https:\/\/www.reveeveille.net\/musiqueverte\/wp-content\/uploads\/20120414_canne_de_provence_01-300x200.jpg\" class=\"pt-cv-thumbnail\" alt=\"\" srcset=\"https:\/\/www.reveeveille.net\/musiqueverte\/wp-content\/uploads\/20120414_canne_de_provence_01-300x200.jpg 300w, https:\/\/www.reveeveille.net\/musiqueverte\/wp-content\/uploads\/20120414_canne_de_provence_01-768x511.jpg 768w, https:\/\/www.reveeveille.net\/musiqueverte\/wp-content\/uploads\/20120414_canne_de_provence_01.jpg 1000w\" sizes=\"(max-width: 300px) 100vw, 300px\" \/><\/a>\n<h4 class=\"pt-cv-title\"><a href=\"https:\/\/www.reveeveille.net\/musiqueverte\/la-canne-de-provence\/\" class=\"_self\" target=\"_self\" >La Canne de Provence<\/a><\/h4><\/div><\/div><\/div><\/div><\/div>\n","protected":false},"excerpt":{"rendered":"<p>Les plantes \u00e0 tiges creuses sont extr\u00eamement utiles en musique verte pour fabriquer tout ce qui ressemble \u00e0 une fl\u00fbte de pan,&nbsp;une fl\u00fbte droite, un hautbois, une clarinette, ou certaines&hellip; <\/p>\n","protected":false},"author":1,"featured_media":0,"parent":40,"menu_order":0,"comment_status":"closed","ping_status":"closed","template":"","meta":{"footnotes":""},"class_list":["post-681","page","type-page","status-publish","hentry"],"_links":{"self":[{"href":"https:\/\/www.reveeveille.net\/musiqueverte\/wp-json\/wp\/v2\/pages\/681"}],"collection":[{"href":"https:\/\/www.reveeveille.net\/musiqueverte\/wp-json\/wp\/v2\/pages"}],"about":[{"href":"https:\/\/www.reveeveille.net\/musiqueverte\/wp-json\/wp\/v2\/types\/page"}],"author":[{"embeddable":true,"href":"https:\/\/www.reveeveille.net\/musiqueverte\/wp-json\/wp\/v2\/users\/1"}],"replies":[{"embeddable":true,"href":"https:\/\/www.reveeveille.net\/musiqueverte\/wp-json\/wp\/v2\/comments?post=681"}],"version-history":[{"count":4,"href":"https:\/\/www.reveeveille.net\/musiqueverte\/wp-json\/wp\/v2\/pages\/681\/revisions"}],"predecessor-version":[{"id":1025,"href":"https:\/\/www.reveeveille.net\/musiqueverte\/wp-json\/wp\/v2\/pages\/681\/revisions\/1025"}],"up":[{"embeddable":true,"href":"https:\/\/www.reveeveille.net\/musiqueverte\/wp-json\/wp\/v2\/pages\/40"}],"wp:attachment":[{"href":"https:\/\/www.reveeveille.net\/musiqueverte\/wp-json\/wp\/v2\/media?parent=681"}],"curies":[{"name":"wp","href":"https:\/\/api.w.org\/{rel}","templated":true}]}}