{"id":2,"date":"2024-10-17T10:33:36","date_gmt":"2024-10-17T09:33:36","guid":{"rendered":"http:\/\/www.reveeveille.net\/musiqueverte\/?page_id=2"},"modified":"2024-10-17T10:33:38","modified_gmt":"2024-10-17T09:33:38","slug":"accueil","status":"publish","type":"page","link":"https:\/\/www.reveeveille.net\/musiqueverte\/accueil\/","title":{"rendered":"Musique verte ?"},"content":{"rendered":"\n<p>La musique verte, c&rsquo;est tout l&rsquo;univers sonore produit par des instruments rudimentaires que l&rsquo;on peut fabriquer \u00e0 partir d&rsquo;\u00e9l\u00e9ments naturels ramass\u00e9s au gr\u00e9 des saisons pr\u00e8s de chez soi. Vous avez d\u00e9j\u00e0 pratiqu\u00e9 la musique verte, bien s\u00fbr : souvenez-vous, quand vous faisiez siffler une herbe tendue entre vos pouces. Pour qui est curieux, les possibilit\u00e9s sont infinies, il suffit de prendre le temps et d&rsquo;exp\u00e9rimenter. , On est souvent surpris par la puissance d&rsquo;\u00e9vocation que v\u00e9hiculent ces sonorit\u00e9s, probablement explor\u00e9es par les Sapiens depuis l&rsquo;aube de l&rsquo;humanit\u00e9. (*)<\/p>\n\n\n\n<p>A priori, un petit couteau suffit, voire&#8230; rien d&rsquo;autre que les doigts. Je me suis senti un peu trop restreint par cette limite que j&rsquo;ai souvent d\u00e9pass\u00e9e, pour utiliser aussi parfois de la ficelle, une petite scie&#8230; Tout ce que j&rsquo;ai eu l&rsquo;occasion de fabriquer est ici, sans toujours savoir si \u00e7a m\u00e9rite l&rsquo;appellation de musique verte. La seule certitude est que \u00e7a fonctionne, et que j&rsquo;ai toujours plaisir \u00e0 fabriquer et jouer de ces petits instruments rustiques et souvent \u00e9ph\u00e9m\u00e8res !<\/p>\n\n\n\n<p>Je les utilise parfois instruments dans ma pratique de musicien professionnel. Si vous en voulez quelques exemples, allez vous promener sur mon <a href=\"http:\/\/www.marcmusicien.net\/\">site professionnel<\/a>. Et puis, si vous ne vous sentez pas capable de vous lancer seuls dans vos propres fabrications, sachez que je peux proposer des <a href=\"http:\/\/www.marcmusicien.net\/stages-et-ateliers-musique-verte\/\">animations ou stages<\/a>, pour tous types de publics (enfants \u00e0 partir de 2 ans, grands, familles, scolaires, musiciens&#8230;).<\/p>\n\n\n\n<p>Allez, bonne exploration, et <a href=\"https:\/\/www.reveeveille.net\/musiqueverte\/contact\/\" data-type=\"page\" data-id=\"331\">tenez-moi au courant <\/a>de vos d\u00e9couvertes.<\/p>\n\n\n\n<p>(*) Guid\u00e9 par cette hypoth\u00e8se, j&rsquo;ai d&rsquo;ailleurs cr\u00e9\u00e9 un spectacle qui explore les origines de la musiques \u00e0 l&rsquo;\u00e9poque pr\u00e9historique, il est d\u00e9crit ici : <a href=\"https:\/\/parolesdesources.org\/linvention-de-la-musique\/\">https:\/\/parolesdesources.org\/linvention-de-la-musique\/<\/a><\/p>\n","protected":false},"excerpt":{"rendered":"<p>La musique verte, c&rsquo;est tout l&rsquo;univers sonore produit par des instruments rudimentaires que l&rsquo;on peut fabriquer \u00e0 partir d&rsquo;\u00e9l\u00e9ments naturels ramass\u00e9s au gr\u00e9 des saisons pr\u00e8s de chez soi. Vous&hellip; <\/p>\n","protected":false},"author":1,"featured_media":0,"parent":0,"menu_order":0,"comment_status":"closed","ping_status":"closed","template":"","meta":{"footnotes":""},"class_list":["post-2","page","type-page","status-publish","hentry"],"_links":{"self":[{"href":"https:\/\/www.reveeveille.net\/musiqueverte\/wp-json\/wp\/v2\/pages\/2"}],"collection":[{"href":"https:\/\/www.reveeveille.net\/musiqueverte\/wp-json\/wp\/v2\/pages"}],"about":[{"href":"https:\/\/www.reveeveille.net\/musiqueverte\/wp-json\/wp\/v2\/types\/page"}],"author":[{"embeddable":true,"href":"https:\/\/www.reveeveille.net\/musiqueverte\/wp-json\/wp\/v2\/users\/1"}],"replies":[{"embeddable":true,"href":"https:\/\/www.reveeveille.net\/musiqueverte\/wp-json\/wp\/v2\/comments?post=2"}],"version-history":[{"count":12,"href":"https:\/\/www.reveeveille.net\/musiqueverte\/wp-json\/wp\/v2\/pages\/2\/revisions"}],"predecessor-version":[{"id":1377,"href":"https:\/\/www.reveeveille.net\/musiqueverte\/wp-json\/wp\/v2\/pages\/2\/revisions\/1377"}],"wp:attachment":[{"href":"https:\/\/www.reveeveille.net\/musiqueverte\/wp-json\/wp\/v2\/media?parent=2"}],"curies":[{"name":"wp","href":"https:\/\/api.w.org\/{rel}","templated":true}]}}