{"id":193,"date":"2021-12-10T16:18:43","date_gmt":"2021-12-10T15:18:43","guid":{"rendered":"http:\/\/www.reveeveille.net\/musiqueverte\/?page_id=193"},"modified":"2021-12-10T16:18:44","modified_gmt":"2021-12-10T15:18:44","slug":"sifflets","status":"publish","type":"page","link":"https:\/\/www.reveeveille.net\/musiqueverte\/instruments\/vents\/sifflets\/","title":{"rendered":"Sifflets"},"content":{"rendered":"\n<p>Cette rubrique regroupe tout ce qui \u00ab\u00a0siffle\u00a0\u00bb, c&rsquo;est \u00e0 dire produit un son assez aigu, puissant et strident. Le principe de production du son peut \u00eatre de plusieurs natures diff\u00e9rentes.<\/p>\n\n\n<div class=\"pt-cv-wrapper\"><div class=\"pt-cv-view pt-cv-grid pt-cv-colsys\" id=\"pt-cv-view-702e52be31\"><div data-id=\"pt-cv-page-1\" class=\"pt-cv-page\" data-cvc=\"2\"><div class=\"col-md-6 col-sm-6 col-xs-12 pt-cv-content-item pt-cv-1-col\" ><div class='pt-cv-ifield'><a href=\"https:\/\/www.reveeveille.net\/musiqueverte\/les-sifflets-de-type-flute-de-pan\/\" class=\"_self pt-cv-href-thumbnail pt-cv-thumb-default\" target=\"_self\" ><img loading=\"lazy\" decoding=\"async\" width=\"300\" height=\"199\" src=\"https:\/\/www.reveeveille.net\/musiqueverte\/wp-content\/uploads\/19000103_illustrations_musique_verte_62-300x199.jpg\" class=\"pt-cv-thumbnail\" alt=\"\" srcset=\"https:\/\/www.reveeveille.net\/musiqueverte\/wp-content\/uploads\/19000103_illustrations_musique_verte_62-300x199.jpg 300w, https:\/\/www.reveeveille.net\/musiqueverte\/wp-content\/uploads\/19000103_illustrations_musique_verte_62-768x510.jpg 768w, https:\/\/www.reveeveille.net\/musiqueverte\/wp-content\/uploads\/19000103_illustrations_musique_verte_62.jpg 1000w\" sizes=\"(max-width: 300px) 100vw, 300px\" \/><\/a>\n<h4 class=\"pt-cv-title\"><a href=\"https:\/\/www.reveeveille.net\/musiqueverte\/les-sifflets-de-type-flute-de-pan\/\" class=\"_self\" target=\"_self\" >Les sifflets de cupule de gland<\/a><\/h4><\/div><\/div>\n<div class=\"col-md-6 col-sm-6 col-xs-12 pt-cv-content-item pt-cv-1-col\" ><div class='pt-cv-ifield'><a href=\"https:\/\/www.reveeveille.net\/musiqueverte\/sifflet-de-feuille-dacacia\/\" class=\"_self pt-cv-href-thumbnail pt-cv-thumb-default\" target=\"_self\" ><img loading=\"lazy\" decoding=\"async\" width=\"300\" height=\"225\" src=\"https:\/\/www.reveeveille.net\/musiqueverte\/wp-content\/uploads\/19000103_illustrations_musique_verte_74-300x225.jpg\" class=\"pt-cv-thumbnail\" alt=\"\" srcset=\"https:\/\/www.reveeveille.net\/musiqueverte\/wp-content\/uploads\/19000103_illustrations_musique_verte_74-300x225.jpg 300w, https:\/\/www.reveeveille.net\/musiqueverte\/wp-content\/uploads\/19000103_illustrations_musique_verte_74-768x576.jpg 768w, https:\/\/www.reveeveille.net\/musiqueverte\/wp-content\/uploads\/19000103_illustrations_musique_verte_74.jpg 864w\" sizes=\"(max-width: 300px) 100vw, 300px\" \/><\/a>\n<h4 class=\"pt-cv-title\"><a href=\"https:\/\/www.reveeveille.net\/musiqueverte\/sifflet-de-feuille-dacacia\/\" class=\"_self\" target=\"_self\" >Sifflet de feuille d&rsquo;acacia<\/a><\/h4><\/div><\/div>\n<div class=\"col-md-6 col-sm-6 col-xs-12 pt-cv-content-item pt-cv-1-col\" ><div class='pt-cv-ifield'><a href=\"https:\/\/www.reveeveille.net\/musiqueverte\/sifflet-descargot\/\" class=\"_self pt-cv-href-thumbnail pt-cv-thumb-default\" target=\"_self\" ><img loading=\"lazy\" decoding=\"async\" width=\"300\" height=\"256\" src=\"https:\/\/www.reveeveille.net\/musiqueverte\/wp-content\/uploads\/19000103_illustrations_musique_verte_08-300x256.jpg\" class=\"pt-cv-thumbnail\" alt=\"\" srcset=\"https:\/\/www.reveeveille.net\/musiqueverte\/wp-content\/uploads\/19000103_illustrations_musique_verte_08-300x256.jpg 300w, https:\/\/www.reveeveille.net\/musiqueverte\/wp-content\/uploads\/19000103_illustrations_musique_verte_08.jpg 475w\" sizes=\"(max-width: 300px) 100vw, 300px\" \/><\/a>\n<h4 class=\"pt-cv-title\"><a href=\"https:\/\/www.reveeveille.net\/musiqueverte\/sifflet-descargot\/\" class=\"_self\" target=\"_self\" >Sifflet d&rsquo;escargot<\/a><\/h4><\/div><\/div>\n<div class=\"col-md-6 col-sm-6 col-xs-12 pt-cv-content-item pt-cv-1-col\" ><div class='pt-cv-ifield'><a href=\"https:\/\/www.reveeveille.net\/musiqueverte\/les-sifflets-dherbe\/\" class=\"_self pt-cv-href-thumbnail pt-cv-thumb-default\" target=\"_self\" ><img loading=\"lazy\" decoding=\"async\" width=\"237\" height=\"300\" src=\"https:\/\/www.reveeveille.net\/musiqueverte\/wp-content\/uploads\/20090508_musique_verte_runes_56-237x300.jpg\" class=\"pt-cv-thumbnail\" alt=\"\" srcset=\"https:\/\/www.reveeveille.net\/musiqueverte\/wp-content\/uploads\/20090508_musique_verte_runes_56-237x300.jpg 237w, https:\/\/www.reveeveille.net\/musiqueverte\/wp-content\/uploads\/20090508_musique_verte_runes_56-809x1024.jpg 809w, https:\/\/www.reveeveille.net\/musiqueverte\/wp-content\/uploads\/20090508_musique_verte_runes_56-768x973.jpg 768w, https:\/\/www.reveeveille.net\/musiqueverte\/wp-content\/uploads\/20090508_musique_verte_runes_56.jpg 1167w\" sizes=\"(max-width: 237px) 100vw, 237px\" \/><\/a>\n<h4 class=\"pt-cv-title\"><a href=\"https:\/\/www.reveeveille.net\/musiqueverte\/les-sifflets-dherbe\/\" class=\"_self\" target=\"_self\" >Les sifflets d&rsquo;herbe<\/a><\/h4><\/div><\/div>\n<div class=\"col-md-6 col-sm-6 col-xs-12 pt-cv-content-item pt-cv-1-col\" ><div class='pt-cv-ifield'><a href=\"https:\/\/www.reveeveille.net\/musiqueverte\/sifflets-de-tubes-creux\/\" class=\"_self pt-cv-href-thumbnail pt-cv-thumb-default\" target=\"_self\" ><img loading=\"lazy\" decoding=\"async\" width=\"300\" height=\"293\" src=\"https:\/\/www.reveeveille.net\/musiqueverte\/wp-content\/uploads\/19000103_illustrations_musique_verte_20-1-300x293.jpg\" class=\"pt-cv-thumbnail\" alt=\"\" srcset=\"https:\/\/www.reveeveille.net\/musiqueverte\/wp-content\/uploads\/19000103_illustrations_musique_verte_20-1-300x293.jpg 300w, https:\/\/www.reveeveille.net\/musiqueverte\/wp-content\/uploads\/19000103_illustrations_musique_verte_20-1.jpg 364w\" sizes=\"(max-width: 300px) 100vw, 300px\" \/><\/a>\n<h4 class=\"pt-cv-title\"><a href=\"https:\/\/www.reveeveille.net\/musiqueverte\/sifflets-de-tubes-creux\/\" class=\"_self\" target=\"_self\" >Sifflets de tubes creux<\/a><\/h4><\/div><\/div>\n<div class=\"col-md-6 col-sm-6 col-xs-12 pt-cv-content-item pt-cv-1-col\" ><div class='pt-cv-ifield'><a href=\"https:\/\/www.reveeveille.net\/musiqueverte\/le-sifflet-de-lierre\/\" class=\"_self pt-cv-href-thumbnail pt-cv-thumb-default\" target=\"_self\" ><img loading=\"lazy\" decoding=\"async\" width=\"300\" height=\"224\" src=\"https:\/\/www.reveeveille.net\/musiqueverte\/wp-content\/uploads\/20090508_musique_verte_runes_27-300x224.jpg\" class=\"pt-cv-thumbnail\" alt=\"\" srcset=\"https:\/\/www.reveeveille.net\/musiqueverte\/wp-content\/uploads\/20090508_musique_verte_runes_27-300x224.jpg 300w, https:\/\/www.reveeveille.net\/musiqueverte\/wp-content\/uploads\/20090508_musique_verte_runes_27-1024x766.jpg 1024w, https:\/\/www.reveeveille.net\/musiqueverte\/wp-content\/uploads\/20090508_musique_verte_runes_27-768x575.jpg 768w, https:\/\/www.reveeveille.net\/musiqueverte\/wp-content\/uploads\/20090508_musique_verte_runes_27-1536x1149.jpg 1536w, https:\/\/www.reveeveille.net\/musiqueverte\/wp-content\/uploads\/20090508_musique_verte_runes_27-2048x1532.jpg 2048w\" sizes=\"(max-width: 300px) 100vw, 300px\" \/><\/a>\n<h4 class=\"pt-cv-title\"><a href=\"https:\/\/www.reveeveille.net\/musiqueverte\/le-sifflet-de-lierre\/\" class=\"_self\" target=\"_self\" >Le sifflet de lierre<\/a><\/h4><\/div><\/div>\n<div class=\"col-md-6 col-sm-6 col-xs-12 pt-cv-content-item pt-cv-1-col\" ><div class='pt-cv-ifield'><a href=\"https:\/\/www.reveeveille.net\/musiqueverte\/le-sifflet-a-bec\/\" class=\"_self pt-cv-href-thumbnail pt-cv-thumb-default\" target=\"_self\" ><img loading=\"lazy\" decoding=\"async\" width=\"300\" height=\"169\" src=\"https:\/\/www.reveeveille.net\/musiqueverte\/wp-content\/uploads\/19000103_illustrations_musique_verte_09-300x169.jpg\" class=\"pt-cv-thumbnail\" alt=\"\" srcset=\"https:\/\/www.reveeveille.net\/musiqueverte\/wp-content\/uploads\/19000103_illustrations_musique_verte_09-300x169.jpg 300w, https:\/\/www.reveeveille.net\/musiqueverte\/wp-content\/uploads\/19000103_illustrations_musique_verte_09.jpg 558w\" sizes=\"(max-width: 300px) 100vw, 300px\" \/><\/a>\n<h4 class=\"pt-cv-title\"><a href=\"https:\/\/www.reveeveille.net\/musiqueverte\/le-sifflet-a-bec\/\" class=\"_self\" target=\"_self\" >Le sifflet \u00e0 bec<\/a><\/h4><\/div><\/div><\/div><\/div><\/div>\n","protected":false},"excerpt":{"rendered":"<p>Cette rubrique regroupe tout ce qui \u00ab\u00a0siffle\u00a0\u00bb, c&rsquo;est \u00e0 dire produit un son assez aigu, puissant et strident. Le principe de production du son peut \u00eatre de plusieurs natures diff\u00e9rentes.<\/p>\n","protected":false},"author":1,"featured_media":0,"parent":543,"menu_order":0,"comment_status":"closed","ping_status":"closed","template":"","meta":{"footnotes":""},"class_list":["post-193","page","type-page","status-publish","hentry"],"_links":{"self":[{"href":"https:\/\/www.reveeveille.net\/musiqueverte\/wp-json\/wp\/v2\/pages\/193"}],"collection":[{"href":"https:\/\/www.reveeveille.net\/musiqueverte\/wp-json\/wp\/v2\/pages"}],"about":[{"href":"https:\/\/www.reveeveille.net\/musiqueverte\/wp-json\/wp\/v2\/types\/page"}],"author":[{"embeddable":true,"href":"https:\/\/www.reveeveille.net\/musiqueverte\/wp-json\/wp\/v2\/users\/1"}],"replies":[{"embeddable":true,"href":"https:\/\/www.reveeveille.net\/musiqueverte\/wp-json\/wp\/v2\/comments?post=193"}],"version-history":[{"count":3,"href":"https:\/\/www.reveeveille.net\/musiqueverte\/wp-json\/wp\/v2\/pages\/193\/revisions"}],"predecessor-version":[{"id":1020,"href":"https:\/\/www.reveeveille.net\/musiqueverte\/wp-json\/wp\/v2\/pages\/193\/revisions\/1020"}],"up":[{"embeddable":true,"href":"https:\/\/www.reveeveille.net\/musiqueverte\/wp-json\/wp\/v2\/pages\/543"}],"wp:attachment":[{"href":"https:\/\/www.reveeveille.net\/musiqueverte\/wp-json\/wp\/v2\/media?parent=193"}],"curies":[{"name":"wp","href":"https:\/\/api.w.org\/{rel}","templated":true}]}}