{"id":178,"date":"2021-12-10T16:21:33","date_gmt":"2021-12-10T15:21:33","guid":{"rendered":"http:\/\/www.reveeveille.net\/musiqueverte\/?page_id=178"},"modified":"2021-12-10T16:21:33","modified_gmt":"2021-12-10T15:21:33","slug":"outils-2","status":"publish","type":"page","link":"https:\/\/www.reveeveille.net\/musiqueverte\/outils-2\/","title":{"rendered":"Outils"},"content":{"rendered":"\n<p>Si l&rsquo;on s&rsquo;en tient \u00e0&nbsp;une d\u00e9finition stricte de ce qu&rsquo;est la musique verte, un seul outil serait sans doute \u00ab\u00a0autoris\u00e9\u00a0\u00bb :&nbsp;la main !<\/p>\n\n\n\n<p>Il est vrai qu&rsquo;avec les mains il est d\u00e9j\u00e0 possible de r\u00e9aliser un grand nombre de choses : sifflets d&rsquo;herbe, hautbois de pissenlit, sifflets de lierre, guiros de card\u00e8re (en se piquant un peu, sans doute)&#8230; pouvoir en faire autant sans aucun accessoire permet au passage de rendre toutes ces petites manips accessibles \u00e0 des enfants encore petits&#8230; Malgr\u00e9 tout, le besoin d&rsquo;outils suppl\u00e9mentaires se fait rapidement sentir pour aller plus loin. Voici ceux que j&rsquo;utilise :<\/p>\n\n\n\n<h2 class=\"wp-block-heading\">L&rsquo;indispensable<\/h2>\n\n\n\n<h4 class=\"wp-block-heading\">Le couteau<\/h4>\n\n\n\n<p>Il permet de r\u00e9aliser un tr\u00e8s grand nombre d&rsquo;instruments suppl\u00e9mentaires. <a href=\"http:\/\/www.reveeveille.net\/musiqueverte\/sifflets-de-tubes-creux\/\">Sifflets <\/a>de fr\u00eane, <a href=\"http:\/\/www.reveeveille.net\/musiqueverte\/la-flute-de-pan\/\">fl\u00fbtes de pan <\/a>d&rsquo;<a href=\"http:\/\/www.reveeveille.net\/musiqueverte\/les-grandes-ombelliferes\/\">ombellif\u00e8res<\/a>, <a href=\"http:\/\/www.reveeveille.net\/musiqueverte\/le-pipoir\/\">pipoirs<\/a>&#8230; Ne pas en avoir est absolument r\u00e9dhibitoire. Vous l&rsquo;avez reconnu ? C&rsquo;est le couteau, bien s\u00fbr !<\/p>\n\n\n\n<p>Pas besoin d&rsquo;un outil de guerrier. Un petit couteau \u00e0 lame bien fine, type couteaux de cuisine, est parfait. L&rsquo;opinel est bien aussi. Un certain nombre de couteaux de terrain r\u00e9put\u00e9s, comme les Laguiole ou autres, ont par contre une lame un peu trop \u00e9paisse qui&nbsp;peine \u00e0 p\u00e9n\u00e9trer&nbsp;en profondeur dans des fibres v\u00e9g\u00e9tales.<\/p>\n\n\n\n<p>Il faudra que ce couteau &#8230; coupe,&nbsp;et tr\u00e8s bien ! Faire de belles entailles propres, \u00e9viter de casser un tube d&rsquo;ombellif\u00e8re&#8230; \u00e7a ne se r\u00e9ussit qu&rsquo;avec une lame parfaitement aiguis\u00e9e.<\/p>\n\n\n\n<p>La question de la s\u00e9curit\u00e9, avec les enfants en particulier, se pose \u00e9videmment imm\u00e9diatement. Je ne suis pourtant pas certain qu&rsquo;un couteau mal aiguis\u00e9 soit moins dangereux car il oblige \u00e0 forcer pour \u00eatre efficace. Il faut juste apprendre aux d\u00e9butants les bons gestes, qui consistent en particulier \u00e0 ne jamais mettre un bout de chair dans la trajectoire de coupe. Je crois bien que \u00e7a fait quelques ann\u00e9es que je ne me suis plus fait la moindre minuscule entaille avec un couteau, c&rsquo;est possible.<\/p>\n\n\n\n<h2 class=\"wp-block-heading\">Les outils de confort<\/h2>\n\n\n\n<p>Ils permettent de fabriquer un ou deux instrument suppl\u00e9mentaires, ou de travailler plus vite et mieux.<\/p>\n\n\n\n<h4 class=\"wp-block-heading\">Le&nbsp;s\u00e9cateur<\/h4>\n\n\n\n<p>D\u00e8s qu&rsquo;il s&rsquo;agit de couper des v\u00e9g\u00e9taux plus r\u00e9sistants que de l&rsquo;herbe ou une ombellif\u00e8re,&nbsp;comme des rameaux de fr\u00eane par exemple, le couteau devient mal pratique : il faut tourner et retourner l&rsquo;objet \u00e0 couper, et&nbsp;au final on casse le c\u0153ur pour aller plus vite. Le s\u00e9cateur permet d&rsquo;aller beaucoup plus vite, et surtout d&rsquo;obtenir des coupes franches. Le s\u00e9cateur doit imp\u00e9rativement avoir deux qualit\u00e9s. Il doit \u00eatre tr\u00e8s bien aiguis\u00e9, sous peine d&rsquo;\u00e9craser le bois, et il doit \u00eatre solide, plut\u00f4t avec&nbsp;des poign\u00e9es en m\u00e9tal. Id\u00e9al : les outils&nbsp;\u00e0 \u00ab\u00a0serrages multiples\u00a0\u00bb (on peut proc\u00e9der en plusieurs pressions successives pour couper une branche r\u00e9calcitrante).<\/p>\n\n\n\n<h4 class=\"wp-block-heading\">La ficelle<\/h4>\n\n\n\n<p>Un certain nombre d&rsquo;instruments n\u00e9cessitent de relier ensemble plusieurs \u00e9l\u00e9ments s\u00e9par\u00e9s. Bien s\u00fbr, il est possible de r\u00e9aliser des ligatures avec des herbes, plates ou rondes. Mais assembler une fl\u00fbte de pan de 10 ou 15 tubes ou une marimba de renou\u00e9e avec de l&rsquo;herbe, c&rsquo;est vraiment, vraiment plus d\u00e9licat. Alors je m&rsquo;autorise ce petit extra. Une ficelle de chanvre assez fine permettra de faire \u00e0 peu pr\u00e8s tout ce dont on a besoin, par contre elle se d\u00e9tendra rapidement, ce qui obligera \u00e0 retendre l&rsquo;assemblage quelques jours apr\u00e8s la fabrication. Moins \u00ab\u00a0vert\u00a0\u00bb, mais plus efficace et durable : la ficelle de nylon tress\u00e9.<\/p>\n\n\n\n<h4 class=\"wp-block-heading\">Une lime ronde fine<\/h4>\n\n\n\n<p>Elle sera utile pour bien nettoyer l&rsquo;int\u00e9rieur des tubes creux, vider les rameaux de sureau, cr\u00e9er l&rsquo;encoche d&rsquo;une <a href=\"http:\/\/www.reveeveille.net\/musiqueverte\/la-kena\/\">k\u00e9na<\/a>&#8230; Un tube mal nettoy\u00e9 sonnera mal, produisant beaucoup de souffle d&rsquo;air pour peu de note utile. Choisissez un petit diam\u00e8tre (genre 5 mm) pour entrer dans des tubes de petites dimensions, et la plus grande longueur possible.<\/p>\n\n\n\n<p>Pour les tubes tr\u00e8s longs il vous faudra fabriquer votre outil vous m\u00eame : procurez-vous une barre de fer plat, de diam\u00e8tre inf\u00e9rieur \u00e0 celui du tube, collez dessus du papier de verre de diff\u00e9rents grains (ou faites plusieurs outils).<\/p>\n\n\n\n<h4 class=\"wp-block-heading\">Une petite scie<\/h4>\n\n\n\n<p>Pour couper des rameaux de bois trop&nbsp;\u00e9pais ou trop durs&nbsp;pour le s\u00e9cateur, comme par exemple les gros rameaux de sureau utiles \u00e0 la fabrication des <a href=\"http:\/\/www.reveeveille.net\/musiqueverte\/la-kena\/\">k\u00e9nas <\/a>ou de <a href=\"http:\/\/www.reveeveille.net\/musiqueverte\/le-kaval-le-nai\/\">Kavals<\/a>. Une scie \u00e0 m\u00e9taux sera parfaite.<\/p>\n\n\n\n<h4 class=\"wp-block-heading\">Du papier de verre<\/h4>\n\n\n\n<p>&#8230; pour faire de belles finitions. En particulier, adoucir les bords des <a href=\"http:\/\/www.reveeveille.net\/musiqueverte\/la-flute-de-pan\/\">fl\u00fbtes de pan<\/a>, parties qui seront en contact avec les l\u00e8vres, et r\u00e2peront cruellement si elles ne sont pas finement ponc\u00e9es.<\/p>\n","protected":false},"excerpt":{"rendered":"<p>Si l&rsquo;on s&rsquo;en tient \u00e0&nbsp;une d\u00e9finition stricte de ce qu&rsquo;est la musique verte, un seul outil serait sans doute \u00ab\u00a0autoris\u00e9\u00a0\u00bb :&nbsp;la main ! Il est vrai qu&rsquo;avec les mains il&hellip; <\/p>\n","protected":false},"author":1,"featured_media":0,"parent":0,"menu_order":0,"comment_status":"closed","ping_status":"closed","template":"","meta":{"footnotes":""},"class_list":["post-178","page","type-page","status-publish","hentry"],"_links":{"self":[{"href":"https:\/\/www.reveeveille.net\/musiqueverte\/wp-json\/wp\/v2\/pages\/178"}],"collection":[{"href":"https:\/\/www.reveeveille.net\/musiqueverte\/wp-json\/wp\/v2\/pages"}],"about":[{"href":"https:\/\/www.reveeveille.net\/musiqueverte\/wp-json\/wp\/v2\/types\/page"}],"author":[{"embeddable":true,"href":"https:\/\/www.reveeveille.net\/musiqueverte\/wp-json\/wp\/v2\/users\/1"}],"replies":[{"embeddable":true,"href":"https:\/\/www.reveeveille.net\/musiqueverte\/wp-json\/wp\/v2\/comments?post=178"}],"version-history":[{"count":4,"href":"https:\/\/www.reveeveille.net\/musiqueverte\/wp-json\/wp\/v2\/pages\/178\/revisions"}],"predecessor-version":[{"id":1027,"href":"https:\/\/www.reveeveille.net\/musiqueverte\/wp-json\/wp\/v2\/pages\/178\/revisions\/1027"}],"wp:attachment":[{"href":"https:\/\/www.reveeveille.net\/musiqueverte\/wp-json\/wp\/v2\/media?parent=178"}],"curies":[{"name":"wp","href":"https:\/\/api.w.org\/{rel}","templated":true}]}}