{"id":11,"date":"2021-12-10T16:25:32","date_gmt":"2021-12-10T15:25:32","guid":{"rendered":"http:\/\/www.reveeveille.net\/musiqueverte\/?page_id=11"},"modified":"2021-12-10T16:25:32","modified_gmt":"2021-12-10T15:25:32","slug":"pratiques","status":"publish","type":"page","link":"https:\/\/www.reveeveille.net\/musiqueverte\/pratiques\/","title":{"rendered":"Utilisations"},"content":{"rendered":"\n<p>Fabriquer et utiliser des instruments de musique verte est une source quasi in\u00e9puisable de petits bonheurs. Le simple apprentissage du bon&nbsp;geste&nbsp;peut \u00eatre long. Une d\u00e9coupe mal plac\u00e9e et le sifflet ne sifflera pas. Une pression trop forte des l\u00e8vres sur la tige du pissenlit&nbsp;et l&rsquo;anche \u00e9cras\u00e9e&nbsp;restera silencieuse. Une fois les bases acquises,&nbsp;il y a toujours de quoi avancer, tester de nouveaux mat\u00e9riaux, exp\u00e9rimenter des utilisations diff\u00e9rentes. Tout cela est tr\u00e8s riche et suffira largement&nbsp;\u00e0 la plupart d&rsquo;entre nous.<\/p>\n\n\n\n<p>Mais la musique verte peut \u00e9galement \u00eatre consid\u00e9r\u00e9e comme un outil au service d&rsquo;autre chose. Les \u00e9ducateurs \u00e0 l&rsquo;environnement appr\u00e9cieront d&rsquo;y avoir recours pour faire toucher du doigt, par une approche ludique, les d\u00e9tails secrets du monde v\u00e9g\u00e9tal. Les musiciens auront peut-\u00eatre envie d&rsquo;explorer plus en profondeur les ambiances sonores et musicales que l&rsquo;on pourra en tirer&#8230; C&rsquo;est toutes ces extensions possibles que se propose d&rsquo;explorer cette rubrique.<\/p>\n\n\n<div class=\"pt-cv-wrapper\"><div class=\"pt-cv-view pt-cv-grid pt-cv-colsys\" id=\"pt-cv-view-1e4e35498a\"><div data-id=\"pt-cv-page-1\" class=\"pt-cv-page\" data-cvc=\"2\"><div class=\"col-md-6 col-sm-6 col-xs-12 pt-cv-content-item pt-cv-1-col\" ><div class='pt-cv-ifield'><a href=\"https:\/\/www.reveeveille.net\/musiqueverte\/des-instruments-pour-imiter-les-chants-des-oiseaux\/\" class=\"_self pt-cv-href-thumbnail pt-cv-thumb-default\" target=\"_self\" ><img loading=\"lazy\" decoding=\"async\" width=\"300\" height=\"224\" src=\"https:\/\/www.reveeveille.net\/musiqueverte\/wp-content\/uploads\/20080619_aventure_oiseau_06-300x224.jpg\" class=\"pt-cv-thumbnail\" alt=\"\" srcset=\"https:\/\/www.reveeveille.net\/musiqueverte\/wp-content\/uploads\/20080619_aventure_oiseau_06-300x224.jpg 300w, https:\/\/www.reveeveille.net\/musiqueverte\/wp-content\/uploads\/20080619_aventure_oiseau_06-1024x766.jpg 1024w, https:\/\/www.reveeveille.net\/musiqueverte\/wp-content\/uploads\/20080619_aventure_oiseau_06-768x574.jpg 768w, https:\/\/www.reveeveille.net\/musiqueverte\/wp-content\/uploads\/20080619_aventure_oiseau_06.jpg 1500w\" sizes=\"(max-width: 300px) 100vw, 300px\" \/><\/a>\n<h4 class=\"pt-cv-title\"><a href=\"https:\/\/www.reveeveille.net\/musiqueverte\/des-instruments-pour-imiter-les-chants-des-oiseaux\/\" class=\"_self\" target=\"_self\" >Des instruments pour imiter les chants des oiseaux<\/a><\/h4><\/div><\/div><\/div><\/div><\/div>\n","protected":false},"excerpt":{"rendered":"<p>Fabriquer et utiliser des instruments de musique verte est une source quasi in\u00e9puisable de petits bonheurs. Le simple apprentissage du bon&nbsp;geste&nbsp;peut \u00eatre long. Une d\u00e9coupe mal plac\u00e9e et le sifflet&hellip; <\/p>\n","protected":false},"author":1,"featured_media":0,"parent":0,"menu_order":0,"comment_status":"closed","ping_status":"closed","template":"","meta":{"footnotes":""},"class_list":["post-11","page","type-page","status-publish","hentry"],"_links":{"self":[{"href":"https:\/\/www.reveeveille.net\/musiqueverte\/wp-json\/wp\/v2\/pages\/11"}],"collection":[{"href":"https:\/\/www.reveeveille.net\/musiqueverte\/wp-json\/wp\/v2\/pages"}],"about":[{"href":"https:\/\/www.reveeveille.net\/musiqueverte\/wp-json\/wp\/v2\/types\/page"}],"author":[{"embeddable":true,"href":"https:\/\/www.reveeveille.net\/musiqueverte\/wp-json\/wp\/v2\/users\/1"}],"replies":[{"embeddable":true,"href":"https:\/\/www.reveeveille.net\/musiqueverte\/wp-json\/wp\/v2\/comments?post=11"}],"version-history":[{"count":5,"href":"https:\/\/www.reveeveille.net\/musiqueverte\/wp-json\/wp\/v2\/pages\/11\/revisions"}],"predecessor-version":[{"id":1031,"href":"https:\/\/www.reveeveille.net\/musiqueverte\/wp-json\/wp\/v2\/pages\/11\/revisions\/1031"}],"wp:attachment":[{"href":"https:\/\/www.reveeveille.net\/musiqueverte\/wp-json\/wp\/v2\/media?parent=11"}],"curies":[{"name":"wp","href":"https:\/\/api.w.org\/{rel}","templated":true}]}}