
{"id":839,"date":"2021-11-24T16:30:12","date_gmt":"2021-11-24T16:30:12","guid":{"rendered":"http:\/\/reveeveille.net\/lamontagnetranquille\/?page_id=839"},"modified":"2021-11-24T16:30:13","modified_gmt":"2021-11-24T16:30:13","slug":"projets","status":"publish","type":"page","link":"https:\/\/www.reveeveille.net\/lamontagnetranquille\/projets\/","title":{"rendered":"Projets"},"content":{"rendered":"\n<p>Dans cette rubrique, je parle de balades en montagne avant qu&rsquo;elles aient eu lieu. Comme \u00e7a, pour raconter comment na\u00eet et prosp\u00e8re une id\u00e9e, quels sont les tours et d\u00e9tours de la pr\u00e9paration. Ces pages constituent donc une sorte de \u00ab\u00a0journal\u00a0\u00bb de la pr\u00e9paration des prochains projets que j&rsquo;ai en t\u00eate, et qui se feront ou ne se feront pas&#8230;<\/p>\n\n\n<div class=\"pt-cv-wrapper\"><div class=\"pt-cv-view pt-cv-grid pt-cv-colsys\" id=\"pt-cv-view-196ef39dc3\"><div data-id=\"pt-cv-page-1\" class=\"pt-cv-page\" data-cvc=\"2\"><div class=\"col-md-6 col-sm-6 col-xs-12 pt-cv-content-item pt-cv-1-col\" ><div class='pt-cv-ifield'><a href=\"https:\/\/www.reveeveille.net\/lamontagnetranquille\/trois-nuits-au-sommet-du-mont-blanc\/\" class=\"_self pt-cv-href-thumbnail pt-cv-thumb-default\" target=\"_self\" ><img loading=\"lazy\" decoding=\"async\" width=\"300\" height=\"203\" src=\"https:\/\/www.reveeveille.net\/lamontagnetranquille\/wp-content\/uploads\/2021\/11\/19840815_mont_blanc_par_miage_et_bionassay_eric_02-300x203.jpg\" class=\"pt-cv-thumbnail\" alt=\"\" srcset=\"https:\/\/www.reveeveille.net\/lamontagnetranquille\/wp-content\/uploads\/2021\/11\/19840815_mont_blanc_par_miage_et_bionassay_eric_02-300x203.jpg 300w, https:\/\/www.reveeveille.net\/lamontagnetranquille\/wp-content\/uploads\/2021\/11\/19840815_mont_blanc_par_miage_et_bionassay_eric_02-1024x692.jpg 1024w, https:\/\/www.reveeveille.net\/lamontagnetranquille\/wp-content\/uploads\/2021\/11\/19840815_mont_blanc_par_miage_et_bionassay_eric_02-768x519.jpg 768w, https:\/\/www.reveeveille.net\/lamontagnetranquille\/wp-content\/uploads\/2021\/11\/19840815_mont_blanc_par_miage_et_bionassay_eric_02.jpg 1500w\" sizes=\"auto, (max-width: 300px) 100vw, 300px\" \/><\/a>\n<h4 class=\"pt-cv-title\"><a href=\"https:\/\/www.reveeveille.net\/lamontagnetranquille\/trois-nuits-au-sommet-du-mont-blanc\/\" class=\"_self\" target=\"_self\" >Trois nuits au sommet du Mont-Blanc<\/a><\/h4><\/div><\/div><\/div><\/div><\/div>\n","protected":false},"excerpt":{"rendered":"<p>Dans cette rubrique, je parle de balades en montagne avant qu&rsquo;elles aient eu lieu. Comme \u00e7a, pour raconter comment na\u00eet et prosp\u00e8re une id\u00e9e, quels sont les tours et d\u00e9tours&hellip; <\/p>\n","protected":false},"author":1,"featured_media":0,"parent":0,"menu_order":0,"comment_status":"closed","ping_status":"open","template":"","meta":{"footnotes":""},"class_list":["post-839","page","type-page","status-publish","hentry"],"_links":{"self":[{"href":"https:\/\/www.reveeveille.net\/lamontagnetranquille\/wp-json\/wp\/v2\/pages\/839","targetHints":{"allow":["GET"]}}],"collection":[{"href":"https:\/\/www.reveeveille.net\/lamontagnetranquille\/wp-json\/wp\/v2\/pages"}],"about":[{"href":"https:\/\/www.reveeveille.net\/lamontagnetranquille\/wp-json\/wp\/v2\/types\/page"}],"author":[{"embeddable":true,"href":"https:\/\/www.reveeveille.net\/lamontagnetranquille\/wp-json\/wp\/v2\/users\/1"}],"replies":[{"embeddable":true,"href":"https:\/\/www.reveeveille.net\/lamontagnetranquille\/wp-json\/wp\/v2\/comments?post=839"}],"version-history":[{"count":3,"href":"https:\/\/www.reveeveille.net\/lamontagnetranquille\/wp-json\/wp\/v2\/pages\/839\/revisions"}],"predecessor-version":[{"id":1285,"href":"https:\/\/www.reveeveille.net\/lamontagnetranquille\/wp-json\/wp\/v2\/pages\/839\/revisions\/1285"}],"wp:attachment":[{"href":"https:\/\/www.reveeveille.net\/lamontagnetranquille\/wp-json\/wp\/v2\/media?parent=839"}],"curies":[{"name":"wp","href":"https:\/\/api.w.org\/{rel}","templated":true}]}}