{"id":49,"date":"2021-10-26T16:36:34","date_gmt":"2021-10-26T16:36:34","guid":{"rendered":"https:\/\/www.reveeveille.net\/?page_id=49"},"modified":"2023-12-08T13:33:00","modified_gmt":"2023-12-08T13:33:00","slug":"contact","status":"publish","type":"page","link":"https:\/\/www.reveeveille.net\/?page_id=49","title":{"rendered":"Contact"},"content":{"rendered":"\n<p>Salut les amis, vous pouvez me joindre par mail ici : marc (point) lemonnier44 (at) gmail (point) com<\/p>\n\n\n\n<p>N&rsquo;oubliez pas bien s\u00fbr de replacer l&rsquo;arobase et le point l\u00e0 o\u00f9 il faut<\/p>\n\n\n\n<p>Allez, j&rsquo;attends de vos nouvelles<\/p>\n\n\n\n<p class=\"has-text-align-right\">Marc<\/p>\n","protected":false},"excerpt":{"rendered":"<p>Salut les amis, vous pouvez me joindre par mail ici : marc (point) lemonnier44 (at) gmail (point) com N&rsquo;oubliez pas bien s\u00fbr de replacer l&rsquo;arobase et le point l\u00e0 o\u00f9 il faut Allez, j&rsquo;attends de vos nouvelles Marc<\/p>\n","protected":false},"author":1,"featured_media":0,"parent":0,"menu_order":0,"comment_status":"closed","ping_status":"closed","template":"","meta":{"footnotes":""},"class_list":["post-49","page","type-page","status-publish","hentry"],"_links":{"self":[{"href":"https:\/\/www.reveeveille.net\/index.php?rest_route=\/wp\/v2\/pages\/49","targetHints":{"allow":["GET"]}}],"collection":[{"href":"https:\/\/www.reveeveille.net\/index.php?rest_route=\/wp\/v2\/pages"}],"about":[{"href":"https:\/\/www.reveeveille.net\/index.php?rest_route=\/wp\/v2\/types\/page"}],"author":[{"embeddable":true,"href":"https:\/\/www.reveeveille.net\/index.php?rest_route=\/wp\/v2\/users\/1"}],"replies":[{"embeddable":true,"href":"https:\/\/www.reveeveille.net\/index.php?rest_route=%2Fwp%2Fv2%2Fcomments&post=49"}],"version-history":[{"count":2,"href":"https:\/\/www.reveeveille.net\/index.php?rest_route=\/wp\/v2\/pages\/49\/revisions"}],"predecessor-version":[{"id":64,"href":"https:\/\/www.reveeveille.net\/index.php?rest_route=\/wp\/v2\/pages\/49\/revisions\/64"}],"wp:attachment":[{"href":"https:\/\/www.reveeveille.net\/index.php?rest_route=%2Fwp%2Fv2%2Fmedia&parent=49"}],"curies":[{"name":"wp","href":"https:\/\/api.w.org\/{rel}","templated":true}]}}