{"id":39,"date":"2021-10-26T15:14:02","date_gmt":"2021-10-26T15:14:02","guid":{"rendered":"https:\/\/www.reveeveille.net\/?page_id=39"},"modified":"2021-10-26T15:14:02","modified_gmt":"2021-10-26T15:14:02","slug":"si-vous-avez-des-contacts-musicaux","status":"publish","type":"page","link":"https:\/\/www.reveeveille.net\/?page_id=39","title":{"rendered":"Si vous avez des contacts musicaux"},"content":{"rendered":"\n<p>Je suis musicien professionnel, et je joue dans plusieurs groupes de styles divers (correspondant \u00e0 peu pr\u00e8s aux styles des morceaux pr\u00e9sent\u00e9s dans le site \u00ab\u00a0<a href=\"http:\/\/www.reveeveille.net\/musiquesapartager\">Musiques \u00e0 partager<\/a>\u00ab\u00a0). Comme vous vous en doutez, on est toujours en recherche de lieux pour jouer, c&rsquo;est le sens de notre travail&#8230; et aussi le moyen de nourrir ma petite famille !<\/p>\n\n\n\n<p>Alors, s&rsquo;il vous arrive d&rsquo;organiser des concerts, des bals folk, ou si vous connaissez des gens ou des associations qui le font, peut-\u00eatre que vous pourriez faire un petit tour du c\u00f4t\u00e9 des <a href=\"http:\/\/www.reveeveille.net\/un_ecrit.aspx?idecrit=496\">sites web de ces groupes<\/a>, pour voir s&rsquo;il n&rsquo;y en aurait pas un qui pourrait vous plaire, et avec lequel on se ferait un plaisir de vous rendre une petite visite ?<\/p>\n\n\n\n<p>Merci d&rsquo;avance.<\/p>\n","protected":false},"excerpt":{"rendered":"<p>Je suis musicien professionnel, et je joue dans plusieurs groupes de styles divers (correspondant \u00e0 peu pr\u00e8s aux styles des morceaux pr\u00e9sent\u00e9s dans le site \u00ab\u00a0Musiques \u00e0 partager\u00ab\u00a0). Comme vous vous en doutez, on est toujours en recherche de lieux pour jouer, c&rsquo;est le sens de notre travail&#8230; et aussi le moyen de nourrir ma petite famille ! Alors, s&rsquo;il vous arrive d&rsquo;organiser des concerts, des bals folk, ou si vous connaissez des gens ou des associations qui le font, peut-\u00eatre que vous pourriez faire un petit tour du c\u00f4t\u00e9 des sites web de ces groupes, pour voir s&rsquo;il n&rsquo;y en aurait pas un qui pourrait vous plaire, et avec lequel on se ferait un plaisir de vous rendre une petite visite ? Merci d&rsquo;avance.<\/p>\n","protected":false},"author":1,"featured_media":0,"parent":0,"menu_order":0,"comment_status":"closed","ping_status":"closed","template":"","meta":{"footnotes":""},"class_list":["post-39","page","type-page","status-publish","hentry"],"_links":{"self":[{"href":"https:\/\/www.reveeveille.net\/index.php?rest_route=\/wp\/v2\/pages\/39","targetHints":{"allow":["GET"]}}],"collection":[{"href":"https:\/\/www.reveeveille.net\/index.php?rest_route=\/wp\/v2\/pages"}],"about":[{"href":"https:\/\/www.reveeveille.net\/index.php?rest_route=\/wp\/v2\/types\/page"}],"author":[{"embeddable":true,"href":"https:\/\/www.reveeveille.net\/index.php?rest_route=\/wp\/v2\/users\/1"}],"replies":[{"embeddable":true,"href":"https:\/\/www.reveeveille.net\/index.php?rest_route=%2Fwp%2Fv2%2Fcomments&post=39"}],"version-history":[{"count":1,"href":"https:\/\/www.reveeveille.net\/index.php?rest_route=\/wp\/v2\/pages\/39\/revisions"}],"predecessor-version":[{"id":40,"href":"https:\/\/www.reveeveille.net\/index.php?rest_route=\/wp\/v2\/pages\/39\/revisions\/40"}],"wp:attachment":[{"href":"https:\/\/www.reveeveille.net\/index.php?rest_route=%2Fwp%2Fv2%2Fmedia&parent=39"}],"curies":[{"name":"wp","href":"https:\/\/api.w.org\/{rel}","templated":true}]}}