{"id":37,"date":"2021-10-26T15:12:19","date_gmt":"2021-10-26T15:12:19","guid":{"rendered":"https:\/\/www.reveeveille.net\/?page_id=37"},"modified":"2021-10-26T15:12:19","modified_gmt":"2021-10-26T15:12:19","slug":"communiquer","status":"publish","type":"page","link":"https:\/\/www.reveeveille.net\/?page_id=37","title":{"rendered":"Communiquer"},"content":{"rendered":"\n<p>Ce site avance principalement gr\u00e2ce \u00e0 la communication : avec ceux qui y passent, mais aussi avec ceux que je rencontre \u00ab\u00a0chez eux\u00a0\u00bb, sur leurs propres sites.<\/p>\n\n\n\n<p>Parfois, des visiteurs me posent des questions (voire une colle) concernant le sujet d&rsquo;une des rubriques de R\u00eave \u00e9veill\u00e9\u00a0\u00bb. G\u00e9n\u00e9ralement, je commence un mail de r\u00e9ponse, et puis apr\u00e8s avoir planch\u00e9 un certain temps je me dis que c&rsquo;est trop b\u00eate de ne pas en faire profiter les autres. Alors je copie ce que j&rsquo;ai d\u00e9j\u00e0 \u00e9crit dans une page vierge et j&rsquo;approfondis le sujet dans le site.<\/p>\n\n\n\n<p>D&rsquo;autres fois, un visiteur m&rsquo;apporte spontan\u00e9ment une pr\u00e9cision sur un article. Je m&#8217;empresse alors de l&rsquo;int\u00e9grer l\u00e0 o\u00f9 elle trouve sa place naturelle.<\/p>\n\n\n\n<p>De temps \u00e0 autres, un mail avec un simple merci tombe dans ma boite.<\/p>\n\n\n\n<p>Chaque fois, le simple fait d&rsquo;\u00e9changer sur une passion r\u00e9active ma motivation et mon envie d&rsquo;approfondir&#8230; et donc d&rsquo;\u00e9crire dans ce site !<\/p>\n\n\n\n<p>N&rsquo;h\u00e9sitez donc surtout pas \u00e0 <a href=\"http:\/\/www.reveeveille.net\/contact\">me faire un petit signe<\/a>&#8230; pour n&rsquo;importe laquelle de ces raisons&#8230; ou pour une autre que je n&rsquo;imagine pas encore !<\/p>\n\n\n\n<p>A tout de suite !<\/p>\n","protected":false},"excerpt":{"rendered":"<p>Ce site avance principalement gr\u00e2ce \u00e0 la communication : avec ceux qui y passent, mais aussi avec ceux que je rencontre \u00ab\u00a0chez eux\u00a0\u00bb, sur leurs propres sites. Parfois, des visiteurs me posent des questions (voire une colle) concernant le sujet d&rsquo;une des rubriques de R\u00eave \u00e9veill\u00e9\u00a0\u00bb. G\u00e9n\u00e9ralement, je commence un mail de r\u00e9ponse, et puis apr\u00e8s avoir planch\u00e9 un certain temps je me dis que c&rsquo;est trop b\u00eate de ne pas en faire profiter les autres. Alors je copie ce que j&rsquo;ai d\u00e9j\u00e0 \u00e9crit dans une page vierge et j&rsquo;approfondis le sujet dans le site. D&rsquo;autres fois, un visiteur m&rsquo;apporte spontan\u00e9ment une pr\u00e9cision sur un article. Je m&#8217;empresse alors de l&rsquo;int\u00e9grer l\u00e0 o\u00f9 elle trouve sa place naturelle. De temps \u00e0 autres, un mail avec un simple merci tombe dans ma boite. Chaque fois, le simple fait d&rsquo;\u00e9changer sur une passion r\u00e9active ma motivation et mon envie d&rsquo;approfondir&#8230; et donc d&rsquo;\u00e9crire dans ce site ! N&rsquo;h\u00e9sitez donc surtout pas \u00e0 me faire un petit signe&#8230; pour n&rsquo;importe laquelle de ces raisons&#8230; ou pour une autre que je n&rsquo;imagine pas encore ! A tout de suite !<\/p>\n","protected":false},"author":1,"featured_media":0,"parent":0,"menu_order":0,"comment_status":"closed","ping_status":"closed","template":"","meta":{"footnotes":""},"class_list":["post-37","page","type-page","status-publish","hentry"],"_links":{"self":[{"href":"https:\/\/www.reveeveille.net\/index.php?rest_route=\/wp\/v2\/pages\/37","targetHints":{"allow":["GET"]}}],"collection":[{"href":"https:\/\/www.reveeveille.net\/index.php?rest_route=\/wp\/v2\/pages"}],"about":[{"href":"https:\/\/www.reveeveille.net\/index.php?rest_route=\/wp\/v2\/types\/page"}],"author":[{"embeddable":true,"href":"https:\/\/www.reveeveille.net\/index.php?rest_route=\/wp\/v2\/users\/1"}],"replies":[{"embeddable":true,"href":"https:\/\/www.reveeveille.net\/index.php?rest_route=%2Fwp%2Fv2%2Fcomments&post=37"}],"version-history":[{"count":1,"href":"https:\/\/www.reveeveille.net\/index.php?rest_route=\/wp\/v2\/pages\/37\/revisions"}],"predecessor-version":[{"id":38,"href":"https:\/\/www.reveeveille.net\/index.php?rest_route=\/wp\/v2\/pages\/37\/revisions\/38"}],"wp:attachment":[{"href":"https:\/\/www.reveeveille.net\/index.php?rest_route=%2Fwp%2Fv2%2Fmedia&parent=37"}],"curies":[{"name":"wp","href":"https:\/\/api.w.org\/{rel}","templated":true}]}}