{"id":10,"date":"2024-02-13T15:04:04","date_gmt":"2024-02-13T15:04:04","guid":{"rendered":"https:\/\/www.reveeveille.net\/?page_id=10"},"modified":"2026-02-08T13:34:00","modified_gmt":"2026-02-08T13:34:00","slug":"accueil","status":"publish","type":"page","link":"https:\/\/www.reveeveille.net\/","title":{"rendered":""},"content":{"rendered":"\n<p>Salut les amis. Comme le titre l&rsquo;indique vous \u00eates ici sur ma page perso. Voil\u00e0 les th\u00e8mes qui me sont chers&#8230;<\/p>\n\n\n\n<div class=\"wp-block-media-text alignwide is-stacked-on-mobile\"><figure class=\"wp-block-media-text__media\"><a href=\"http:\/\/www.reveeveille.net\/candelhospitalet\"><img loading=\"lazy\" decoding=\"async\" width=\"1024\" height=\"460\" src=\"https:\/\/www.reveeveille.net\/wp-content\/uploads\/2021\/10\/20041221_ferme_des_crottes_pin_solitaire_paysage-1024x460.jpg\" alt=\"\" class=\"wp-image-11 size-full\" srcset=\"https:\/\/www.reveeveille.net\/wp-content\/uploads\/2021\/10\/20041221_ferme_des_crottes_pin_solitaire_paysage-1024x460.jpg 1024w, https:\/\/www.reveeveille.net\/wp-content\/uploads\/2021\/10\/20041221_ferme_des_crottes_pin_solitaire_paysage-300x135.jpg 300w, https:\/\/www.reveeveille.net\/wp-content\/uploads\/2021\/10\/20041221_ferme_des_crottes_pin_solitaire_paysage-768x345.jpg 768w, https:\/\/www.reveeveille.net\/wp-content\/uploads\/2021\/10\/20041221_ferme_des_crottes_pin_solitaire_paysage.jpg 1500w\" sizes=\"auto, (max-width: 1024px) 100vw, 1024px\" \/><\/a><\/figure><div class=\"wp-block-media-text__content\">\n<p class=\"has-large-font-size\">La can de l&rsquo;Hospitalet<\/p>\n\n\n\n<p>Sous le ciel immense d&rsquo;un haut plateau c\u00e9venol<\/p>\n\n\n\n<div class=\"wp-block-buttons is-layout-flex wp-block-buttons-is-layout-flex\">\n<div class=\"wp-block-button\"><a class=\"wp-block-button__link wp-element-button\" href=\"http:\/\/www.reveeveille.net\/candelhospitalet\">Y aller<\/a><\/div>\n<\/div>\n<\/div><\/div>\n\n\n\n<div class=\"wp-block-media-text alignwide is-stacked-on-mobile\"><figure class=\"wp-block-media-text__media\"><a href=\"http:\/\/www.reveeveille.net\/cevennevivante\"><img loading=\"lazy\" decoding=\"async\" width=\"1024\" height=\"766\" src=\"https:\/\/www.reveeveille.net\/wp-content\/uploads\/2021\/10\/20050420_balade_felgeas_fleurs_cueillies-1024x766.jpg\" alt=\"\" class=\"wp-image-12 size-full\" srcset=\"https:\/\/www.reveeveille.net\/wp-content\/uploads\/2021\/10\/20050420_balade_felgeas_fleurs_cueillies-1024x766.jpg 1024w, https:\/\/www.reveeveille.net\/wp-content\/uploads\/2021\/10\/20050420_balade_felgeas_fleurs_cueillies-300x224.jpg 300w, https:\/\/www.reveeveille.net\/wp-content\/uploads\/2021\/10\/20050420_balade_felgeas_fleurs_cueillies-768x575.jpg 768w, https:\/\/www.reveeveille.net\/wp-content\/uploads\/2021\/10\/20050420_balade_felgeas_fleurs_cueillies-1536x1149.jpg 1536w, https:\/\/www.reveeveille.net\/wp-content\/uploads\/2021\/10\/20050420_balade_felgeas_fleurs_cueillies-2048x1532.jpg 2048w\" sizes=\"auto, (max-width: 1024px) 100vw, 1024px\" \/><\/a><\/figure><div class=\"wp-block-media-text__content\">\n<p class=\"has-large-font-size\">C\u00e9venne vivante<\/p>\n\n\n\n<p>Vivre en C\u00e9vennes aujourd&rsquo;hui<\/p>\n\n\n\n<div class=\"wp-block-buttons is-layout-flex wp-block-buttons-is-layout-flex\">\n<div class=\"wp-block-button\"><a class=\"wp-block-button__link wp-element-button\" href=\"http:\/\/www.reveeveille.net\/cevennevivante\">Y aller<\/a><\/div>\n<\/div>\n<\/div><\/div>\n\n\n\n<div class=\"wp-block-media-text alignwide is-stacked-on-mobile\"><figure class=\"wp-block-media-text__media\"><a href=\"http:\/\/www.reveeveille.net\/lamontagnetranquille\"><img loading=\"lazy\" decoding=\"async\" width=\"1024\" height=\"766\" src=\"https:\/\/www.reveeveille.net\/wp-content\/uploads\/2021\/10\/20040918_balade_ecrins_62-1024x766.jpg\" alt=\"\" class=\"wp-image-14 size-full\" srcset=\"https:\/\/www.reveeveille.net\/wp-content\/uploads\/2021\/10\/20040918_balade_ecrins_62-1024x766.jpg 1024w, https:\/\/www.reveeveille.net\/wp-content\/uploads\/2021\/10\/20040918_balade_ecrins_62-300x224.jpg 300w, https:\/\/www.reveeveille.net\/wp-content\/uploads\/2021\/10\/20040918_balade_ecrins_62-768x575.jpg 768w, https:\/\/www.reveeveille.net\/wp-content\/uploads\/2021\/10\/20040918_balade_ecrins_62-1536x1149.jpg 1536w, https:\/\/www.reveeveille.net\/wp-content\/uploads\/2021\/10\/20040918_balade_ecrins_62-2048x1532.jpg 2048w\" sizes=\"auto, (max-width: 1024px) 100vw, 1024px\" \/><\/a><\/figure><div class=\"wp-block-media-text__content\">\n<p class=\"has-large-font-size\">La montagne tranquille<\/p>\n\n\n\n<p>Immersion douce en haute-montagne<\/p>\n\n\n\n<div class=\"wp-block-buttons is-layout-flex wp-block-buttons-is-layout-flex\">\n<div class=\"wp-block-button\"><a class=\"wp-block-button__link wp-element-button\" href=\"http:\/\/www.reveeveille.net\/lamontagnetranquille\">Y aller<\/a><\/div>\n<\/div>\n<\/div><\/div>\n\n\n\n<div class=\"wp-block-media-text alignwide is-stacked-on-mobile\"><figure class=\"wp-block-media-text__media\"><a href=\"http:\/\/www.reveeveille.net\/musiqueverte\"><img loading=\"lazy\" decoding=\"async\" width=\"1024\" height=\"766\" src=\"https:\/\/www.reveeveille.net\/wp-content\/uploads\/2021\/10\/20090508_musique_verte_46-1024x766.jpg\" alt=\"\" class=\"wp-image-15 size-full\" srcset=\"https:\/\/www.reveeveille.net\/wp-content\/uploads\/2021\/10\/20090508_musique_verte_46-1024x766.jpg 1024w, https:\/\/www.reveeveille.net\/wp-content\/uploads\/2021\/10\/20090508_musique_verte_46-300x224.jpg 300w, https:\/\/www.reveeveille.net\/wp-content\/uploads\/2021\/10\/20090508_musique_verte_46-768x575.jpg 768w, https:\/\/www.reveeveille.net\/wp-content\/uploads\/2021\/10\/20090508_musique_verte_46-1536x1149.jpg 1536w, https:\/\/www.reveeveille.net\/wp-content\/uploads\/2021\/10\/20090508_musique_verte_46-2048x1532.jpg 2048w\" sizes=\"auto, (max-width: 1024px) 100vw, 1024px\" \/><\/a><\/figure><div class=\"wp-block-media-text__content\">\n<p class=\"has-large-font-size\">Musique verte<\/p>\n\n\n\n<p>Bricoler des instruments rustiques avec des \u00e9l\u00e9ments naturels<\/p>\n\n\n\n<div class=\"wp-block-buttons is-layout-flex wp-block-buttons-is-layout-flex\">\n<div class=\"wp-block-button\"><a class=\"wp-block-button__link wp-element-button\" href=\"http:\/\/www.reveeveille.net\/musiqueverte\">Y aller<\/a><\/div>\n<\/div>\n<\/div><\/div>\n\n\n\n<div class=\"wp-block-media-text alignwide is-stacked-on-mobile\"><figure class=\"wp-block-media-text__media\"><a href=\"http:\/\/www.reveeveille.net\/flutedepan\"><img loading=\"lazy\" decoding=\"async\" width=\"960\" height=\"540\" src=\"https:\/\/www.reveeveille.net\/wp-content\/uploads\/2021\/10\/Statue-FDP.jpg\" alt=\"\" class=\"wp-image-16 size-full\" srcset=\"https:\/\/www.reveeveille.net\/wp-content\/uploads\/2021\/10\/Statue-FDP.jpg 960w, https:\/\/www.reveeveille.net\/wp-content\/uploads\/2021\/10\/Statue-FDP-300x169.jpg 300w, https:\/\/www.reveeveille.net\/wp-content\/uploads\/2021\/10\/Statue-FDP-768x432.jpg 768w\" sizes=\"auto, (max-width: 960px) 100vw, 960px\" \/><\/a><\/figure><div class=\"wp-block-media-text__content\">\n<p class=\"has-large-font-size\">La fl\u00fbte de pan<\/p>\n\n\n\n<p>Tout savoir pour la fabriquer, la r\u00e9parer, en jouer&#8230;<\/p>\n\n\n\n<div class=\"wp-block-buttons is-layout-flex wp-block-buttons-is-layout-flex\">\n<div class=\"wp-block-button\"><a class=\"wp-block-button__link wp-element-button\" href=\"http:\/\/www.reveeveille.net\/flutedepan\">Y aller<\/a><\/div>\n<\/div>\n<\/div><\/div>\n\n\n\n<div class=\"wp-block-media-text alignwide is-stacked-on-mobile\"><figure class=\"wp-block-media-text__media\"><a href=\"http:\/\/www.marcmusicien.net\"><img loading=\"lazy\" decoding=\"async\" width=\"1024\" height=\"766\" src=\"https:\/\/www.reveeveille.net\/wp-content\/uploads\/2021\/10\/20020601_el_pueblo_marc_chanteur-1024x766.jpg\" alt=\"\" class=\"wp-image-17 size-full\" srcset=\"https:\/\/www.reveeveille.net\/wp-content\/uploads\/2021\/10\/20020601_el_pueblo_marc_chanteur-1024x766.jpg 1024w, https:\/\/www.reveeveille.net\/wp-content\/uploads\/2021\/10\/20020601_el_pueblo_marc_chanteur-300x225.jpg 300w, https:\/\/www.reveeveille.net\/wp-content\/uploads\/2021\/10\/20020601_el_pueblo_marc_chanteur-768x575.jpg 768w, https:\/\/www.reveeveille.net\/wp-content\/uploads\/2021\/10\/20020601_el_pueblo_marc_chanteur.jpg 1340w\" sizes=\"auto, (max-width: 1024px) 100vw, 1024px\" \/><\/a><\/figure><div class=\"wp-block-media-text__content\">\n<p class=\"has-large-font-size\">Marc musicien<\/p>\n\n\n\n<p>Mon site professionnel de musicien<\/p>\n\n\n\n<div class=\"wp-block-buttons is-layout-flex wp-block-buttons-is-layout-flex\">\n<div class=\"wp-block-button\"><a class=\"wp-block-button__link wp-element-button\" href=\"http:\/\/www.marcmusicien.net\">Y aller<\/a><\/div>\n<\/div>\n<\/div><\/div>\n\n\n\n<div class=\"wp-block-media-text alignwide is-stacked-on-mobile\"><figure class=\"wp-block-media-text__media\"><a href=\"http:\/\/www.reveeveille.net\/musiquesapartager\"><img loading=\"lazy\" decoding=\"async\" width=\"800\" height=\"799\" src=\"https:\/\/www.reveeveille.net\/wp-content\/uploads\/2021\/10\/banniere_musiqueapartager.jpg\" alt=\"\" class=\"wp-image-24 size-full\" srcset=\"https:\/\/www.reveeveille.net\/wp-content\/uploads\/2021\/10\/banniere_musiqueapartager.jpg 800w, https:\/\/www.reveeveille.net\/wp-content\/uploads\/2021\/10\/banniere_musiqueapartager-300x300.jpg 300w, https:\/\/www.reveeveille.net\/wp-content\/uploads\/2021\/10\/banniere_musiqueapartager-150x150.jpg 150w, https:\/\/www.reveeveille.net\/wp-content\/uploads\/2021\/10\/banniere_musiqueapartager-768x767.jpg 768w\" sizes=\"auto, (max-width: 800px) 100vw, 800px\" \/><\/a><\/figure><div class=\"wp-block-media-text__content\">\n<p class=\"has-large-font-size\">Musiques \u00e0 partager<\/p>\n\n\n\n<p>Toute la musique que j&rsquo;ai transcrite, compos\u00e9e, arrang\u00e9e depuis que je suis tout jeunot. En MIDI, partitions, wav&#8230;<\/p>\n\n\n\n<div class=\"wp-block-buttons is-layout-flex wp-block-buttons-is-layout-flex\">\n<div class=\"wp-block-button\"><a class=\"wp-block-button__link wp-element-button\" href=\"http:\/\/www.reveeveille.net\/musiquesapartager\">Y aller<\/a><\/div>\n<\/div>\n<\/div><\/div>\n","protected":false},"excerpt":{"rendered":"<p>Salut les amis. Comme le titre l&rsquo;indique vous \u00eates ici sur ma page perso. Voil\u00e0 les th\u00e8mes qui me sont chers&#8230;<\/p>\n","protected":false},"author":1,"featured_media":0,"parent":0,"menu_order":0,"comment_status":"closed","ping_status":"closed","template":"","meta":{"footnotes":""},"class_list":["post-10","page","type-page","status-publish","hentry"],"_links":{"self":[{"href":"https:\/\/www.reveeveille.net\/index.php?rest_route=\/wp\/v2\/pages\/10","targetHints":{"allow":["GET"]}}],"collection":[{"href":"https:\/\/www.reveeveille.net\/index.php?rest_route=\/wp\/v2\/pages"}],"about":[{"href":"https:\/\/www.reveeveille.net\/index.php?rest_route=\/wp\/v2\/types\/page"}],"author":[{"embeddable":true,"href":"https:\/\/www.reveeveille.net\/index.php?rest_route=\/wp\/v2\/users\/1"}],"replies":[{"embeddable":true,"href":"https:\/\/www.reveeveille.net\/index.php?rest_route=%2Fwp%2Fv2%2Fcomments&post=10"}],"version-history":[{"count":13,"href":"https:\/\/www.reveeveille.net\/index.php?rest_route=\/wp\/v2\/pages\/10\/revisions"}],"predecessor-version":[{"id":81,"href":"https:\/\/www.reveeveille.net\/index.php?rest_route=\/wp\/v2\/pages\/10\/revisions\/81"}],"wp:attachment":[{"href":"https:\/\/www.reveeveille.net\/index.php?rest_route=%2Fwp%2Fv2%2Fmedia&parent=10"}],"curies":[{"name":"wp","href":"https:\/\/api.w.org\/{rel}","templated":true}]}}