{"id":726,"date":"2022-10-07T16:51:47","date_gmt":"2022-10-07T14:51:47","guid":{"rendered":"http:\/\/www.reveeveille.net\/cevennevivante\/wordpress\/?page_id=726"},"modified":"2022-10-07T16:51:49","modified_gmt":"2022-10-07T14:51:49","slug":"conditions-generales-dutilisation-du-site-reve-eveille","status":"publish","type":"page","link":"https:\/\/www.reveeveille.net\/cevennevivante\/conditions-generales-dutilisation-du-site-reve-eveille\/","title":{"rendered":"Conditions G\u00e9n\u00e9rales d&rsquo;utilisation du site \u00ab\u00a0R\u00eave \u00e9veill\u00e9\u00a0\u00bb"},"content":{"rendered":"\n<p>Les pr\u00e9sentes conditions g\u00e9n\u00e9rales d&rsquo;utilisation (dites \u00ab CGU \u00bb) ont pour objet l&rsquo;encadrement juridique des modalit\u00e9s de mise \u00e0 disposition du site R\u00eave \u00e9veill\u00e9,  et de d\u00e9finir les conditions d\u2019acc\u00e8s et d\u2019utilisation des services par les utilisateurs. Les CGU doivent \u00eatre accept\u00e9es par tout Utilisateur souhaitant acc\u00e9der au site. Elles constituent le contrat entre le site et l&rsquo;Utilisateur. L\u2019acc\u00e8s au site par l\u2019Utilisateur signifie son acceptation des pr\u00e9sentes CGU. Il s\u2019engage d\u00e9sormais \u00e0 respecter les pr\u00e9sentes conditions. En cas de non-acceptation des CGU stipul\u00e9es dans le pr\u00e9sent contrat, l&rsquo;Utilisateur se doit de renoncer \u00e0 l&rsquo;acc\u00e8s des services propos\u00e9s par le site. R\u00eave \u00e9veill\u00e9 se r\u00e9serve le droit de modifier unilat\u00e9ralement et \u00e0 tout moment le contenu des pr\u00e9sentes CGU.<\/p>\n\n\n\n<h6 class=\"wp-block-heading\">ARTICLE 1 : Mentions l\u00e9gales<\/h6>\n\n\n\n<p>L\u2019\u00e9dition du site R\u00eave \u00e9veill\u00e9 est assur\u00e9e par Marc Lemonnier, domicili\u00e9 \u00e0 Saint Laurent de Tr\u00e8ves, 48400 Cans et C\u00e9vennes, 04 66 45 25 10, contact@reveeveille.net. L&rsquo;h\u00e9bergeur du site R\u00eave \u00e9veill\u00e9 est la Soci\u00e9t\u00e9 France H\u00e9bergement Internet, (SIREN 499 722 783)<\/p>\n\n\n\n<h6 class=\"wp-block-heading\">ARTICLE 2 : Acc\u00e8s au site<\/h6>\n\n\n\n<p>Le site est accessible gratuitement en tout lieu \u00e0 tout Utilisateur ayant un acc\u00e8s \u00e0 Internet. Tous les frais support\u00e9s par l&rsquo;Utilisateur pour acc\u00e9der au service (mat\u00e9riel informatique, logiciels, connexion Internet, etc.) sont \u00e0 sa charge.<\/p>\n\n\n\n<p>Le site ne propose pas d&rsquo;espace membre.<\/p>\n\n\n\n<p>Tout \u00e9v\u00e9nement d\u00fb \u00e0 un cas de force majeure ayant pour cons\u00e9quence un dysfonctionnement du site ou<br>serveur et sous r\u00e9serve de toute interruption ou modification en cas de maintenance, n&rsquo;engage pas la<br>responsabilit\u00e9 de R\u00eave \u00e9veill\u00e9. Dans ces cas, l\u2019Utilisateur accepte ainsi ne pas tenir rigueur \u00e0 l\u2019\u00e9diteur de toute interruption ou suspension de service, m\u00eame sans pr\u00e9avis.<\/p>\n\n\n\n<p>L&rsquo;Utilisateur a la possibilit\u00e9 de contacter le site par messagerie \u00e9lectronique \u00e0 l\u2019adresse email de l\u2019\u00e9diteur<br>communiqu\u00e9 \u00e0 l\u2019ARTICLE 1.<\/p>\n\n\n\n<h6 class=\"wp-block-heading\">ARTICLE 3 : Donn\u00e9es personnelles<\/h6>\n\n\n\n<p>Le site est exempt\u00e9 de d\u00e9claration \u00e0 la Commission Nationale Informatique et Libert\u00e9s (CNIL) dans la<br>mesure o\u00f9 il ne collecte aucune donn\u00e9e concernant les utilisateurs.<\/p>\n\n\n\n<h6 class=\"wp-block-heading\">ARTICLE 4 : Propri\u00e9t\u00e9 intellectuelle<\/h6>\n\n\n\n<p>Les marques, logos, signes ainsi que tous les contenus du site (textes, images, son\u2026) font l&rsquo;objet d&rsquo;une<br>protection par le Code de la propri\u00e9t\u00e9 intellectuelle et plus particuli\u00e8rement par le droit d&rsquo;auteur.<\/p>\n\n\n\n<p>L&rsquo;Utilisateur doit solliciter l&rsquo;autorisation pr\u00e9alable du site pour toute reproduction, publication, copie des<br>diff\u00e9rents contenus. Il s&rsquo;engage \u00e0 une utilisation des contenus du site dans un cadre strictement priv\u00e9, toute utilisation \u00e0 des fins commerciales et publicitaires est strictement interdit.<\/p>\n\n\n\n<p>Toute repr\u00e9sentation totale ou partielle de ce site par quelque proc\u00e9d\u00e9 que ce soit, sans l\u2019autorisation expresse de l\u2019exploitant du site Internet constituerait une contrefa\u00e7on sanctionn\u00e9e par l\u2019article L 335-2 et suivants du Code de la propri\u00e9t\u00e9 intellectuelle.<\/p>\n\n\n\n<p>Il est rappel\u00e9 conform\u00e9ment \u00e0 l\u2019article L122-5 du Code de propri\u00e9t\u00e9 intellectuelle que l\u2019Utilisateur qui<br>reproduit, copie ou publie le contenu prot\u00e9g\u00e9 doit citer l\u2019auteur et sa source.<\/p>\n\n\n\n<h6 class=\"wp-block-heading\">ARTICLE 5 : Responsabilit\u00e9<\/h6>\n\n\n\n<p>Les informations communiqu\u00e9es sont pr\u00e9sent\u00e9es \u00e0 titre indicatif et g\u00e9n\u00e9ral sans valeur contractuelle. Le site ne peut \u00eatre tenu responsable de l\u2019utilisation et de l\u2019interpr\u00e9tation de l\u2019information et avis contenus dans ce site. Le site R\u00eave \u00e9veill\u00e9 ne peut \u00eatre tenu pour responsable d\u2019\u00e9ventuels virus qui pourraient infecter l\u2019ordinateur ou tout mat\u00e9riel informatique de l\u2019Internaute, suite \u00e0 une utilisation, \u00e0 l\u2019acc\u00e8s, ou au t\u00e9l\u00e9chargement provenant de ce site. La responsabilit\u00e9 du site ne peut \u00eatre engag\u00e9e en cas de force majeure ou du fait impr\u00e9visible et insurmontable d&rsquo;un tiers.<\/p>\n\n\n\n<h6 class=\"wp-block-heading\">ARTICLE 6 : Liens hypertextes<\/h6>\n\n\n\n<p>Des liens hypertextes peuvent \u00eatre pr\u00e9sents sur le site. L\u2019Utilisateur est inform\u00e9 qu\u2019en cliquant sur certains de ces liens, il sortira du site R\u00eave \u00e9veill\u00e9. Ce dernier n\u2019a pas de contr\u00f4le sur les pages web sur lesquelles aboutissent ces liens et ne saurait, en aucun cas, \u00eatre responsable de leur contenu.<\/p>\n\n\n\n<h6 class=\"wp-block-heading\">ARTICLE 7 : Cookies<\/h6>\n\n\n\n<p>Le site R\u00eave \u00e9veill\u00e9 n&rsquo;utilise pas les cookies<\/p>\n\n\n\n<h6 class=\"wp-block-heading\">ARTICLE 8 : Publication par l\u2019Utilisateur<\/h6>\n\n\n\n<p>Certaines pages du site permettent aux utilisateurs de publier des commentaires. Le site peut exercer une mod\u00e9ration sur les publications et se r\u00e9serve le droit de refuser leur mise en ligne, sans avoir \u00e0 s\u2019en justifier aupr\u00e8s de l&rsquo;utilisateur.<\/p>\n\n\n\n<p>L&rsquo;utilisateur reste titulaire de l\u2019int\u00e9gralit\u00e9 de ses droits de propri\u00e9t\u00e9 intellectuelle. Mais en publiant une<br>publication sur le site, il c\u00e8de \u00e0 la soci\u00e9t\u00e9 \u00e9ditrice le droit non exclusif et gratuit de repr\u00e9senter, reproduire, adapter, modifier, diffuser et distribuer sa publication, directement ou par un tiers autoris\u00e9, dans le monde entier, sur tout support (num\u00e9rique ou physique), pour la dur\u00e9e de la propri\u00e9t\u00e9 intellectuelle. L&rsquo;utilisateur c\u00e8de notamment le droit d&rsquo;utiliser sa publication sur internet et sur les r\u00e9seaux de t\u00e9l\u00e9phonie mobile. La soci\u00e9t\u00e9 \u00e9ditrice s&rsquo;engage \u00e0 faire figurer le nom du membre \u00e0 proximit\u00e9 de chaque utilisation de sa publication.<\/p>\n\n\n\n<h5 class=\"wp-block-heading\">ARTICLE 9 : Droit applicable et juridiction comp\u00e9tente<\/h5>\n\n\n\n<p>La l\u00e9gislation fran\u00e7aise s&rsquo;applique au pr\u00e9sent contrat. En cas d&rsquo;absence de r\u00e9solution amiable d&rsquo;un litige n\u00e9 entre les parties, les tribunaux fran\u00e7ais seront seuls comp\u00e9tents pour en conna\u00eetre.<br>Pour toute question relative \u00e0 l\u2019application des pr\u00e9sentes CGU, vous pouvez joindre l\u2019\u00e9diteur aux<br>coordonn\u00e9es inscrites \u00e0 l\u2019ARTICLE 1.<\/p>\n","protected":false},"excerpt":{"rendered":"<p>Les pr\u00e9sentes conditions g\u00e9n\u00e9rales d&rsquo;utilisation (dites \u00ab CGU \u00bb) ont pour objet l&rsquo;encadrement juridique des modalit\u00e9s de mise \u00e0 disposition du site R\u00eave \u00e9veill\u00e9, et de d\u00e9finir les conditions d\u2019acc\u00e8s&hellip; <\/p>\n","protected":false},"author":3,"featured_media":0,"parent":0,"menu_order":0,"comment_status":"closed","ping_status":"closed","template":"","meta":{"footnotes":""},"class_list":["post-726","page","type-page","status-publish","hentry"],"jetpack_sharing_enabled":true,"_links":{"self":[{"href":"https:\/\/www.reveeveille.net\/cevennevivante\/wp-json\/wp\/v2\/pages\/726","targetHints":{"allow":["GET"]}}],"collection":[{"href":"https:\/\/www.reveeveille.net\/cevennevivante\/wp-json\/wp\/v2\/pages"}],"about":[{"href":"https:\/\/www.reveeveille.net\/cevennevivante\/wp-json\/wp\/v2\/types\/page"}],"author":[{"embeddable":true,"href":"https:\/\/www.reveeveille.net\/cevennevivante\/wp-json\/wp\/v2\/users\/3"}],"replies":[{"embeddable":true,"href":"https:\/\/www.reveeveille.net\/cevennevivante\/wp-json\/wp\/v2\/comments?post=726"}],"version-history":[{"count":4,"href":"https:\/\/www.reveeveille.net\/cevennevivante\/wp-json\/wp\/v2\/pages\/726\/revisions"}],"predecessor-version":[{"id":2086,"href":"https:\/\/www.reveeveille.net\/cevennevivante\/wp-json\/wp\/v2\/pages\/726\/revisions\/2086"}],"wp:attachment":[{"href":"https:\/\/www.reveeveille.net\/cevennevivante\/wp-json\/wp\/v2\/media?parent=726"}],"curies":[{"name":"wp","href":"https:\/\/api.w.org\/{rel}","templated":true}]}}