{"id":389,"date":"2021-02-11T18:32:54","date_gmt":"2021-02-11T17:32:54","guid":{"rendered":"http:\/\/www.reveeveille.net\/cevennevivante\/wordpress\/?page_id=389"},"modified":"2021-02-11T18:32:54","modified_gmt":"2021-02-11T17:32:54","slug":"recits-et-histoires","status":"publish","type":"page","link":"https:\/\/www.reveeveille.net\/cevennevivante\/recits-et-histoires\/","title":{"rendered":"R\u00e9cits et histoires"},"content":{"rendered":"\n<p>Bienvenue dans la rubrique des \u00ab\u00a0R\u00e9cits et histoires\u00a0\u00bb. Sous ce terme j&rsquo;ai regroup\u00e9 tout ce qui, de pr\u00e8s ou de loin, ressemble \u00e0 une histoire. J&rsquo;essaie d&rsquo;y livrer quelque chose de plus que de la simple information&#8230; quelque chose qui pourrait (dans mes r\u00eaves) ressembler \u00e0 un style d&rsquo;\u00e9criture, ou du suspense, ou d&rsquo;autres choses qui sont cens\u00e9es apporter du plaisir \u00e0 un lecteur. Vous me direz si c&rsquo;est un tout petit peu r\u00e9ussi.<\/p>\n\n\n\n<p>Selon le cas, soit j&rsquo;ai tout invent\u00e9, soit je suis parti d&rsquo;une observation r\u00e9elle, d&rsquo;une personne qui existe quelque part, d&rsquo;un lieu qui me touche et j&rsquo;ai d\u00e9riv\u00e9, soit c&rsquo;est du tout vrai mais j&rsquo;essaie de le traiter comme un r\u00e9cit. Le ton peut \u00eatre po\u00e9tique, d\u00e9lirant, pince sans rire&#8230; je m&rsquo;essaie \u00e0 tout ce qui me passe par la t\u00eate. Pour l&rsquo;essentiel, \u00e7a ne r\u00e9volutionnera probablement pas les canons de l&rsquo;\u00e9criture. Mais \u00e7a m&rsquo;\u00e9clate. Bon voyage !<\/p>\n\n\n<div class=\"pt-cv-wrapper\"><div class=\"pt-cv-view pt-cv-grid pt-cv-colsys\" id=\"pt-cv-view-f7f591fenu\"><div data-id=\"pt-cv-page-1\" class=\"pt-cv-page\" data-cvc=\"1\"><div class=\"col-md-12 col-sm-12 col-xs-12 pt-cv-content-item pt-cv-2-col\" ><div class='pt-cv-ifield'><a href=\"https:\/\/www.reveeveille.net\/cevennevivante\/mitterrand-et-les-cevennes\/\" class=\"_self pt-cv-href-thumbnail pt-cv-thumb-left\" target=\"_self\" ><img loading=\"lazy\" decoding=\"async\" width=\"150\" height=\"150\" src=\"https:\/\/www.reveeveille.net\/cevennevivante\/wp-content\/uploads\/2021\/03\/Francois-Mitterrand-photographie-par-Anne-Pingeot-a-Massevaques-Lozere-en-1978_original_backup-150x150.jpg\" class=\"pt-cv-thumbnail pull-left\" alt=\"\" \/><\/a>\n<h4 class=\"pt-cv-title\"><a href=\"https:\/\/www.reveeveille.net\/cevennevivante\/mitterrand-et-les-cevennes\/\" class=\"_self\" target=\"_self\" >Mitterrand et les C\u00e9vennes<\/a><\/h4>\n<div class=\"pt-cv-content\">\"La chute lente du Ventoux sur la plaine de Carpentras,la t\u00eate ronde du Beuvray, la Loire laqu\u00e9e de Saint Beno\u00eet, ...<br \/><div class=\"pt-cv-rmwrap\"><a href=\"https:\/\/www.reveeveille.net\/cevennevivante\/mitterrand-et-les-cevennes\/\" class=\"_self pt-cv-readmore btn btn-success\" target=\"_self\">Lire La Suite\u2026<\/a><\/div><\/div><\/div><\/div>\n<div class=\"col-md-12 col-sm-12 col-xs-12 pt-cv-content-item pt-cv-2-col\" ><div class='pt-cv-ifield'><a href=\"https:\/\/www.reveeveille.net\/cevennevivante\/grallator-giganticus-le-plus-grand-dinosaure-de-lunivers-connu\/\" class=\"_self pt-cv-href-thumbnail pt-cv-thumb-left\" target=\"_self\" ><img loading=\"lazy\" decoding=\"async\" width=\"150\" height=\"150\" src=\"https:\/\/www.reveeveille.net\/cevennevivante\/wp-content\/uploads\/2024\/04\/19000101_illustrations_cevennevivante_24-150x150.jpg\" class=\"pt-cv-thumbnail pull-left\" alt=\"\" \/><\/a>\n<h4 class=\"pt-cv-title\"><a href=\"https:\/\/www.reveeveille.net\/cevennevivante\/grallator-giganticus-le-plus-grand-dinosaure-de-lunivers-connu\/\" class=\"_self\" target=\"_self\" >Grallator giganticus, le plus grand dinosaure de l&rsquo;univers connu. Les C\u00e9vennes, terre de tous les records !<\/a><\/h4>\n<div class=\"pt-cv-content\">Une nouvelle esp\u00e8ce de dinosaures a \u00e9t\u00e9 d\u00e9couverte en Loz\u00e8re, et pas de moindres puisqu'il s'agit tout simplement de la ...<br \/><div class=\"pt-cv-rmwrap\"><a href=\"https:\/\/www.reveeveille.net\/cevennevivante\/grallator-giganticus-le-plus-grand-dinosaure-de-lunivers-connu\/\" class=\"_self pt-cv-readmore btn btn-success\" target=\"_self\">Lire La Suite\u2026<\/a><\/div><\/div><\/div><\/div>\n<div class=\"col-md-12 col-sm-12 col-xs-12 pt-cv-content-item pt-cv-2-col\" ><div class='pt-cv-ifield'><a href=\"https:\/\/www.reveeveille.net\/cevennevivante\/les-deux-clairieres\/\" class=\"_self pt-cv-href-thumbnail pt-cv-thumb-left\" target=\"_self\" ><img loading=\"lazy\" decoding=\"async\" width=\"150\" height=\"150\" src=\"https:\/\/www.reveeveille.net\/cevennevivante\/wp-content\/uploads\/2021\/02\/20041221_ferme_des_crottes_la_clairiere-150x150.jpg\" class=\"pt-cv-thumbnail pull-left\" alt=\"\" \/><\/a>\n<h4 class=\"pt-cv-title\"><a href=\"https:\/\/www.reveeveille.net\/cevennevivante\/les-deux-clairieres\/\" class=\"_self\" target=\"_self\" >Les deux clairi\u00e8res<\/a><\/h4>\n<div class=\"pt-cv-content\">Marcel en avait marre. Marre de la clairi\u00e8re longue. C'est pas facile, une clairi\u00e8re longue. Les degr\u00e9s de libert\u00e9 sont ...<br \/><div class=\"pt-cv-rmwrap\"><a href=\"https:\/\/www.reveeveille.net\/cevennevivante\/les-deux-clairieres\/\" class=\"_self pt-cv-readmore btn btn-success\" target=\"_self\">Lire La Suite\u2026<\/a><\/div><\/div><\/div><\/div>\n<div class=\"col-md-12 col-sm-12 col-xs-12 pt-cv-content-item pt-cv-2-col\" ><div class='pt-cv-ifield'><a href=\"https:\/\/www.reveeveille.net\/cevennevivante\/le-causse-mejean-point-culminant-de-la-terre-a-lepoque-protocambrienne\/\" class=\"_self pt-cv-href-thumbnail pt-cv-thumb-left\" target=\"_self\" ><img loading=\"lazy\" decoding=\"async\" width=\"150\" height=\"150\" src=\"https:\/\/www.reveeveille.net\/cevennevivante\/wp-content\/uploads\/2021\/08\/20061205_saint_laurent_02-150x150.jpg\" class=\"pt-cv-thumbnail pull-left\" alt=\"\" \/><\/a>\n<h4 class=\"pt-cv-title\"><a href=\"https:\/\/www.reveeveille.net\/cevennevivante\/le-causse-mejean-point-culminant-de-la-terre-a-lepoque-protocambrienne\/\" class=\"_self\" target=\"_self\" >Le causse M\u00e9jean, point culminant de la Terre \u00e0 l&rsquo;\u00e9poque Ant\u00e9protocambrienne<\/a><\/h4>\n<div class=\"pt-cv-content\">Photo : la barri\u00e8re du Causse M\u00e9jean, observ\u00e9e depuis le village de Saint Laurent de Tr\u00e8ves Le Parc National des ...<br \/><div class=\"pt-cv-rmwrap\"><a href=\"https:\/\/www.reveeveille.net\/cevennevivante\/le-causse-mejean-point-culminant-de-la-terre-a-lepoque-protocambrienne\/\" class=\"_self pt-cv-readmore btn btn-success\" target=\"_self\">Lire La Suite\u2026<\/a><\/div><\/div><\/div><\/div>\n<div class=\"col-md-12 col-sm-12 col-xs-12 pt-cv-content-item pt-cv-2-col\" ><div class='pt-cv-ifield'><a href=\"https:\/\/www.reveeveille.net\/cevennevivante\/des-dinosaures-au-plafond\/\" class=\"_self pt-cv-href-thumbnail pt-cv-thumb-left\" target=\"_self\" ><img loading=\"lazy\" decoding=\"async\" width=\"150\" height=\"150\" src=\"https:\/\/www.reveeveille.net\/cevennevivante\/wp-content\/uploads\/2022\/06\/dinos-casltelbouc-150x150.jpg\" class=\"pt-cv-thumbnail pull-left\" alt=\"\" \/><\/a>\n<h4 class=\"pt-cv-title\"><a href=\"https:\/\/www.reveeveille.net\/cevennevivante\/des-dinosaures-au-plafond\/\" class=\"_self\" target=\"_self\" >Des dinosaures au plafond<\/a><\/h4>\n<div class=\"pt-cv-content\">Depuis des d\u00e9cennies, de nombreux sites d'empreintes de dinosaures sont r\u00e9pertori\u00e9s en Loz\u00e8re. Jusqu'\u00e0 ce jour toutes les traces appartenaient ...<br \/><div class=\"pt-cv-rmwrap\"><a href=\"https:\/\/www.reveeveille.net\/cevennevivante\/des-dinosaures-au-plafond\/\" class=\"_self pt-cv-readmore btn btn-success\" target=\"_self\">Lire La Suite\u2026<\/a><\/div><\/div><\/div><\/div>\n<div class=\"col-md-12 col-sm-12 col-xs-12 pt-cv-content-item pt-cv-2-col\" ><div class='pt-cv-ifield'><a href=\"https:\/\/www.reveeveille.net\/cevennevivante\/le-sixieme-foyer-neolithique-vient-detre-decouvert-et-il-est-cevenol\/\" class=\"_self pt-cv-href-thumbnail pt-cv-thumb-left\" target=\"_self\" ><img loading=\"lazy\" decoding=\"async\" width=\"150\" height=\"150\" src=\"https:\/\/www.reveeveille.net\/cevennevivante\/wp-content\/uploads\/2022\/03\/19000101_illustrations_cevennevivante_23-150x150.jpg\" class=\"pt-cv-thumbnail pull-left\" alt=\"\" \/><\/a>\n<h4 class=\"pt-cv-title\"><a href=\"https:\/\/www.reveeveille.net\/cevennevivante\/le-sixieme-foyer-neolithique-vient-detre-decouvert-et-il-est-cevenol\/\" class=\"_self\" target=\"_self\" >Le septi\u00e8me foyer n\u00e9olithique vient d&rsquo;\u00eatre d\u00e9couvert&#8230; et il est c\u00e9venol !<\/a><\/h4>\n<div class=\"pt-cv-content\">Magnifique d\u00e9couverte pour ML, notre infatigable chercheur - coureur de C\u00e9vennes (on conna\u00eet depuis longtemps ses travaux r\u00e9volutionnaires sur la ...<br \/><div class=\"pt-cv-rmwrap\"><a href=\"https:\/\/www.reveeveille.net\/cevennevivante\/le-sixieme-foyer-neolithique-vient-detre-decouvert-et-il-est-cevenol\/\" class=\"_self pt-cv-readmore btn btn-success\" target=\"_self\">Lire La Suite\u2026<\/a><\/div><\/div><\/div><\/div>\n<div class=\"col-md-12 col-sm-12 col-xs-12 pt-cv-content-item pt-cv-2-col\" ><div class='pt-cv-ifield'><a href=\"https:\/\/www.reveeveille.net\/cevennevivante\/mais-qui-est-donc-ml\/\" class=\"_self pt-cv-href-thumbnail pt-cv-thumb-left\" target=\"_self\" ><img loading=\"lazy\" decoding=\"async\" width=\"150\" height=\"150\" src=\"https:\/\/www.reveeveille.net\/cevennevivante\/wp-content\/uploads\/2022\/02\/19000101_illustrations_cevennevivante_21-1-150x150.jpg\" class=\"pt-cv-thumbnail pull-left\" alt=\"\" \/><\/a>\n<h4 class=\"pt-cv-title\"><a href=\"https:\/\/www.reveeveille.net\/cevennevivante\/mais-qui-est-donc-ml\/\" class=\"_self\" target=\"_self\" >Mais qui est donc ML ?<\/a><\/h4>\n<div class=\"pt-cv-content\">Avertissement pr\u00e9liminaire : parle t-on ici d'une femme ou d'un homme homme ? Cela m\u00eame n'est pas d\u00e9voil\u00e9, et c'est ...<br \/><div class=\"pt-cv-rmwrap\"><a href=\"https:\/\/www.reveeveille.net\/cevennevivante\/mais-qui-est-donc-ml\/\" class=\"_self pt-cv-readmore btn btn-success\" target=\"_self\">Lire La Suite\u2026<\/a><\/div><\/div><\/div><\/div>\n<div class=\"col-md-12 col-sm-12 col-xs-12 pt-cv-content-item pt-cv-2-col\" ><div class='pt-cv-ifield'><a href=\"https:\/\/www.reveeveille.net\/cevennevivante\/eruption-volcanique-en-cevennes\/\" class=\"_self pt-cv-href-thumbnail pt-cv-thumb-left\" target=\"_self\" ><img loading=\"lazy\" decoding=\"async\" width=\"150\" height=\"150\" src=\"https:\/\/www.reveeveille.net\/cevennevivante\/wp-content\/uploads\/2021\/02\/20050115_feu_cheminee_08-150x150.jpg\" class=\"pt-cv-thumbnail pull-left\" alt=\"\" \/><\/a>\n<h4 class=\"pt-cv-title\"><a href=\"https:\/\/www.reveeveille.net\/cevennevivante\/eruption-volcanique-en-cevennes\/\" class=\"_self\" target=\"_self\" >\u00c9ruption volcanique en C\u00e9vennes<\/a><\/h4>\n<div class=\"pt-cv-content\">En avril dernier s'est produit en C\u00e9vennes une \u00e9ruption volcanique de premi\u00e8re importance. Un tel \u00e9v\u00e9nement n'\u00e9tait pas arriv\u00e9 depuis ...<br \/><div class=\"pt-cv-rmwrap\"><a href=\"https:\/\/www.reveeveille.net\/cevennevivante\/eruption-volcanique-en-cevennes\/\" class=\"_self pt-cv-readmore btn btn-success\" target=\"_self\">Lire La Suite\u2026<\/a><\/div><\/div><\/div><\/div>\n<div class=\"col-md-12 col-sm-12 col-xs-12 pt-cv-content-item pt-cv-2-col\" ><div class='pt-cv-ifield'><a href=\"https:\/\/www.reveeveille.net\/cevennevivante\/le-loup-noceur\/\" class=\"_self pt-cv-href-thumbnail pt-cv-thumb-left\" target=\"_self\" ><img loading=\"lazy\" decoding=\"async\" width=\"150\" height=\"150\" src=\"https:\/\/www.reveeveille.net\/cevennevivante\/wp-content\/uploads\/2021\/02\/gravure-loup-150x150.jpg\" class=\"pt-cv-thumbnail pull-left\" alt=\"\" \/><\/a>\n<h4 class=\"pt-cv-title\"><a href=\"https:\/\/www.reveeveille.net\/cevennevivante\/le-loup-noceur\/\" class=\"_self\" target=\"_self\" >Le loup noceur<\/a><\/h4>\n<div class=\"pt-cv-content\">Ce conte populaire se raconte dans de nombreuses r\u00e9gions de France et d'ailleurs, sous des formes vari\u00e9es. En voici une ...<br \/><div class=\"pt-cv-rmwrap\"><a href=\"https:\/\/www.reveeveille.net\/cevennevivante\/le-loup-noceur\/\" class=\"_self pt-cv-readmore btn btn-success\" target=\"_self\">Lire La Suite\u2026<\/a><\/div><\/div><\/div><\/div>\n<div class=\"col-md-12 col-sm-12 col-xs-12 pt-cv-content-item pt-cv-2-col\" ><div class='pt-cv-ifield'><a href=\"https:\/\/www.reveeveille.net\/cevennevivante\/la-montagne-qui-coule\/\" class=\"_self pt-cv-href-thumbnail pt-cv-thumb-left\" target=\"_self\" ><img loading=\"lazy\" decoding=\"async\" width=\"150\" height=\"150\" src=\"https:\/\/www.reveeveille.net\/cevennevivante\/wp-content\/uploads\/2021\/02\/20070615_avens_ruas_la_montange_descend-150x150.jpg\" class=\"pt-cv-thumbnail pull-left\" alt=\"\" \/><\/a>\n<h4 class=\"pt-cv-title\"><a href=\"https:\/\/www.reveeveille.net\/cevennevivante\/la-montagne-qui-coule\/\" class=\"_self\" target=\"_self\" >La montagne qui coule<\/a><\/h4>\n<div class=\"pt-cv-content\">\"Il n'y a rien, l\u00e0-haut, rien d'int\u00e9ressant !\" Le vieil homme contemple le versant d\u00e9nud\u00e9 de ses yeux bleu froid ...<br \/><div class=\"pt-cv-rmwrap\"><a href=\"https:\/\/www.reveeveille.net\/cevennevivante\/la-montagne-qui-coule\/\" class=\"_self pt-cv-readmore btn btn-success\" target=\"_self\">Lire La Suite\u2026<\/a><\/div><\/div><\/div><\/div>\n<div class=\"col-md-12 col-sm-12 col-xs-12 pt-cv-content-item pt-cv-2-col\" ><div class='pt-cv-ifield'><a href=\"https:\/\/www.reveeveille.net\/cevennevivante\/aigoual-montagne-maudite\/\" class=\"_self pt-cv-href-thumbnail pt-cv-thumb-left\" target=\"_self\" ><img loading=\"lazy\" decoding=\"async\" width=\"150\" height=\"150\" src=\"https:\/\/www.reveeveille.net\/cevennevivante\/wp-content\/uploads\/2021\/02\/20040121_balade_aigoual_glace_sur_poteau-150x150.jpg\" class=\"pt-cv-thumbnail pull-left\" alt=\"\" \/><\/a>\n<h4 class=\"pt-cv-title\"><a href=\"https:\/\/www.reveeveille.net\/cevennevivante\/aigoual-montagne-maudite\/\" class=\"_self\" target=\"_self\" >Aigoual, montagne maudite<\/a><\/h4>\n<div class=\"pt-cv-content\">Aujourd'hui c'est soir\u00e9e conte \u00e0 la ferme de Fretma. Les enfants et les parents, tout excit\u00e9s \u00e0 l'id\u00e9e d'\u00e9couter une ...<br \/><div class=\"pt-cv-rmwrap\"><a href=\"https:\/\/www.reveeveille.net\/cevennevivante\/aigoual-montagne-maudite\/\" class=\"_self pt-cv-readmore btn btn-success\" target=\"_self\">Lire La Suite\u2026<\/a><\/div><\/div><\/div><\/div>\n<div class=\"col-md-12 col-sm-12 col-xs-12 pt-cv-content-item pt-cv-2-col\" ><div class='pt-cv-ifield'><a href=\"https:\/\/www.reveeveille.net\/cevennevivante\/les-fabuleuses-aventures-de-pioupiou-en-cevennes\/\" class=\"_self pt-cv-href-thumbnail pt-cv-thumb-left\" target=\"_self\" ><img loading=\"lazy\" decoding=\"async\" width=\"150\" height=\"150\" src=\"https:\/\/www.reveeveille.net\/cevennevivante\/wp-content\/uploads\/2021\/02\/20080619_aventure_oiseau_06-150x150.jpg\" class=\"pt-cv-thumbnail pull-left\" alt=\"\" \/><\/a>\n<h4 class=\"pt-cv-title\"><a href=\"https:\/\/www.reveeveille.net\/cevennevivante\/les-fabuleuses-aventures-de-pioupiou-en-cevennes\/\" class=\"_self\" target=\"_self\" >Les fabuleuses aventures de pioupiou en C\u00e9vennes<\/a><\/h4>\n<div class=\"pt-cv-content\">Lieu de l'aventure : la rambarde de ma terrasse, face au Mont Aigoual et au Causse M\u00e9jean Marc : Oh, ...<br \/><div class=\"pt-cv-rmwrap\"><a href=\"https:\/\/www.reveeveille.net\/cevennevivante\/les-fabuleuses-aventures-de-pioupiou-en-cevennes\/\" class=\"_self pt-cv-readmore btn btn-success\" target=\"_self\">Lire La Suite\u2026<\/a><\/div><\/div><\/div><\/div>\n<div class=\"col-md-12 col-sm-12 col-xs-12 pt-cv-content-item pt-cv-2-col\" ><div class='pt-cv-ifield'><a href=\"https:\/\/www.reveeveille.net\/cevennevivante\/sept-tableaux-pour-la-draille\/\" class=\"_self pt-cv-href-thumbnail pt-cv-thumb-left\" target=\"_self\" ><img loading=\"lazy\" decoding=\"async\" width=\"150\" height=\"150\" src=\"https:\/\/www.reveeveille.net\/cevennevivante\/wp-content\/uploads\/2021\/02\/19000101_site_cevennes_draille_de_margeride_sur_can-150x150.jpg\" class=\"pt-cv-thumbnail pull-left\" alt=\"\" \/><\/a>\n<h4 class=\"pt-cv-title\"><a href=\"https:\/\/www.reveeveille.net\/cevennevivante\/sept-tableaux-pour-la-draille\/\" class=\"_self\" target=\"_self\" >Sept tableaux pour la draille<\/a><\/h4>\n<div class=\"pt-cv-content\">Le jour de mes 12 ans, mes parents m'ont emmen\u00e9 voir ma premi\u00e8re transhumance. Je vous vois sourire... je comprend ...<br \/><div class=\"pt-cv-rmwrap\"><a href=\"https:\/\/www.reveeveille.net\/cevennevivante\/sept-tableaux-pour-la-draille\/\" class=\"_self pt-cv-readmore btn btn-success\" target=\"_self\">Lire La Suite\u2026<\/a><\/div><\/div><\/div><\/div>\n<div class=\"col-md-12 col-sm-12 col-xs-12 pt-cv-content-item pt-cv-2-col\" ><div class='pt-cv-ifield'><a href=\"https:\/\/www.reveeveille.net\/cevennevivante\/une-rose-au-paradis\/\" class=\"_self pt-cv-href-thumbnail pt-cv-thumb-left\" target=\"_self\" ><img loading=\"lazy\" decoding=\"async\" width=\"150\" height=\"150\" src=\"https:\/\/www.reveeveille.net\/cevennevivante\/wp-content\/uploads\/2021\/02\/Mitterrand-au-col-de-Portes-avec-Mazarine-sur-les-epaules-150x150.jpg\" class=\"pt-cv-thumbnail pull-left\" alt=\"\" \/><\/a>\n<h4 class=\"pt-cv-title\"><a href=\"https:\/\/www.reveeveille.net\/cevennevivante\/une-rose-au-paradis\/\" class=\"_self\" target=\"_self\" >Une rose au paradis<\/a><\/h4>\n<div class=\"pt-cv-content\">\"Une rose au paradis\" est le titre d'un roman de Ren\u00e9 Barjavel, que j'ai aim\u00e9, comme tous ses romans... Il ...<br \/><div class=\"pt-cv-rmwrap\"><a href=\"https:\/\/www.reveeveille.net\/cevennevivante\/une-rose-au-paradis\/\" class=\"_self pt-cv-readmore btn btn-success\" target=\"_self\">Lire La Suite\u2026<\/a><\/div><\/div><\/div><\/div>\n<div class=\"col-md-12 col-sm-12 col-xs-12 pt-cv-content-item pt-cv-2-col\" ><div class='pt-cv-ifield'><a href=\"https:\/\/www.reveeveille.net\/cevennevivante\/mais-ou-est-passe-le-colonel-pradeille\/\" class=\"_self pt-cv-href-thumbnail pt-cv-thumb-left\" target=\"_self\" ><img loading=\"lazy\" decoding=\"async\" width=\"150\" height=\"150\" src=\"https:\/\/www.reveeveille.net\/cevennevivante\/wp-content\/uploads\/2021\/02\/mirage-200d-dassaull-aviation-armee-de-l-air-150x150.jpg\" class=\"pt-cv-thumbnail pull-left\" alt=\"\" \/><\/a>\n<h4 class=\"pt-cv-title\"><a href=\"https:\/\/www.reveeveille.net\/cevennevivante\/mais-ou-est-passe-le-colonel-pradeille\/\" class=\"_self\" target=\"_self\" >Mais o\u00f9 est pass\u00e9 le colonel Pradeille ?<\/a><\/h4>\n<div class=\"pt-cv-content\">Ce jeudi 8 janvier 2004, \u00e0 19 heures, la nuit est tomb\u00e9e depuis longtemps sur les C\u00e9vennes. Un lourd plafond ...<br \/><div class=\"pt-cv-rmwrap\"><a href=\"https:\/\/www.reveeveille.net\/cevennevivante\/mais-ou-est-passe-le-colonel-pradeille\/\" class=\"_self pt-cv-readmore btn btn-success\" target=\"_self\">Lire La Suite\u2026<\/a><\/div><\/div><\/div><\/div>\n<div class=\"col-md-12 col-sm-12 col-xs-12 pt-cv-content-item pt-cv-2-col\" ><div class='pt-cv-ifield'><a href=\"https:\/\/www.reveeveille.net\/cevennevivante\/la-chapelle-magique\/\" class=\"_self pt-cv-href-thumbnail pt-cv-thumb-left\" target=\"_self\" ><img loading=\"lazy\" decoding=\"async\" width=\"150\" height=\"150\" src=\"https:\/\/www.reveeveille.net\/cevennevivante\/wp-content\/uploads\/2021\/01\/20051106_can_hospitalet_vestiges_chapelle_hospitalet-150x150.jpg\" class=\"pt-cv-thumbnail pull-left\" alt=\"\" \/><\/a>\n<h4 class=\"pt-cv-title\"><a href=\"https:\/\/www.reveeveille.net\/cevennevivante\/la-chapelle-magique\/\" class=\"_self\" target=\"_self\" >La chapelle magique<\/a><\/h4>\n<div class=\"pt-cv-content\">Certains pr\u00e9tendent que la can de l'Hospitalet est un endroit oubli\u00e9 de Dieu. Enfonc\u00e9s dans les fauteuils profonds de leurs ...<br \/><div class=\"pt-cv-rmwrap\"><a href=\"https:\/\/www.reveeveille.net\/cevennevivante\/la-chapelle-magique\/\" class=\"_self pt-cv-readmore btn btn-success\" target=\"_self\">Lire La Suite\u2026<\/a><\/div><\/div><\/div><\/div>\n<div class=\"col-md-12 col-sm-12 col-xs-12 pt-cv-content-item pt-cv-2-col\" ><div class='pt-cv-ifield'><a href=\"https:\/\/www.reveeveille.net\/cevennevivante\/gargantua-et-compagnie-un-peu-de-geomorphologie-legendaire-sur-les-causses\/\" class=\"_self pt-cv-href-thumbnail pt-cv-thumb-left\" target=\"_self\" ><img loading=\"lazy\" decoding=\"async\" width=\"150\" height=\"150\" src=\"https:\/\/www.reveeveille.net\/cevennevivante\/wp-content\/uploads\/2021\/02\/Contes-et-legendes-sur-les-Paysages-de-Lozere-150x150.jpg\" class=\"pt-cv-thumbnail pull-left\" alt=\"\" \/><\/a>\n<h4 class=\"pt-cv-title\"><a href=\"https:\/\/www.reveeveille.net\/cevennevivante\/gargantua-et-compagnie-un-peu-de-geomorphologie-legendaire-sur-les-causses\/\" class=\"_self\" target=\"_self\" >Gargantua et compagnie &#8230; Un peu de g\u00e9omorphologie l\u00e9gendaire sur les Causses !<\/a><\/h4>\n<div class=\"pt-cv-content\">Pour ceux qui viennent de plats pays, les paysages tourment\u00e9s des Causses et des gorges ne sont pas sans \u00e9tonner, ...<br \/><div class=\"pt-cv-rmwrap\"><a href=\"https:\/\/www.reveeveille.net\/cevennevivante\/gargantua-et-compagnie-un-peu-de-geomorphologie-legendaire-sur-les-causses\/\" class=\"_self pt-cv-readmore btn btn-success\" target=\"_self\">Lire La Suite\u2026<\/a><\/div><\/div><\/div><\/div><\/div><\/div><\/div>\n","protected":false},"excerpt":{"rendered":"<p>Bienvenue dans la rubrique des \u00ab\u00a0R\u00e9cits et histoires\u00a0\u00bb. Sous ce terme j&rsquo;ai regroup\u00e9 tout ce qui, de pr\u00e8s ou de loin, ressemble \u00e0 une histoire. J&rsquo;essaie d&rsquo;y livrer quelque chose&hellip; <\/p>\n","protected":false},"author":3,"featured_media":0,"parent":0,"menu_order":0,"comment_status":"closed","ping_status":"closed","template":"","meta":{"footnotes":""},"class_list":["post-389","page","type-page","status-publish","hentry"],"jetpack_sharing_enabled":true,"_links":{"self":[{"href":"https:\/\/www.reveeveille.net\/cevennevivante\/wp-json\/wp\/v2\/pages\/389","targetHints":{"allow":["GET"]}}],"collection":[{"href":"https:\/\/www.reveeveille.net\/cevennevivante\/wp-json\/wp\/v2\/pages"}],"about":[{"href":"https:\/\/www.reveeveille.net\/cevennevivante\/wp-json\/wp\/v2\/types\/page"}],"author":[{"embeddable":true,"href":"https:\/\/www.reveeveille.net\/cevennevivante\/wp-json\/wp\/v2\/users\/3"}],"replies":[{"embeddable":true,"href":"https:\/\/www.reveeveille.net\/cevennevivante\/wp-json\/wp\/v2\/comments?post=389"}],"version-history":[{"count":1,"href":"https:\/\/www.reveeveille.net\/cevennevivante\/wp-json\/wp\/v2\/pages\/389\/revisions"}],"predecessor-version":[{"id":391,"href":"https:\/\/www.reveeveille.net\/cevennevivante\/wp-json\/wp\/v2\/pages\/389\/revisions\/391"}],"wp:attachment":[{"href":"https:\/\/www.reveeveille.net\/cevennevivante\/wp-json\/wp\/v2\/media?parent=389"}],"curies":[{"name":"wp","href":"https:\/\/api.w.org\/{rel}","templated":true}]}}