{"id":1913,"date":"2022-10-07T16:59:52","date_gmt":"2022-10-07T14:59:52","guid":{"rendered":"https:\/\/www.reveeveille.net\/cevennevivante\/?page_id=1913"},"modified":"2022-10-07T16:59:53","modified_gmt":"2022-10-07T14:59:53","slug":"les-cevennes-schisteuses","status":"publish","type":"page","link":"https:\/\/www.reveeveille.net\/cevennevivante\/les-cevennes-schisteuses\/","title":{"rendered":"Les C\u00e9vennes schisteuses"},"content":{"rendered":"\n<p>Les C\u00e9vennes schisteuses, c&rsquo;est \u00ab\u00a0LES C\u00e9vennes\u00a0\u00bb. Les vraies parmi toutes les autres. Un fouillis de vall\u00e9es escarp\u00e9es, au boisement touffu et par endroit imp\u00e9n\u00e9trable de ch\u00e2taigniers et de ch\u00eanes verts, sous lesquels les murettes en ruine d&rsquo;une soci\u00e9t\u00e9 pastorale jadis florissante ach\u00e8vent de s&rsquo;\u00e9crouler. Heureusement, un tas de gens \u00e9nergiques, souvent \u00e9tonnant, voire incroyables, restent ou arrivent, donnent une \u00e9nergie nouvelle pour enrayer cette glissade vers le n\u00e9ant.<\/p>\n\n\n\n<iframe loading=\"lazy\" src=\"https:\/\/www.reveeveille.net\/geoportail\/cartepublique.aspx?idrubric=105\" width=\"100%\" height=\"400\"><\/iframe>\n\n\n<div class=\"pt-cv-wrapper\"><div class=\"pt-cv-view pt-cv-grid pt-cv-colsys\" id=\"pt-cv-view-1f46ed9rq7\"><div data-id=\"pt-cv-page-1\" class=\"pt-cv-page\" data-cvc=\"2\"><div class=\"col-md-6 col-sm-6 col-xs-12 pt-cv-content-item pt-cv-2-col\" ><div class='pt-cv-ifield'><a href=\"https:\/\/www.reveeveille.net\/cevennevivante\/contact-furtif\/\" class=\"_self pt-cv-href-thumbnail pt-cv-thumb-left\" target=\"_self\" ><img loading=\"lazy\" decoding=\"async\" width=\"150\" height=\"150\" src=\"https:\/\/www.reveeveille.net\/cevennevivante\/wp-content\/uploads\/2021\/03\/20110831_vallon_de_saint_flour_07-150x150.jpg\" class=\"pt-cv-thumbnail pull-left\" alt=\"\" \/><\/a>\n<h4 class=\"pt-cv-title\"><a href=\"https:\/\/www.reveeveille.net\/cevennevivante\/contact-furtif\/\" class=\"_self\" target=\"_self\" >Contact<\/a><\/h4>\n<div class=\"pt-cv-content\">Apr\u00e8s une demi-heure de marche, la vall\u00e9e devient plus \u00e9troite. Le chemin plonge vers la rivi\u00e8re que l'on entend au ...<br \/><div class=\"pt-cv-rmwrap\"><a href=\"https:\/\/www.reveeveille.net\/cevennevivante\/contact-furtif\/\" class=\"_self pt-cv-readmore btn btn-success\" target=\"_self\">Lire<\/a><\/div><\/div><\/div><\/div>\n<div class=\"col-md-6 col-sm-6 col-xs-12 pt-cv-content-item pt-cv-2-col\" ><div class='pt-cv-ifield'><a href=\"https:\/\/www.reveeveille.net\/cevennevivante\/mais-ou-est-passe-le-colonel-pradeille\/\" class=\"_self pt-cv-href-thumbnail pt-cv-thumb-left\" target=\"_self\" ><img loading=\"lazy\" decoding=\"async\" width=\"150\" height=\"150\" src=\"https:\/\/www.reveeveille.net\/cevennevivante\/wp-content\/uploads\/2021\/02\/mirage-200d-dassaull-aviation-armee-de-l-air-150x150.jpg\" class=\"pt-cv-thumbnail pull-left\" alt=\"\" \/><\/a>\n<h4 class=\"pt-cv-title\"><a href=\"https:\/\/www.reveeveille.net\/cevennevivante\/mais-ou-est-passe-le-colonel-pradeille\/\" class=\"_self\" target=\"_self\" >Mais o\u00f9 est pass\u00e9 le colonel Pradeille ?<\/a><\/h4>\n<div class=\"pt-cv-content\">Ce jeudi 8 janvier 2004, \u00e0 19 heures, la nuit est tomb\u00e9e depuis longtemps sur les C\u00e9vennes. Un lourd plafond ...<br \/><div class=\"pt-cv-rmwrap\"><a href=\"https:\/\/www.reveeveille.net\/cevennevivante\/mais-ou-est-passe-le-colonel-pradeille\/\" class=\"_self pt-cv-readmore btn btn-success\" target=\"_self\">Lire<\/a><\/div><\/div><\/div><\/div>\n<div class=\"col-md-6 col-sm-6 col-xs-12 pt-cv-content-item pt-cv-2-col\" ><div class='pt-cv-ifield'><a href=\"https:\/\/www.reveeveille.net\/cevennevivante\/entre-deux-mers\/\" class=\"_self pt-cv-href-thumbnail pt-cv-thumb-left\" target=\"_self\" ><img loading=\"lazy\" decoding=\"async\" width=\"150\" height=\"150\" src=\"https:\/\/www.reveeveille.net\/cevennevivante\/wp-content\/uploads\/2021\/02\/20040121_balade_aigoual_mer_nuages-150x150.jpg\" class=\"pt-cv-thumbnail pull-left\" alt=\"\" \/><\/a>\n<h4 class=\"pt-cv-title\"><a href=\"https:\/\/www.reveeveille.net\/cevennevivante\/entre-deux-mers\/\" class=\"_self\" target=\"_self\" >Entre deux mers<\/a><\/h4>\n<div class=\"pt-cv-content\">Entre deux mers... voil\u00e0 une ballade plut\u00f4t conceptuelle : il s'agit de marcher, jour apr\u00e8s jour, sur le fil de ...<br \/><div class=\"pt-cv-rmwrap\"><a href=\"https:\/\/www.reveeveille.net\/cevennevivante\/entre-deux-mers\/\" class=\"_self pt-cv-readmore btn btn-success\" target=\"_self\">Lire<\/a><\/div><\/div><\/div><\/div>\n<div class=\"col-md-6 col-sm-6 col-xs-12 pt-cv-content-item pt-cv-2-col\" ><div class='pt-cv-ifield'><a href=\"https:\/\/www.reveeveille.net\/cevennevivante\/la-rape-a-fromage-de-cabridou\/\" class=\"_self pt-cv-href-thumbnail pt-cv-thumb-left\" target=\"_self\" ><img loading=\"lazy\" decoding=\"async\" width=\"150\" height=\"150\" src=\"https:\/\/www.reveeveille.net\/cevennevivante\/wp-content\/uploads\/2021\/02\/20140827_rape_a_fromage_02-150x150.jpg\" class=\"pt-cv-thumbnail pull-left\" alt=\"\" \/><\/a>\n<h4 class=\"pt-cv-title\"><a href=\"https:\/\/www.reveeveille.net\/cevennevivante\/la-rape-a-fromage-de-cabridou\/\" class=\"_self\" target=\"_self\" >La r\u00e2pe \u00e0 fromage de Cabridou<\/a><\/h4>\n<div class=\"pt-cv-content\">Un jour, Gwen et Jos\u00e9 ont achet\u00e9 une r\u00e2pe \u00e0 fromage. Vous savez, ce mod\u00e8le de base, compos\u00e9 d'une plaque ...<br \/><div class=\"pt-cv-rmwrap\"><a href=\"https:\/\/www.reveeveille.net\/cevennevivante\/la-rape-a-fromage-de-cabridou\/\" class=\"_self pt-cv-readmore btn btn-success\" target=\"_self\">Lire<\/a><\/div><\/div><\/div><\/div><\/div><\/div><\/div>\n","protected":false},"excerpt":{"rendered":"<p>Les C\u00e9vennes schisteuses, c&rsquo;est \u00ab\u00a0LES C\u00e9vennes\u00a0\u00bb. Les vraies parmi toutes les autres. Un fouillis de vall\u00e9es escarp\u00e9es, au boisement touffu et par endroit imp\u00e9n\u00e9trable de ch\u00e2taigniers et de ch\u00eanes verts,&hellip; <\/p>\n","protected":false},"author":3,"featured_media":0,"parent":0,"menu_order":0,"comment_status":"closed","ping_status":"closed","template":"","meta":{"footnotes":""},"class_list":["post-1913","page","type-page","status-publish","hentry"],"jetpack_sharing_enabled":true,"_links":{"self":[{"href":"https:\/\/www.reveeveille.net\/cevennevivante\/wp-json\/wp\/v2\/pages\/1913","targetHints":{"allow":["GET"]}}],"collection":[{"href":"https:\/\/www.reveeveille.net\/cevennevivante\/wp-json\/wp\/v2\/pages"}],"about":[{"href":"https:\/\/www.reveeveille.net\/cevennevivante\/wp-json\/wp\/v2\/types\/page"}],"author":[{"embeddable":true,"href":"https:\/\/www.reveeveille.net\/cevennevivante\/wp-json\/wp\/v2\/users\/3"}],"replies":[{"embeddable":true,"href":"https:\/\/www.reveeveille.net\/cevennevivante\/wp-json\/wp\/v2\/comments?post=1913"}],"version-history":[{"count":4,"href":"https:\/\/www.reveeveille.net\/cevennevivante\/wp-json\/wp\/v2\/pages\/1913\/revisions"}],"predecessor-version":[{"id":2093,"href":"https:\/\/www.reveeveille.net\/cevennevivante\/wp-json\/wp\/v2\/pages\/1913\/revisions\/2093"}],"wp:attachment":[{"href":"https:\/\/www.reveeveille.net\/cevennevivante\/wp-json\/wp\/v2\/media?parent=1913"}],"curies":[{"name":"wp","href":"https:\/\/api.w.org\/{rel}","templated":true}]}}