{"id":1699,"date":"2022-10-07T16:50:16","date_gmt":"2022-10-07T14:50:16","guid":{"rendered":"https:\/\/www.reveeveille.net\/cevennevivante\/?page_id=1699"},"modified":"2022-10-07T16:50:17","modified_gmt":"2022-10-07T14:50:17","slug":"causses-et-gorges","status":"publish","type":"page","link":"https:\/\/www.reveeveille.net\/cevennevivante\/causses-et-gorges\/","title":{"rendered":"Causses et gorges"},"content":{"rendered":"\n<iframe loading=\"lazy\" src=\"https:\/\/www.reveeveille.net\/geoportail\/cartepublique.aspx?idrubric=103\" width=\"100%\" height=\"400\"><\/iframe>\n\n\n<div class=\"pt-cv-wrapper\"><div class=\"pt-cv-view pt-cv-grid pt-cv-colsys\" id=\"pt-cv-view-a0336edc1r\"><div data-id=\"pt-cv-page-1\" class=\"pt-cv-page\" data-cvc=\"2\"><div class=\"col-md-6 col-sm-6 col-xs-12 pt-cv-content-item pt-cv-2-col\" ><div class='pt-cv-ifield'><a href=\"https:\/\/www.reveeveille.net\/cevennevivante\/laven-des-corneilles\/\" class=\"_self pt-cv-href-thumbnail pt-cv-thumb-left\" target=\"_self\" ><img loading=\"lazy\" decoding=\"async\" width=\"150\" height=\"150\" src=\"https:\/\/www.reveeveille.net\/cevennevivante\/wp-content\/uploads\/2021\/03\/20050327_aven_corneilles_rampe_acces-150x150.jpg\" class=\"pt-cv-thumbnail pull-left\" alt=\"\" \/><\/a>\n<h4 class=\"pt-cv-title\"><a href=\"https:\/\/www.reveeveille.net\/cevennevivante\/laven-des-corneilles\/\" class=\"_self\" target=\"_self\" >L&rsquo;aven des Corneilles<\/a><\/h4>\n<div class=\"pt-cv-content\">Pourquoi visiter l'aven des Corneilles, plut\u00f4t que l'aven Armand, son illustre voisin ? La question n'est pas anodine, car le ...<br \/><div class=\"pt-cv-rmwrap\"><a href=\"https:\/\/www.reveeveille.net\/cevennevivante\/laven-des-corneilles\/\" class=\"_self pt-cv-readmore btn btn-success\" target=\"_self\">Lire<\/a><\/div><\/div><\/div><\/div>\n<div class=\"col-md-6 col-sm-6 col-xs-12 pt-cv-content-item pt-cv-2-col\" ><div class='pt-cv-ifield'><a href=\"https:\/\/www.reveeveille.net\/cevennevivante\/le-berger-qui-aimait-les-loups\/\" class=\"_self pt-cv-href-thumbnail pt-cv-thumb-left\" target=\"_self\" ><img loading=\"lazy\" decoding=\"async\" width=\"150\" height=\"150\" src=\"https:\/\/www.reveeveille.net\/cevennevivante\/wp-content\/uploads\/2022\/12\/20141030_avec_christian_avesque_agnelage_09-150x150.jpg\" class=\"pt-cv-thumbnail pull-left\" alt=\"\" \/><\/a>\n<h4 class=\"pt-cv-title\"><a href=\"https:\/\/www.reveeveille.net\/cevennevivante\/le-berger-qui-aimait-les-loups\/\" class=\"_self\" target=\"_self\" >Le berger qui aimait les loups mais pas la guerre<\/a><\/h4>\n<div class=\"pt-cv-content\">L'homme dont je vais vous parler n'est plus de ce monde. Je pr\u00e9f\u00e8re vous le dire tout de suite, pour ...<br \/><div class=\"pt-cv-rmwrap\"><a href=\"https:\/\/www.reveeveille.net\/cevennevivante\/le-berger-qui-aimait-les-loups\/\" class=\"_self pt-cv-readmore btn btn-success\" target=\"_self\">Lire<\/a><\/div><\/div><\/div><\/div>\n<div class=\"col-md-6 col-sm-6 col-xs-12 pt-cv-content-item pt-cv-2-col\" ><div class='pt-cv-ifield'><a href=\"https:\/\/www.reveeveille.net\/cevennevivante\/les-gorges-de-la-jonte\/\" class=\"_self pt-cv-href-thumbnail pt-cv-thumb-left\" target=\"_self\" ><img loading=\"lazy\" decoding=\"async\" width=\"150\" height=\"150\" src=\"https:\/\/www.reveeveille.net\/cevennevivante\/wp-content\/uploads\/2021\/08\/20140220_nabrigas_01-150x150.jpg\" class=\"pt-cv-thumbnail pull-left\" alt=\"\" \/><\/a>\n<h4 class=\"pt-cv-title\"><a href=\"https:\/\/www.reveeveille.net\/cevennevivante\/les-gorges-de-la-jonte\/\" class=\"_self\" target=\"_self\" >Les gorges de la Jonte<\/a><\/h4>\n<div class=\"pt-cv-content\">Dans leur strat\u00e9gie d'encerclement du causse M\u00e9jean, les gorges de la Jonte forment le pendant sud des gorges du Tarn ...<br \/><div class=\"pt-cv-rmwrap\"><a href=\"https:\/\/www.reveeveille.net\/cevennevivante\/les-gorges-de-la-jonte\/\" class=\"_self pt-cv-readmore btn btn-success\" target=\"_self\">Lire<\/a><\/div><\/div><\/div><\/div>\n<div class=\"col-md-6 col-sm-6 col-xs-12 pt-cv-content-item pt-cv-2-col\" ><div class='pt-cv-ifield'><a href=\"https:\/\/www.reveeveille.net\/cevennevivante\/le-mont-gargo\/\" class=\"_self pt-cv-href-thumbnail pt-cv-thumb-left\" target=\"_self\" ><img loading=\"lazy\" decoding=\"async\" width=\"150\" height=\"150\" src=\"https:\/\/www.reveeveille.net\/cevennevivante\/wp-content\/uploads\/2021\/08\/20181130_Mont-Gargo_05-150x150.jpg\" class=\"pt-cv-thumbnail pull-left\" alt=\"\" \/><\/a>\n<h4 class=\"pt-cv-title\"><a href=\"https:\/\/www.reveeveille.net\/cevennevivante\/le-mont-gargo\/\" class=\"_self\" target=\"_self\" >Le Mont Gargo<\/a><\/h4>\n<div class=\"pt-cv-content\">Le Mont Gargo est le point culminant du Causse M\u00e9jean, qui est loin d'\u00eatre plat comme on pourrait le croire ...<br \/><div class=\"pt-cv-rmwrap\"><a href=\"https:\/\/www.reveeveille.net\/cevennevivante\/le-mont-gargo\/\" class=\"_self pt-cv-readmore btn btn-success\" target=\"_self\">Lire<\/a><\/div><\/div><\/div><\/div>\n<div class=\"col-md-6 col-sm-6 col-xs-12 pt-cv-content-item pt-cv-2-col\" ><div class='pt-cv-ifield'><a href=\"https:\/\/www.reveeveille.net\/cevennevivante\/de-ma-fenetre\/\" class=\"_self pt-cv-href-thumbnail pt-cv-thumb-left\" target=\"_self\" ><img loading=\"lazy\" decoding=\"async\" width=\"150\" height=\"150\" src=\"https:\/\/www.reveeveille.net\/cevennevivante\/wp-content\/uploads\/2021\/02\/20061230_coucher_soleil_saint_laurent_05-1-150x150.jpg\" class=\"pt-cv-thumbnail pull-left\" alt=\"\" \/><\/a>\n<h4 class=\"pt-cv-title\"><a href=\"https:\/\/www.reveeveille.net\/cevennevivante\/de-ma-fenetre\/\" class=\"_self\" target=\"_self\" >De ma fen\u00eatre<\/a><\/h4>\n<div class=\"pt-cv-content\">L'un des aspects que j'adore en C\u00e9vennes, c'est la variabilit\u00e9 infinie des lumi\u00e8res et des ambiances au gr\u00e9 des jours, ...<br \/><div class=\"pt-cv-rmwrap\"><a href=\"https:\/\/www.reveeveille.net\/cevennevivante\/de-ma-fenetre\/\" class=\"_self pt-cv-readmore btn btn-success\" target=\"_self\">Lire<\/a><\/div><\/div><\/div><\/div>\n<div class=\"col-md-6 col-sm-6 col-xs-12 pt-cv-content-item pt-cv-2-col\" ><div class='pt-cv-ifield'><a href=\"https:\/\/www.reveeveille.net\/cevennevivante\/carnac-en-cevennes\/\" class=\"_self pt-cv-href-thumbnail pt-cv-thumb-left\" target=\"_self\" ><img loading=\"lazy\" decoding=\"async\" width=\"150\" height=\"150\" src=\"https:\/\/www.reveeveille.net\/cevennevivante\/wp-content\/uploads\/2021\/12\/20210322_jeune_tifenn_carnac_baumale_vanels_02-150x150.jpg\" class=\"pt-cv-thumbnail pull-left\" alt=\"\" \/><\/a>\n<h4 class=\"pt-cv-title\"><a href=\"https:\/\/www.reveeveille.net\/cevennevivante\/carnac-en-cevennes\/\" class=\"_self\" target=\"_self\" >Carnac en C\u00e9vennes<\/a><\/h4>\n<div class=\"pt-cv-content\">Il y a des nom irr\u00e9m\u00e9diablement \u00e9vocateurs. Carnac en fait partie. Qui ne pense pas, en entendant le son de ...<br \/><div class=\"pt-cv-rmwrap\"><a href=\"https:\/\/www.reveeveille.net\/cevennevivante\/carnac-en-cevennes\/\" class=\"_self pt-cv-readmore btn btn-success\" target=\"_self\">Lire<\/a><\/div><\/div><\/div><\/div>\n<div class=\"col-md-6 col-sm-6 col-xs-12 pt-cv-content-item pt-cv-2-col\" ><div class='pt-cv-ifield'><a href=\"https:\/\/www.reveeveille.net\/cevennevivante\/une-descente-du-tarn-en-hiver\/\" class=\"_self pt-cv-href-thumbnail pt-cv-thumb-left\" target=\"_self\" ><img loading=\"lazy\" decoding=\"async\" width=\"150\" height=\"150\" src=\"https:\/\/www.reveeveille.net\/cevennevivante\/wp-content\/uploads\/2022\/12\/20220211_descente_tarn_canoe_21-150x150.jpg\" class=\"pt-cv-thumbnail pull-left\" alt=\"\" \/><\/a>\n<h4 class=\"pt-cv-title\"><a href=\"https:\/\/www.reveeveille.net\/cevennevivante\/une-descente-du-tarn-en-hiver\/\" class=\"_self\" target=\"_self\" >Une descente du Tarn en hiver<\/a><\/h4>\n<div class=\"pt-cv-content\">Le probl\u00e8me des sites touristiques, c'est qu'ils attirent beaucoup de monde. Je le comprends et l'accepte ais\u00e9ment : partout o\u00f9 ...<br \/><div class=\"pt-cv-rmwrap\"><a href=\"https:\/\/www.reveeveille.net\/cevennevivante\/une-descente-du-tarn-en-hiver\/\" class=\"_self pt-cv-readmore btn btn-success\" target=\"_self\">Lire<\/a><\/div><\/div><\/div><\/div>\n<div class=\"col-md-6 col-sm-6 col-xs-12 pt-cv-content-item pt-cv-2-col\" ><div class='pt-cv-ifield'><a href=\"https:\/\/www.reveeveille.net\/cevennevivante\/le-causse-mejean-point-culminant-de-la-terre-a-lepoque-protocambrienne\/\" class=\"_self pt-cv-href-thumbnail pt-cv-thumb-left\" target=\"_self\" ><img loading=\"lazy\" decoding=\"async\" width=\"150\" height=\"150\" src=\"https:\/\/www.reveeveille.net\/cevennevivante\/wp-content\/uploads\/2021\/08\/20061205_saint_laurent_02-150x150.jpg\" class=\"pt-cv-thumbnail pull-left\" alt=\"\" \/><\/a>\n<h4 class=\"pt-cv-title\"><a href=\"https:\/\/www.reveeveille.net\/cevennevivante\/le-causse-mejean-point-culminant-de-la-terre-a-lepoque-protocambrienne\/\" class=\"_self\" target=\"_self\" >Le causse M\u00e9jean, point culminant de la Terre \u00e0 l&rsquo;\u00e9poque Ant\u00e9protocambrienne<\/a><\/h4>\n<div class=\"pt-cv-content\">Photo : la barri\u00e8re du Causse M\u00e9jean, observ\u00e9e depuis le village de Saint Laurent de Tr\u00e8ves Le Parc National des ...<br \/><div class=\"pt-cv-rmwrap\"><a href=\"https:\/\/www.reveeveille.net\/cevennevivante\/le-causse-mejean-point-culminant-de-la-terre-a-lepoque-protocambrienne\/\" class=\"_self pt-cv-readmore btn btn-success\" target=\"_self\">Lire<\/a><\/div><\/div><\/div><\/div>\n<div class=\"col-md-6 col-sm-6 col-xs-12 pt-cv-content-item pt-cv-2-col\" ><div class='pt-cv-ifield'><a href=\"https:\/\/www.reveeveille.net\/cevennevivante\/la-plus-belle-cabine-telephonique-du-monde\/\" class=\"_self pt-cv-href-thumbnail pt-cv-thumb-left\" target=\"_self\" ><img loading=\"lazy\" decoding=\"async\" width=\"150\" height=\"150\" src=\"https:\/\/www.reveeveille.net\/cevennevivante\/wp-content\/uploads\/2021\/09\/20081213_neige_saint_laurent_03-150x150.jpg\" class=\"pt-cv-thumbnail pull-left\" alt=\"\" \/><\/a>\n<h4 class=\"pt-cv-title\"><a href=\"https:\/\/www.reveeveille.net\/cevennevivante\/la-plus-belle-cabine-telephonique-du-monde\/\" class=\"_self\" target=\"_self\" >La plus belle cabine t\u00e9l\u00e9phonique du monde<\/a><\/h4>\n<div class=\"pt-cv-content\">La p\u00e9n\u00e9tration du t\u00e9l\u00e9phone portable en C\u00e9vennes est plus lente qu'ailleurs. Certains grands op\u00e9rateurs annoncent fi\u00e8rement qu'ils couvrent tout le ...<br \/><div class=\"pt-cv-rmwrap\"><a href=\"https:\/\/www.reveeveille.net\/cevennevivante\/la-plus-belle-cabine-telephonique-du-monde\/\" class=\"_self pt-cv-readmore btn btn-success\" target=\"_self\">Lire<\/a><\/div><\/div><\/div><\/div>\n<div class=\"col-md-6 col-sm-6 col-xs-12 pt-cv-content-item pt-cv-2-col\" ><div class='pt-cv-ifield'><a href=\"https:\/\/www.reveeveille.net\/cevennevivante\/le-site-des-empreintes-de-dinosaure-de-saint-laurent-de-treves\/\" class=\"_self pt-cv-href-thumbnail pt-cv-thumb-left\" target=\"_self\" ><img loading=\"lazy\" decoding=\"async\" width=\"150\" height=\"150\" src=\"https:\/\/www.reveeveille.net\/cevennevivante\/wp-content\/uploads\/2021\/09\/20121110_saint_laurent_01-150x150.jpg\" class=\"pt-cv-thumbnail pull-left\" alt=\"\" \/><\/a>\n<h4 class=\"pt-cv-title\"><a href=\"https:\/\/www.reveeveille.net\/cevennevivante\/le-site-des-empreintes-de-dinosaure-de-saint-laurent-de-treves\/\" class=\"_self\" target=\"_self\" >Le site des empreintes de dinosaure de Saint-Laurent-de-Tr\u00e8ves<\/a><\/h4>\n<div class=\"pt-cv-content\">Le village de Saint Laurent de Tr\u00e8ves est situ\u00e9 en position avantageusement dominante au dessus de la vall\u00e9e du Tarnon, ...<br \/><div class=\"pt-cv-rmwrap\"><a href=\"https:\/\/www.reveeveille.net\/cevennevivante\/le-site-des-empreintes-de-dinosaure-de-saint-laurent-de-treves\/\" class=\"_self pt-cv-readmore btn btn-success\" target=\"_self\">Lire<\/a><\/div><\/div><\/div><\/div>\n<div class=\"col-md-6 col-sm-6 col-xs-12 pt-cv-content-item pt-cv-2-col\" ><div class='pt-cv-ifield'><a href=\"https:\/\/www.reveeveille.net\/cevennevivante\/lenceinte-protohistorique-de-la-tourelle\/\" class=\"_self pt-cv-href-thumbnail pt-cv-thumb-left\" target=\"_self\" ><img loading=\"lazy\" decoding=\"async\" width=\"150\" height=\"150\" src=\"https:\/\/www.reveeveille.net\/cevennevivante\/wp-content\/uploads\/2021\/08\/20131002_enceinte_de_la_tourelle_05-150x150.jpg\" class=\"pt-cv-thumbnail pull-left\" alt=\"\" \/><\/a>\n<h4 class=\"pt-cv-title\"><a href=\"https:\/\/www.reveeveille.net\/cevennevivante\/lenceinte-protohistorique-de-la-tourelle\/\" class=\"_self\" target=\"_self\" >L&rsquo;enceinte protohistorique de la Tourelle<\/a><\/h4>\n<div class=\"pt-cv-content\">Cette enceinte protohistorique est un peu moins impressionnante que sa s\u0153ur de Drigas, quelques kilom\u00e8tres plus au sud-est, mais elle ...<br \/><div class=\"pt-cv-rmwrap\"><a href=\"https:\/\/www.reveeveille.net\/cevennevivante\/lenceinte-protohistorique-de-la-tourelle\/\" class=\"_self pt-cv-readmore btn btn-success\" target=\"_self\">Lire<\/a><\/div><\/div><\/div><\/div>\n<div class=\"col-md-6 col-sm-6 col-xs-12 pt-cv-content-item pt-cv-2-col\" ><div class='pt-cv-ifield'><a href=\"https:\/\/www.reveeveille.net\/cevennevivante\/les-arcs-de-saint-pierre\/\" class=\"_self pt-cv-href-thumbnail pt-cv-thumb-left\" target=\"_self\" ><img loading=\"lazy\" decoding=\"async\" width=\"150\" height=\"150\" src=\"https:\/\/www.reveeveille.net\/cevennevivante\/wp-content\/uploads\/2021\/08\/20080725_arcs_de_saint_pierre_05-150x150.jpg\" class=\"pt-cv-thumbnail pull-left\" alt=\"\" \/><\/a>\n<h4 class=\"pt-cv-title\"><a href=\"https:\/\/www.reveeveille.net\/cevennevivante\/les-arcs-de-saint-pierre\/\" class=\"_self\" target=\"_self\" >Les arcs de Saint Pierre<\/a><\/h4>\n<div class=\"pt-cv-content\">Un site incroyable de diversit\u00e9 paysag\u00e8re, d'Histoire et de l\u00e9gendes... j'y reviendrai, mais allez-y faire un tour ...<br \/><div class=\"pt-cv-rmwrap\"><a href=\"https:\/\/www.reveeveille.net\/cevennevivante\/les-arcs-de-saint-pierre\/\" class=\"_self pt-cv-readmore btn btn-success\" target=\"_self\">Lire<\/a><\/div><\/div><\/div><\/div>\n<div class=\"col-md-6 col-sm-6 col-xs-12 pt-cv-content-item pt-cv-2-col\" ><div class='pt-cv-ifield'><a href=\"https:\/\/www.reveeveille.net\/cevennevivante\/la-grotte-de-cros-paillo\/\" class=\"_self pt-cv-href-thumbnail pt-cv-thumb-left\" target=\"_self\" ><img loading=\"lazy\" decoding=\"async\" width=\"150\" height=\"150\" src=\"https:\/\/www.reveeveille.net\/cevennevivante\/wp-content\/uploads\/2021\/08\/20040615_explo_grotte_avec_brunelle_bru_dans_salle_grotte-150x150.jpg\" class=\"pt-cv-thumbnail pull-left\" alt=\"\" \/><\/a>\n<h4 class=\"pt-cv-title\"><a href=\"https:\/\/www.reveeveille.net\/cevennevivante\/la-grotte-de-cros-paillo\/\" class=\"_self\" target=\"_self\" >La grotte de Cros &#8211; Paillo<\/a><\/h4>\n<div class=\"pt-cv-content\">Comment se font les choses... la premi\u00e8re fois que j'empruntais le chemin d'estive de Salgas, le hasard voulut qu'apr\u00e8s avoir ...<br \/><div class=\"pt-cv-rmwrap\"><a href=\"https:\/\/www.reveeveille.net\/cevennevivante\/la-grotte-de-cros-paillo\/\" class=\"_self pt-cv-readmore btn btn-success\" target=\"_self\">Lire<\/a><\/div><\/div><\/div><\/div>\n<div class=\"col-md-6 col-sm-6 col-xs-12 pt-cv-content-item pt-cv-2-col\" ><div class='pt-cv-ifield'><a href=\"https:\/\/www.reveeveille.net\/cevennevivante\/la-grotte-begue\/\" class=\"_self pt-cv-href-thumbnail pt-cv-thumb-left\" target=\"_self\" ><img loading=\"lazy\" decoding=\"async\" width=\"150\" height=\"150\" src=\"https:\/\/www.reveeveille.net\/cevennevivante\/wp-content\/uploads\/2022\/10\/20230719_vallon_et_grotte_du_begue_02-150x150.jpg\" class=\"pt-cv-thumbnail pull-left\" alt=\"\" \/><\/a>\n<h4 class=\"pt-cv-title\"><a href=\"https:\/\/www.reveeveille.net\/cevennevivante\/la-grotte-begue\/\" class=\"_self\" target=\"_self\" >La grotte b\u00e8gue<\/a><\/h4>\n<div class=\"pt-cv-content\">Cette grotte-ci b\u00e9gaye. Le long du chemin d'estive de Racoules, elle nous montre successivement deux ouvertures. La premi\u00e8re est faussement ...<br \/><div class=\"pt-cv-rmwrap\"><a href=\"https:\/\/www.reveeveille.net\/cevennevivante\/la-grotte-begue\/\" class=\"_self pt-cv-readmore btn btn-success\" target=\"_self\">Lire<\/a><\/div><\/div><\/div><\/div>\n<div class=\"col-md-6 col-sm-6 col-xs-12 pt-cv-content-item pt-cv-2-col\" ><div class='pt-cv-ifield'><a href=\"https:\/\/www.reveeveille.net\/cevennevivante\/le-chateau-de-blanquefort-repaire-de-brigands-ideal\/\" class=\"_self pt-cv-href-thumbnail pt-cv-thumb-left\" target=\"_self\" ><img loading=\"lazy\" decoding=\"async\" width=\"150\" height=\"150\" src=\"https:\/\/www.reveeveille.net\/cevennevivante\/wp-content\/uploads\/2021\/08\/20020610_blanquefort_vue_generale_site-150x150.jpg\" class=\"pt-cv-thumbnail pull-left\" alt=\"\" \/><\/a>\n<h4 class=\"pt-cv-title\"><a href=\"https:\/\/www.reveeveille.net\/cevennevivante\/le-chateau-de-blanquefort-repaire-de-brigands-ideal\/\" class=\"_self\" target=\"_self\" >Le ch\u00e2teau de Blanquefort, repaire de brigands id\u00e9al<\/a><\/h4>\n<div class=\"pt-cv-content\">Pour une fois, je m'attelle ici \u00e0 d\u00e9crire une destination touristique tout \u00e0 fait homologu\u00e9e. Le ch\u00e2teau de Blanquefort dispose ...<br \/><div class=\"pt-cv-rmwrap\"><a href=\"https:\/\/www.reveeveille.net\/cevennevivante\/le-chateau-de-blanquefort-repaire-de-brigands-ideal\/\" class=\"_self pt-cv-readmore btn btn-success\" target=\"_self\">Lire<\/a><\/div><\/div><\/div><\/div>\n<div class=\"col-md-6 col-sm-6 col-xs-12 pt-cv-content-item pt-cv-2-col\" ><div class='pt-cv-ifield'><a href=\"https:\/\/www.reveeveille.net\/cevennevivante\/les-badlands-dispagnac\/\" class=\"_self pt-cv-href-thumbnail pt-cv-thumb-left\" target=\"_self\" ><img loading=\"lazy\" decoding=\"async\" width=\"150\" height=\"150\" src=\"https:\/\/www.reveeveille.net\/cevennevivante\/wp-content\/uploads\/2021\/08\/20081204_fossiles_espinard_vincent_melodie_08-150x150.jpg\" class=\"pt-cv-thumbnail pull-left\" alt=\"\" \/><\/a>\n<h4 class=\"pt-cv-title\"><a href=\"https:\/\/www.reveeveille.net\/cevennevivante\/les-badlands-dispagnac\/\" class=\"_self\" target=\"_self\" >Les badlands d&rsquo;Ispagnac<\/a><\/h4>\n<div class=\"pt-cv-content\">J'a-do-re les paysages secs et \u00e9rod\u00e9s. Comme dans les westerns. Les \"arroyos\" (lits de petites rivi\u00e8res temporaires), les strates de ...<br \/><div class=\"pt-cv-rmwrap\"><a href=\"https:\/\/www.reveeveille.net\/cevennevivante\/les-badlands-dispagnac\/\" class=\"_self pt-cv-readmore btn btn-success\" target=\"_self\">Lire<\/a><\/div><\/div><\/div><\/div>\n<div class=\"col-md-6 col-sm-6 col-xs-12 pt-cv-content-item pt-cv-2-col\" ><div class='pt-cv-ifield'><a href=\"https:\/\/www.reveeveille.net\/cevennevivante\/les-baumes-chaudes\/\" class=\"_self pt-cv-href-thumbnail pt-cv-thumb-left\" target=\"_self\" ><img loading=\"lazy\" decoding=\"async\" width=\"150\" height=\"150\" src=\"https:\/\/www.reveeveille.net\/cevennevivante\/wp-content\/uploads\/2021\/08\/20080417_baumes_chaudes_02-150x150.jpg\" class=\"pt-cv-thumbnail pull-left\" alt=\"\" \/><\/a>\n<h4 class=\"pt-cv-title\"><a href=\"https:\/\/www.reveeveille.net\/cevennevivante\/les-baumes-chaudes\/\" class=\"_self\" target=\"_self\" >Les baumes chaudes<\/a><\/h4>\n<div class=\"pt-cv-content\">La grotte des baumes chaudes est un endroit \u00e9tonnant. Dans cette grotte facile d'acc\u00e8s, situ\u00e9e sous le rebord sud du ...<br \/><div class=\"pt-cv-rmwrap\"><a href=\"https:\/\/www.reveeveille.net\/cevennevivante\/les-baumes-chaudes\/\" class=\"_self pt-cv-readmore btn btn-success\" target=\"_self\">Lire<\/a><\/div><\/div><\/div><\/div><\/div><\/div>\n<div class=\" pt-cv-pagination-wrapper\"><ul class=\"pt-cv-pagination pt-cv-ajax pagination\" data-totalpages=\"3\" data-currentpage=\"1\" data-sid=\"a0336edc1r\" data-unid=\"\" data-isblock=\"\" data-postid=\"\"><li class=\"active\"><a href=\"#\">1<\/a><\/li>\n\t<li ><a class=\"\" href=\"https:\/\/www.reveeveille.net\/cevennevivante\/wp-json\/wp\/v2\/pages\/1699\/?_page=2\">2<\/a><\/li>\n\t<li ><a class=\"\" href=\"https:\/\/www.reveeveille.net\/cevennevivante\/wp-json\/wp\/v2\/pages\/1699\/?_page=3\">3<\/a><\/li>\n\t<li ><a class=\" \" href=\"https:\/\/www.reveeveille.net\/cevennevivante\/wp-json\/wp\/v2\/pages\/1699\/?_page=2\">&rsaquo;<\/a><\/li>\n\t<\/ul><img loading=\"lazy\" decoding=\"async\" width=\"15\" height=\"15\" class=\"pt-cv-spinner\" alt=\"Chargement\u2026\" src=\"data:image\/gif;base64,R0lGODlhDwAPALMPAMrKygwMDJOTkz09PZWVla+vr3p6euTk5M7OzuXl5TMzMwAAAJmZmWZmZszMzP\/\/\/yH\/C05FVFNDQVBFMi4wAwEAAAAh+QQFCgAPACwAAAAADwAPAAAEQvDJaZaZOIcV8iQK8VRX4iTYoAwZ4iCYoAjZ4RxejhVNoT+mRGP4cyF4Pp0N98sBGIBMEMOotl6YZ3S61Bmbkm4mAgAh+QQFCgAPACwAAAAADQANAAAENPDJSRSZeA418itN8QiK8BiLITVsFiyBBIoYqnoewAD4xPw9iY4XLGYSjkQR4UAUD45DLwIAIfkEBQoADwAsAAAAAA8ACQAABC\/wyVlamTi3nSdgwFNdhEJgTJoNyoB9ISYoQmdjiZPcj7EYCAeCF1gEDo4Dz2eIAAAh+QQFCgAPACwCAAAADQANAAAEM\/DJBxiYeLKdX3IJZT1FU0iIg2RNKx3OkZVnZ98ToRD4MyiDnkAh6BkNC0MvsAj0kMpHBAAh+QQFCgAPACwGAAAACQAPAAAEMDC59KpFDll73HkAA2wVY5KgiK5b0RRoI6MuzG6EQqCDMlSGheEhUAgqgUUAFRySIgAh+QQFCgAPACwCAAIADQANAAAEM\/DJKZNLND\/kkKaHc3xk+QAMYDKsiaqmZCxGVjSFFCxB1vwy2oOgIDxuucxAMTAJFAJNBAAh+QQFCgAPACwAAAYADwAJAAAEMNAs86q1yaWwwv2Ig0jUZx3OYa4XoRAfwADXoAwfo1+CIjyFRuEho60aSNYlOPxEAAAh+QQFCgAPACwAAAIADQANAAAENPA9s4y8+IUVcqaWJ4qEQozSoAzoIyhCK2NFU2SJk0hNnyEOhKR2AzAAj4Pj4GE4W0bkJQIAOw==\" \/><div class=\"clear pt-cv-clear-pagination\"><\/div><\/div><\/div>\n","protected":false},"excerpt":{"rendered":"","protected":false},"author":3,"featured_media":0,"parent":0,"menu_order":0,"comment_status":"closed","ping_status":"closed","template":"","meta":{"footnotes":""},"class_list":["post-1699","page","type-page","status-publish","hentry"],"jetpack_sharing_enabled":true,"_links":{"self":[{"href":"https:\/\/www.reveeveille.net\/cevennevivante\/wp-json\/wp\/v2\/pages\/1699","targetHints":{"allow":["GET"]}}],"collection":[{"href":"https:\/\/www.reveeveille.net\/cevennevivante\/wp-json\/wp\/v2\/pages"}],"about":[{"href":"https:\/\/www.reveeveille.net\/cevennevivante\/wp-json\/wp\/v2\/types\/page"}],"author":[{"embeddable":true,"href":"https:\/\/www.reveeveille.net\/cevennevivante\/wp-json\/wp\/v2\/users\/3"}],"replies":[{"embeddable":true,"href":"https:\/\/www.reveeveille.net\/cevennevivante\/wp-json\/wp\/v2\/comments?post=1699"}],"version-history":[{"count":2,"href":"https:\/\/www.reveeveille.net\/cevennevivante\/wp-json\/wp\/v2\/pages\/1699\/revisions"}],"predecessor-version":[{"id":2083,"href":"https:\/\/www.reveeveille.net\/cevennevivante\/wp-json\/wp\/v2\/pages\/1699\/revisions\/2083"}],"wp:attachment":[{"href":"https:\/\/www.reveeveille.net\/cevennevivante\/wp-json\/wp\/v2\/media?parent=1699"}],"curies":[{"name":"wp","href":"https:\/\/api.w.org\/{rel}","templated":true}]}}