{"id":389,"date":"2021-02-11T18:32:54","date_gmt":"2021-02-11T17:32:54","guid":{"rendered":"http:\/\/www.reveeveille.net\/cevennevivante\/wordpress\/?page_id=389"},"modified":"2021-10-31T20:50:49","modified_gmt":"2021-10-31T20:50:49","slug":"recits-et-histoires","status":"publish","type":"page","link":"https:\/\/www.reveeveille.net\/candelhospitalet\/recits-et-histoires\/","title":{"rendered":"R\u00e9cits et histoires"},"content":{"rendered":"\n<p>Bienvenue dans la rubrique des \u00ab\u00a0R\u00e9cits et histoires\u00a0\u00bb. Sous ce terme j&rsquo;ai regroup\u00e9 tout ce qui, de pr\u00e8s ou de loin, ressemble \u00e0 une histoire. J&rsquo;essaie d&rsquo;y livrer quelque chose de plus que de la simple information&#8230; quelque chose qui pourrait (dans mes r\u00eaves) ressembler \u00e0 un style d&rsquo;\u00e9criture, ou du suspense, ou d&rsquo;autres choses qui sont cens\u00e9es apporter du plaisir \u00e0 un lecteur. Vous me direz si c&rsquo;est un tout petit peu r\u00e9ussi.<\/p>\n\n\n\n<p>Selon le cas, soit j&rsquo;ai tout invent\u00e9, soit je suis parti d&rsquo;une observation r\u00e9elle, d&rsquo;une personne qui existe quelque part, d&rsquo;un lieu qui me touche et j&rsquo;ai d\u00e9riv\u00e9, soit c&rsquo;est du tout vrai mais j&rsquo;essaie de le traiter comme un r\u00e9cit. Le ton peut \u00eatre po\u00e9tique, d\u00e9lirant, pince sans rire&#8230; je m&rsquo;essaie \u00e0 tout ce qui me passe par la t\u00eate. Pour l&rsquo;essentiel, \u00e7a ne r\u00e9volutionnera probablement pas les canons de l&rsquo;\u00e9criture. Mais \u00e7a m&rsquo;\u00e9clate. Bon voyage !<\/p>\n\n\n<div class=\"pt-cv-wrapper\"><div class=\"pt-cv-view pt-cv-grid pt-cv-colsys\" id=\"pt-cv-view-44a0e73pio\"><div data-id=\"pt-cv-page-1\" class=\"pt-cv-page\" data-cvc=\"2\"><div class=\"col-md-6 col-sm-6 col-xs-12 pt-cv-content-item pt-cv-2-col\" ><div class='pt-cv-ifield'><a href=\"https:\/\/www.reveeveille.net\/candelhospitalet\/la-fileuse-de-vebron\/\" class=\"_self pt-cv-href-thumbnail pt-cv-thumb-left\" target=\"_self\" ><img loading=\"lazy\" decoding=\"async\" width=\"150\" height=\"150\" src=\"https:\/\/www.reveeveille.net\/candelhospitalet\/wp-content\/uploads\/2021\/07\/20100418_baume_dolente_claire_et_julien_sandra_et_pierre_17-150x150.jpg\" class=\"pt-cv-thumbnail pull-left\" alt=\"\" \/><\/a>\n<h4 class=\"pt-cv-title\"><a href=\"https:\/\/www.reveeveille.net\/candelhospitalet\/la-fileuse-de-vebron\/\" class=\"_self\" target=\"_self\" >La fileuse de V\u00e9bron<\/a><\/h4>\n<div class=\"pt-cv-content\">L'un des rochers de la couronne du vallon de Baumale, au dessus de la grotte de Baume Dolente et non ...<br \/><div class=\"pt-cv-rmwrap\"><a href=\"https:\/\/www.reveeveille.net\/candelhospitalet\/la-fileuse-de-vebron\/\" class=\"_self pt-cv-readmore btn btn-success\" target=\"_self\">Lire<\/a><\/div><\/div><\/div><\/div>\n<div class=\"col-md-6 col-sm-6 col-xs-12 pt-cv-content-item pt-cv-2-col\" ><div class='pt-cv-ifield'><a href=\"https:\/\/www.reveeveille.net\/candelhospitalet\/sept-tableaux-pour-la-draille\/\" class=\"_self pt-cv-href-thumbnail pt-cv-thumb-left\" target=\"_self\" ><img loading=\"lazy\" decoding=\"async\" width=\"150\" height=\"150\" src=\"https:\/\/www.reveeveille.net\/candelhospitalet\/wp-content\/uploads\/2021\/07\/20060918_brebis_combe_02-150x150.jpg\" class=\"pt-cv-thumbnail pull-left\" alt=\"\" \/><\/a>\n<h4 class=\"pt-cv-title\"><a href=\"https:\/\/www.reveeveille.net\/candelhospitalet\/sept-tableaux-pour-la-draille\/\" class=\"_self\" target=\"_self\" >Sept tableaux pour la draille<\/a><\/h4>\n<div class=\"pt-cv-content\">Le jour de mes 12 ans, mes parents m'ont emmen\u00e9 voir ma premi\u00e8re transhumance. Je vous vois sourire... je comprend ...<br \/><div class=\"pt-cv-rmwrap\"><a href=\"https:\/\/www.reveeveille.net\/candelhospitalet\/sept-tableaux-pour-la-draille\/\" class=\"_self pt-cv-readmore btn btn-success\" target=\"_self\">Lire<\/a><\/div><\/div><\/div><\/div>\n<div class=\"col-md-6 col-sm-6 col-xs-12 pt-cv-content-item pt-cv-2-col\" ><div class='pt-cv-ifield'><a href=\"https:\/\/www.reveeveille.net\/candelhospitalet\/la-chapelle-magique\/\" class=\"_self pt-cv-href-thumbnail pt-cv-thumb-left\" target=\"_self\" ><img loading=\"lazy\" decoding=\"async\" width=\"150\" height=\"150\" src=\"https:\/\/www.reveeveille.net\/candelhospitalet\/wp-content\/uploads\/2021\/07\/20051106_can_hospitalet_vestiges_chapelle_hospitalet-150x150.jpg\" class=\"pt-cv-thumbnail pull-left\" alt=\"\" \/><\/a>\n<h4 class=\"pt-cv-title\"><a href=\"https:\/\/www.reveeveille.net\/candelhospitalet\/la-chapelle-magique\/\" class=\"_self\" target=\"_self\" >La chapelle magique<\/a><\/h4>\n<div class=\"pt-cv-content\">Certains pr\u00e9tendent que la can de l'Hospitalet est un endroit oubli\u00e9 de Dieu. Enfonc\u00e9s dans les fauteuils profonds de leurs ...<br \/><div class=\"pt-cv-rmwrap\"><a href=\"https:\/\/www.reveeveille.net\/candelhospitalet\/la-chapelle-magique\/\" class=\"_self pt-cv-readmore btn btn-success\" target=\"_self\">Lire<\/a><\/div><\/div><\/div><\/div><\/div><\/div><\/div>\n","protected":false},"excerpt":{"rendered":"<p>Bienvenue dans la rubrique des \u00ab\u00a0R\u00e9cits et histoires\u00a0\u00bb. Sous ce terme j&rsquo;ai regroup\u00e9 tout ce qui, de pr\u00e8s ou de loin, ressemble \u00e0 une histoire. J&rsquo;essaie d&rsquo;y livrer quelque chose&hellip; <\/p>\n","protected":false},"author":3,"featured_media":0,"parent":0,"menu_order":0,"comment_status":"closed","ping_status":"closed","template":"","meta":{"_monsterinsights_skip_tracking":false,"_monsterinsights_sitenote_active":false,"_monsterinsights_sitenote_note":"","_monsterinsights_sitenote_category":0,"footnotes":""},"class_list":["post-389","page","type-page","status-publish","hentry"],"_links":{"self":[{"href":"https:\/\/www.reveeveille.net\/candelhospitalet\/wp-json\/wp\/v2\/pages\/389","targetHints":{"allow":["GET"]}}],"collection":[{"href":"https:\/\/www.reveeveille.net\/candelhospitalet\/wp-json\/wp\/v2\/pages"}],"about":[{"href":"https:\/\/www.reveeveille.net\/candelhospitalet\/wp-json\/wp\/v2\/types\/page"}],"author":[{"embeddable":true,"href":"https:\/\/www.reveeveille.net\/candelhospitalet\/wp-json\/wp\/v2\/users\/3"}],"replies":[{"embeddable":true,"href":"https:\/\/www.reveeveille.net\/candelhospitalet\/wp-json\/wp\/v2\/comments?post=389"}],"version-history":[{"count":1,"href":"https:\/\/www.reveeveille.net\/candelhospitalet\/wp-json\/wp\/v2\/pages\/389\/revisions"}],"predecessor-version":[{"id":3158,"href":"https:\/\/www.reveeveille.net\/candelhospitalet\/wp-json\/wp\/v2\/pages\/389\/revisions\/3158"}],"wp:attachment":[{"href":"https:\/\/www.reveeveille.net\/candelhospitalet\/wp-json\/wp\/v2\/media?parent=389"}],"curies":[{"name":"wp","href":"https:\/\/api.w.org\/{rel}","templated":true}]}}