{"id":264,"date":"2021-01-30T07:43:06","date_gmt":"2021-01-30T06:43:06","guid":{"rendered":"http:\/\/www.reveeveille.net\/cevennevivante\/wordpress\/?page_id=264"},"modified":"2021-10-31T20:41:03","modified_gmt":"2021-10-31T20:41:03","slug":"lesprit-des-lieux","status":"publish","type":"page","link":"https:\/\/www.reveeveille.net\/candelhospitalet\/lesprit-des-lieux\/","title":{"rendered":"L&rsquo;esprit des lieux"},"content":{"rendered":"\n<p>Qu&rsquo;est-ce qui fait que \u00ab\u00a0Ici, c&rsquo;est pas comme ailleurs\u00a0\u00bb ? Avant de se plonger plus avant dans le d\u00e9tail de ce pays passionnant, voici quelques regards g\u00e9n\u00e9raux, tr\u00e8s personnels et subjectifs, et donc forc\u00e9ment peu pr\u00e9cis, partiaux, caricaturaux et \u00e9nervants sur les C\u00e9vennes et la Loz\u00e8re.<\/p>\n\n\n<div class=\"pt-cv-wrapper\"><div class=\"pt-cv-view pt-cv-grid pt-cv-colsys\" id=\"pt-cv-view-b6d0ee0294\"><div data-id=\"pt-cv-page-1\" class=\"pt-cv-page\" data-cvc=\"2\"><div class=\"col-md-6 col-sm-12 col-xs-12 pt-cv-content-item pt-cv-2-col\" ><div class='pt-cv-ifield'><a href=\"https:\/\/www.reveeveille.net\/candelhospitalet\/pourquoi-ce-site\/\" class=\"_self pt-cv-href-thumbnail pt-cv-thumb-left\" target=\"_self\" ><img loading=\"lazy\" decoding=\"async\" width=\"150\" height=\"150\" src=\"https:\/\/www.reveeveille.net\/candelhospitalet\/wp-content\/uploads\/2021\/07\/20060824-Roger-Lagrave-sur-lun-des-puechs-des-Bondons-lors-du-congres-de-mythologie-2006-a-Florac-150x150.jpg\" class=\"pt-cv-thumbnail pull-left\" alt=\"\" \/><\/a>\n<h4 class=\"pt-cv-title\"><a href=\"https:\/\/www.reveeveille.net\/candelhospitalet\/pourquoi-ce-site\/\" class=\"_self\" target=\"_self\" >Pourquoi ce site ?<\/a><\/h4>\n<div class=\"pt-cv-content\">Il se trouve que j'habite au pied de la Can de l'Hospitalet, et \u00e0 ce titre elle m'int\u00e9resse tout particuli\u00e8rement, ...<br \/><div class=\"pt-cv-rmwrap\"><a href=\"https:\/\/www.reveeveille.net\/candelhospitalet\/pourquoi-ce-site\/\" class=\"_self pt-cv-readmore btn btn-success\" target=\"_self\">Lire<\/a><\/div><\/div><\/div><\/div>\n<div class=\"col-md-6 col-sm-12 col-xs-12 pt-cv-content-item pt-cv-2-col\" ><div class='pt-cv-ifield'><a href=\"https:\/\/www.reveeveille.net\/candelhospitalet\/quest-ce-quun-ou-une-can-ou-cham\/\" class=\"_self pt-cv-href-thumbnail pt-cv-thumb-left\" target=\"_self\" ><img loading=\"lazy\" decoding=\"async\" width=\"150\" height=\"150\" src=\"https:\/\/www.reveeveille.net\/candelhospitalet\/wp-content\/uploads\/2021\/07\/20031218_balade_au_gargo_can_de_tardo_penche-150x150.jpg\" class=\"pt-cv-thumbnail pull-left\" alt=\"\" \/><\/a>\n<h4 class=\"pt-cv-title\"><a href=\"https:\/\/www.reveeveille.net\/candelhospitalet\/quest-ce-quun-ou-une-can-ou-cham\/\" class=\"_self\" target=\"_self\" >Qu&rsquo;est-ce qu&rsquo;un (ou une) \u00ab\u00a0can\u00a0\u00bb (ou \u00ab\u00a0cham\u00a0\u00bb)<\/a><\/h4>\n<div class=\"pt-cv-content\">J'ai lu ou entendu plusieurs explications \u00e9tymologiques du terme \"can\". Pour certains, il se rapprocherait de la racine latine calcia ...<br \/><div class=\"pt-cv-rmwrap\"><a href=\"https:\/\/www.reveeveille.net\/candelhospitalet\/quest-ce-quun-ou-une-can-ou-cham\/\" class=\"_self pt-cv-readmore btn btn-success\" target=\"_self\">Lire<\/a><\/div><\/div><\/div><\/div>\n<div class=\"col-md-6 col-sm-12 col-xs-12 pt-cv-content-item pt-cv-2-col\" ><div class='pt-cv-ifield'><a href=\"https:\/\/www.reveeveille.net\/candelhospitalet\/les-communes-de-la-can-de-lhospitalet\/\" class=\"_self pt-cv-href-thumbnail pt-cv-thumb-left\" target=\"_self\" ><img loading=\"lazy\" decoding=\"async\" width=\"150\" height=\"150\" src=\"https:\/\/www.reveeveille.net\/candelhospitalet\/wp-content\/uploads\/2021\/07\/19000101_site_cevennes_communes_can-150x150.jpg\" class=\"pt-cv-thumbnail pull-left\" alt=\"\" \/><\/a>\n<h4 class=\"pt-cv-title\"><a href=\"https:\/\/www.reveeveille.net\/candelhospitalet\/les-communes-de-la-can-de-lhospitalet\/\" class=\"_self\" target=\"_self\" >Les communes de la can de l&rsquo;Hospitalet<\/a><\/h4>\n<div class=\"pt-cv-content\">Depuis 2016 et la vague de fusions, 7 communes poss\u00e8dent des portions de territoire sur les plateaux des cans. Ce ...<br \/><div class=\"pt-cv-rmwrap\"><a href=\"https:\/\/www.reveeveille.net\/candelhospitalet\/les-communes-de-la-can-de-lhospitalet\/\" class=\"_self pt-cv-readmore btn btn-success\" target=\"_self\">Lire<\/a><\/div><\/div><\/div><\/div>\n<div class=\"col-md-6 col-sm-12 col-xs-12 pt-cv-content-item pt-cv-2-col\" ><div class='pt-cv-ifield'><a href=\"https:\/\/www.reveeveille.net\/candelhospitalet\/la-can-de-lhospitalet-presentation-generale\/\" class=\"_self pt-cv-href-thumbnail pt-cv-thumb-left\" target=\"_self\" ><img loading=\"lazy\" decoding=\"async\" width=\"150\" height=\"150\" src=\"https:\/\/www.reveeveille.net\/candelhospitalet\/wp-content\/uploads\/2021\/07\/20041102_saint_laurent_arbre_isole_can-150x150.jpg\" class=\"pt-cv-thumbnail pull-left\" alt=\"\" \/><\/a>\n<h4 class=\"pt-cv-title\"><a href=\"https:\/\/www.reveeveille.net\/candelhospitalet\/la-can-de-lhospitalet-presentation-generale\/\" class=\"_self\" target=\"_self\" >La can de l&rsquo;Hospitalet, pr\u00e9sentation g\u00e9n\u00e9rale<\/a><\/h4>\n<div class=\"pt-cv-content\">La can de l'Hospitalet (ou \"cham\", ou \"chaume\" de l'Hospitalet) est un petit plateau calcaire pos\u00e9 sur le schiste, d\u00e9limit\u00e9e ...<br \/><div class=\"pt-cv-rmwrap\"><a href=\"https:\/\/www.reveeveille.net\/candelhospitalet\/la-can-de-lhospitalet-presentation-generale\/\" class=\"_self pt-cv-readmore btn btn-success\" target=\"_self\">Lire<\/a><\/div><\/div><\/div><\/div>\n<div class=\"col-md-6 col-sm-12 col-xs-12 pt-cv-content-item pt-cv-2-col\" ><div class='pt-cv-ifield'><a href=\"https:\/\/www.reveeveille.net\/candelhospitalet\/quelques-oeuvres-artistiques-ou-litteraires-sur-les-cevennes\/\" class=\"_self pt-cv-href-thumbnail pt-cv-thumb-left\" target=\"_self\" ><img loading=\"lazy\" decoding=\"async\" width=\"150\" height=\"150\" src=\"https:\/\/www.reveeveille.net\/candelhospitalet\/wp-content\/uploads\/2021\/07\/epervier_de_maheux-150x150.jpeg\" class=\"pt-cv-thumbnail pull-left\" alt=\"\" \/><\/a>\n<h4 class=\"pt-cv-title\"><a href=\"https:\/\/www.reveeveille.net\/candelhospitalet\/quelques-oeuvres-artistiques-ou-litteraires-sur-les-cevennes\/\" class=\"_self\" target=\"_self\" >Quelques \u0153uvres artistiques ou litt\u00e9raires sur la can de l&rsquo;Hospitalet<\/a><\/h4>\n<div class=\"pt-cv-content\">Les paysages, les personnalit\u00e9s, l'histoire et la culture c\u00e9venols ont inspir\u00e9 des artistes et r\u00e9alisateurs de tous poils. Voici quelques ...<br \/><div class=\"pt-cv-rmwrap\"><a href=\"https:\/\/www.reveeveille.net\/candelhospitalet\/quelques-oeuvres-artistiques-ou-litteraires-sur-les-cevennes\/\" class=\"_self pt-cv-readmore btn btn-success\" target=\"_self\">Lire<\/a><\/div><\/div><\/div><\/div>\n<div class=\"col-md-6 col-sm-12 col-xs-12 pt-cv-content-item pt-cv-2-col\" ><div class='pt-cv-ifield'><a href=\"https:\/\/www.reveeveille.net\/candelhospitalet\/la-can-de-lhospitalet-une-chaussee-naturelle-bien-pratique-mais-dangereuse\/\" class=\"_self pt-cv-href-thumbnail pt-cv-thumb-left\" target=\"_self\" ><img loading=\"lazy\" decoding=\"async\" width=\"150\" height=\"150\" src=\"https:\/\/www.reveeveille.net\/candelhospitalet\/wp-content\/uploads\/2021\/07\/20031218_balade_au_gargo_alpes_par_dessus_cevennes-150x150.jpg\" class=\"pt-cv-thumbnail pull-left\" alt=\"\" \/><\/a>\n<h4 class=\"pt-cv-title\"><a href=\"https:\/\/www.reveeveille.net\/candelhospitalet\/la-can-de-lhospitalet-une-chaussee-naturelle-bien-pratique-mais-dangereuse\/\" class=\"_self\" target=\"_self\" >La can de l&rsquo;Hospitalet, une chauss\u00e9e naturelle bien pratique&#8230; mais dangereuse<\/a><\/h4>\n<div class=\"pt-cv-content\">Un lieu bien pratique pour voyager... \"Lorsque j'entends ou lorsque je lis le nom de Can de l'Hospitalet, je revois, ...<br \/><div class=\"pt-cv-rmwrap\"><a href=\"https:\/\/www.reveeveille.net\/candelhospitalet\/la-can-de-lhospitalet-une-chaussee-naturelle-bien-pratique-mais-dangereuse\/\" class=\"_self pt-cv-readmore btn btn-success\" target=\"_self\">Lire<\/a><\/div><\/div><\/div><\/div><\/div><\/div><\/div>\n","protected":false},"excerpt":{"rendered":"<p>Qu&rsquo;est-ce qui fait que \u00ab\u00a0Ici, c&rsquo;est pas comme ailleurs\u00a0\u00bb ? Avant de se plonger plus avant dans le d\u00e9tail de ce pays passionnant, voici quelques regards g\u00e9n\u00e9raux, tr\u00e8s personnels et&hellip; <\/p>\n","protected":false},"author":3,"featured_media":0,"parent":0,"menu_order":0,"comment_status":"closed","ping_status":"closed","template":"","meta":{"footnotes":""},"class_list":["post-264","page","type-page","status-publish","hentry"],"_links":{"self":[{"href":"https:\/\/www.reveeveille.net\/candelhospitalet\/wp-json\/wp\/v2\/pages\/264","targetHints":{"allow":["GET"]}}],"collection":[{"href":"https:\/\/www.reveeveille.net\/candelhospitalet\/wp-json\/wp\/v2\/pages"}],"about":[{"href":"https:\/\/www.reveeveille.net\/candelhospitalet\/wp-json\/wp\/v2\/types\/page"}],"author":[{"embeddable":true,"href":"https:\/\/www.reveeveille.net\/candelhospitalet\/wp-json\/wp\/v2\/users\/3"}],"replies":[{"embeddable":true,"href":"https:\/\/www.reveeveille.net\/candelhospitalet\/wp-json\/wp\/v2\/comments?post=264"}],"version-history":[{"count":1,"href":"https:\/\/www.reveeveille.net\/candelhospitalet\/wp-json\/wp\/v2\/pages\/264\/revisions"}],"predecessor-version":[{"id":3150,"href":"https:\/\/www.reveeveille.net\/candelhospitalet\/wp-json\/wp\/v2\/pages\/264\/revisions\/3150"}],"wp:attachment":[{"href":"https:\/\/www.reveeveille.net\/candelhospitalet\/wp-json\/wp\/v2\/media?parent=264"}],"curies":[{"name":"wp","href":"https:\/\/api.w.org\/{rel}","templated":true}]}}